{"id":818,"date":"2025-06-21T00:22:57","date_gmt":"2025-06-21T00:22:57","guid":{"rendered":"https:\/\/novo.alisonandreistudio.com\/?page_id=818"},"modified":"2025-06-22T03:11:41","modified_gmt":"2025-06-22T03:11:41","slug":"licenciamento","status":"publish","type":"page","link":"https:\/\/alisonandreistudio.com\/en\/licenciamento\/","title":{"rendered":"Licensing"},"content":{"rendered":"<div data-elementor-type=\"wp-page\" data-elementor-id=\"818\" class=\"elementor elementor-818\" data-elementor-post-type=\"page\">\n\t\t\t\t<div class=\"elementor-element elementor-element-cd99b8f e-flex e-con-boxed e-con e-parent\" data-id=\"cd99b8f\" data-element_type=\"container\" data-e-type=\"container\">\n\t\t\t\t\t<div class=\"e-con-inner\">\n\t\t\t\t<div class=\"elementor-element elementor-element-0e90e1c elementor-widget elementor-widget-heading\" data-id=\"0e90e1c\" data-element_type=\"widget\" data-e-type=\"widget\" data-widget_type=\"heading.default\">\n\t\t\t\t<div class=\"elementor-widget-container\">\n\t\t\t\t\t<h2 class=\"elementor-heading-title elementor-size-default\">Licensing of Comic Strips for Textbooks, Magazines and Educational Media<\/h2>\t\t\t\t<\/div>\n\t\t\t\t<\/div>\n\t\t\t\t\t<\/div>\n\t\t\t\t<\/div>\n\t\t<div class=\"elementor-element elementor-element-13c3f47 e-flex e-con-boxed e-con e-parent\" data-id=\"13c3f47\" data-element_type=\"container\" data-e-type=\"container\">\n\t\t\t\t\t<div class=\"e-con-inner\">\n\t\t\t\t<div class=\"elementor-element elementor-element-26f3d49 elementor-widget elementor-widget-gallery\" data-id=\"26f3d49\" data-element_type=\"widget\" data-e-type=\"widget\" data-settings=\"{&quot;gallery_layout&quot;:&quot;masonry&quot;,&quot;columns&quot;:2,&quot;lazyload&quot;:&quot;yes&quot;,&quot;columns_tablet&quot;:2,&quot;columns_mobile&quot;:1,&quot;gap&quot;:{&quot;unit&quot;:&quot;px&quot;,&quot;size&quot;:10,&quot;sizes&quot;:[]},&quot;gap_tablet&quot;:{&quot;unit&quot;:&quot;px&quot;,&quot;size&quot;:10,&quot;sizes&quot;:[]},&quot;gap_mobile&quot;:{&quot;unit&quot;:&quot;px&quot;,&quot;size&quot;:10,&quot;sizes&quot;:[]},&quot;link_to&quot;:&quot;file&quot;,&quot;overlay_background&quot;:&quot;yes&quot;,&quot;content_hover_animation&quot;:&quot;fade-in&quot;}\" data-widget_type=\"gallery.default\">\n\t\t\t\t<div class=\"elementor-widget-container\">\n\t\t\t\t\t\t\t<div class=\"elementor-gallery__container\">\n\t\t\t\t\t\t\t<a class=\"e-gallery-item elementor-gallery-item elementor-animated-content\" href=\"https:\/\/alisonandreistudio.com\/wp-content\/uploads\/2025\/06\/Alfredo-livro-copiar-2.jpg\" data-elementor-open-lightbox=\"yes\" data-elementor-lightbox-slideshow=\"26f3d49\" data-e-action-hash=\"#elementor-action%3Aaction%3Dlightbox%26settings%3DeyJpZCI6ODIyLCJ1cmwiOiJodHRwczpcL1wvYWxpc29uYW5kcmVpc3R1ZGlvLmNvbVwvd3AtY29udGVudFwvdXBsb2Fkc1wvMjAyNVwvMDZcL0FsZnJlZG8tbGl2cm8tY29waWFyLTIuanBnIiwic2xpZGVzaG93IjoiMjZmM2Q0OSJ9\">\n\t\t\t\t\t<div class=\"e-gallery-image elementor-gallery-item__image\" data-thumbnail=\"https:\/\/alisonandreistudio.com\/wp-content\/uploads\/2025\/06\/Alfredo-livro-copiar-2.jpg\" data-width=\"1000\" data-height=\"340\" aria-label=\"\" role=\"img\" ><\/div>\n\t\t\t\t\t\t\t\t\t\t\t<div class=\"elementor-gallery-item__overlay\"><\/div>\n\t\t\t\t\t\t\t\t\t\t\t\t\t\t<\/a>\n\t\t\t\t\t\t\t<a class=\"e-gallery-item elementor-gallery-item elementor-animated-content\" href=\"https:\/\/alisonandreistudio.com\/wp-content\/uploads\/2025\/06\/poka-licenciamento.jpg\" data-elementor-open-lightbox=\"yes\" data-elementor-lightbox-slideshow=\"26f3d49\" data-e-action-hash=\"#elementor-action%3Aaction%3Dlightbox%26settings%3DeyJpZCI6ODIzLCJ1cmwiOiJodHRwczpcL1wvYWxpc29uYW5kcmVpc3R1ZGlvLmNvbVwvd3AtY29udGVudFwvdXBsb2Fkc1wvMjAyNVwvMDZcL3Bva2EtbGljZW5jaWFtZW50by5qcGciLCJzbGlkZXNob3ciOiIyNmYzZDQ5In0%3D\">\n\t\t\t\t\t<div class=\"e-gallery-image elementor-gallery-item__image\" data-thumbnail=\"https:\/\/alisonandreistudio.com\/wp-content\/uploads\/2025\/06\/poka-licenciamento.jpg\" data-width=\"1000\" data-height=\"340\" aria-label=\"\" role=\"img\" ><\/div>\n\t\t\t\t\t\t\t\t\t\t\t<div class=\"elementor-gallery-item__overlay\"><\/div>\n\t\t\t\t\t\t\t\t\t\t\t\t\t\t<\/a>\n\t\t\t\t\t<\/div>\n\t\t\t\t\t<\/div>\n\t\t\t\t<\/div>\n\t\t\t\t\t<\/div>\n\t\t\t\t<\/div>\n\t\t<div class=\"elementor-element elementor-element-e04961e e-flex e-con-boxed e-con e-parent\" data-id=\"e04961e\" data-element_type=\"container\" data-e-type=\"container\">\n\t\t\t\t\t<div class=\"e-con-inner\">\n\t\t\t\t<div class=\"elementor-element elementor-element-de9c8fb elementor-widget elementor-widget-text-editor\" data-id=\"de9c8fb\" data-element_type=\"widget\" data-e-type=\"widget\" data-widget_type=\"text-editor.default\">\n\t\t\t\t<div class=\"elementor-widget-container\">\n\t\t\t\t\t\t\t\t\t<p data-start=\"358\" data-end=\"817\">As tirinhas <strong data-start=\"370\" data-end=\"381\">Alfredo<\/strong> and <strong data-start=\"384\" data-end=\"399\">ShortShade<\/strong> are available for editorial licensing in textbooks, supplementary textbooks, simulations, magazines, newspapers, educational websites, assessments and other products of an educational or commercial nature.<br data-start=\"597\" data-end=\"600\" \/>Both series address themes such as behavior, creativity, human relations, diversity and language, using <strong data-start=\"718\" data-end=\"776\">light humor as a tool for transformation and reflection<\/strong> \u2013 always with respect for the reading public.<\/p><p data-start=\"819\" data-end=\"1015\">Essas tiras j\u00e1 foram licenciadas por grandes editoras do pa\u00eds e seguem crescendo como conte\u00fado educacional sens\u00edvel, acess\u00edvel e de alta identifica\u00e7\u00e3o com crian\u00e7as, adolescentes e jovens leitores.<\/p>\t\t\t\t\t\t\t\t<\/div>\n\t\t\t\t<\/div>\n\t\t\t\t\t<\/div>\n\t\t\t\t<\/div>\n\t\t<div class=\"elementor-element elementor-element-3e147fa e-flex e-con-boxed e-con e-parent\" data-id=\"3e147fa\" data-element_type=\"container\" data-e-type=\"container\">\n\t\t\t\t\t<div class=\"e-con-inner\">\n\t\t\t\t<div class=\"elementor-element elementor-element-645249c elementor-widget elementor-widget-heading\" data-id=\"645249c\" data-element_type=\"widget\" data-e-type=\"widget\" data-widget_type=\"heading.default\">\n\t\t\t\t<div class=\"elementor-widget-container\">\n\t\t\t\t\t<h2 class=\"elementor-heading-title elementor-size-default\">How licensing works\n<\/h2>\t\t\t\t<\/div>\n\t\t\t\t<\/div>\n\t\t\t\t<div class=\"elementor-element elementor-element-b1234b8 elementor-widget elementor-widget-text-editor\" data-id=\"b1234b8\" data-element_type=\"widget\" data-e-type=\"widget\" data-widget_type=\"text-editor.default\">\n\t\t\t\t<div class=\"elementor-widget-container\">\n\t\t\t\t\t\t\t\t\t<p data-start=\"1057\" data-end=\"1292\">Any commercial use of the comics requires authorization through a licensing agreement. Publishers, content producers, educational institutions, or professionals in the iconography sector can contact us directly to request:<\/p><ul data-start=\"1294\" data-end=\"1525\"><li data-start=\"1294\" data-end=\"1376\"><p data-start=\"1296\" data-end=\"1376\">Licensing of previously published comic strips (portfolio available upon request)<\/p><\/li><li data-start=\"1377\" data-end=\"1464\"><p data-start=\"1379\" data-end=\"1464\">Production of new comic strips on demand (specific themes, contexts or skills)<\/p><\/li><li data-start=\"1465\" data-end=\"1525\"><p data-start=\"1467\" data-end=\"1525\">Licensing models by circulation, format and purpose<\/p><\/li><\/ul><p data-start=\"1527\" data-end=\"1594\">Contact us at: contato@alisonandrei.com.br<\/p>\t\t\t\t\t\t\t\t<\/div>\n\t\t\t\t<\/div>\n\t\t\t\t\t<\/div>\n\t\t\t\t<\/div>\n\t\t<div class=\"elementor-element elementor-element-970e636 e-flex e-con-boxed e-con e-parent\" data-id=\"970e636\" data-element_type=\"container\" data-e-type=\"container\">\n\t\t\t\t\t<div class=\"e-con-inner\">\n\t\t\t\t<div class=\"elementor-element elementor-element-3122ba3 elementor-widget elementor-widget-heading\" data-id=\"3122ba3\" data-element_type=\"widget\" data-e-type=\"widget\" data-widget_type=\"heading.default\">\n\t\t\t\t<div class=\"elementor-widget-container\">\n\t\t\t\t\t<h2 class=\"elementor-heading-title elementor-size-default\">Non-commercial educational use\n<\/h2>\t\t\t\t<\/div>\n\t\t\t\t<\/div>\n\t\t\t\t<div class=\"elementor-element elementor-element-6cbddf9 elementor-widget elementor-widget-text-editor\" data-id=\"6cbddf9\" data-element_type=\"widget\" data-e-type=\"widget\" data-widget_type=\"text-editor.default\">\n\t\t\t\t<div class=\"elementor-widget-container\">\n\t\t\t\t\t\t\t\t\t<p data-start=\"1636\" data-end=\"1903\">Public educational projects, NGOs, non-profit institutions, or academic initiatives that wish to use a strip for non-commercial educational purposes can contact us in advance, explaining the context of use and requesting specific authorization.<\/p><p data-start=\"1905\" data-end=\"2046\">The recommended reference is:<br data-start=\"1932\" data-end=\"1935\" \/><strong data-start=\"1935\" data-end=\"2046\">ANDREI, Alison. Alfredo\/ShortShade Comic Strips. Available at: [page or profile link]. Accessed on: [date].<\/strong><\/p>\t\t\t\t\t\t\t\t<\/div>\n\t\t\t\t<\/div>\n\t\t\t\t\t<\/div>\n\t\t\t\t<\/div>\n\t\t<div class=\"elementor-element elementor-element-81f1363 e-flex e-con-boxed e-con e-parent\" data-id=\"81f1363\" data-element_type=\"container\" data-e-type=\"container\">\n\t\t\t\t\t<div class=\"e-con-inner\">\n\t\t\t\t<div class=\"elementor-element elementor-element-2d50ecb elementor-widget elementor-widget-heading\" data-id=\"2d50ecb\" data-element_type=\"widget\" data-e-type=\"widget\" data-widget_type=\"heading.default\">\n\t\t\t\t<div class=\"elementor-widget-container\">\n\t\t\t\t\t<h2 class=\"elementor-heading-title elementor-size-default\">Copyright\n<\/h2>\t\t\t\t<\/div>\n\t\t\t\t<\/div>\n\t\t\t\t<div class=\"elementor-element elementor-element-c8ca62c elementor-widget elementor-widget-text-editor\" data-id=\"c8ca62c\" data-element_type=\"widget\" data-e-type=\"widget\" data-widget_type=\"text-editor.default\">\n\t\t\t\t<div class=\"elementor-widget-container\">\n\t\t\t\t\t\t\t\t\t<p data-start=\"2076\" data-end=\"2335\">All content of <strong data-start=\"2093\" data-end=\"2104\">Alfredo<\/strong> and <strong data-start=\"2107\" data-end=\"2122\">ShortShade<\/strong> is protected by <a href=\"https:\/\/www.planalto.gov.br\/ccivil_03\/leis\/l9610.htm\"><strong data-start=\"2140\" data-end=\"2188\">Copyright Law (Law No. 9,610\/1998)<\/strong><\/a>. Public display of the strips on social media or websites does not authorize their use in printed, digital, or commercial materials without proper licensing.<\/p><p data-start=\"2337\" data-end=\"2451\">Misuse of images and texts is subject to <strong data-start=\"2388\" data-end=\"2417\">extrajudicial notification<\/strong> and, if necessary, legal action.<\/p><p data-start=\"2337\" data-end=\"2451\">Learn more about the author, <a href=\"https:\/\/alisonandreistudio.com\/en\/sobre\/\">Alison Andrei<\/a> on the page dedicated to it.<\/p>\t\t\t\t\t\t\t\t<\/div>\n\t\t\t\t<\/div>\n\t\t\t\t\t<\/div>\n\t\t\t\t<\/div>\n\t\t\t\t<\/div>","protected":false},"excerpt":{"rendered":"<p>Licenciamento de Tirinhas para Livros Did\u00e1ticos, Revistas e M\u00eddias Educacionais As tirinhas Alfredo e Poka Sombra est\u00e3o dispon\u00edveis para licenciamento editorial em livros did\u00e1ticos, paradid\u00e1ticos, simulados, revistas, jornais, sites educacionais, avalia\u00e7\u00f5es e outros produtos de natureza educativa ou comercial.Ambas as s\u00e9ries abordam temas como comportamento, criatividade, rela\u00e7\u00f5es humanas, diversidade e linguagem, utilizando humor leve como [&hellip;]<\/p>","protected":false},"author":1,"featured_media":0,"parent":0,"menu_order":0,"comment_status":"closed","ping_status":"closed","template":"","meta":{"footnotes":""},"class_list":["post-818","page","type-page","status-publish","hentry"],"_links":{"self":[{"href":"https:\/\/alisonandreistudio.com\/en\/wp-json\/wp\/v2\/pages\/818","targetHints":{"allow":["GET"]}}],"collection":[{"href":"https:\/\/alisonandreistudio.com\/en\/wp-json\/wp\/v2\/pages"}],"about":[{"href":"https:\/\/alisonandreistudio.com\/en\/wp-json\/wp\/v2\/types\/page"}],"author":[{"embeddable":true,"href":"https:\/\/alisonandreistudio.com\/en\/wp-json\/wp\/v2\/users\/1"}],"replies":[{"embeddable":true,"href":"https:\/\/alisonandreistudio.com\/en\/wp-json\/wp\/v2\/comments?post=818"}],"version-history":[{"count":13,"href":"https:\/\/alisonandreistudio.com\/en\/wp-json\/wp\/v2\/pages\/818\/revisions"}],"predecessor-version":[{"id":852,"href":"https:\/\/alisonandreistudio.com\/en\/wp-json\/wp\/v2\/pages\/818\/revisions\/852"}],"wp:attachment":[{"href":"https:\/\/alisonandreistudio.com\/en\/wp-json\/wp\/v2\/media?parent=818"}],"curies":[{"name":"wp","href":"https:\/\/api.w.org\/{rel}","templated":true}]}}