{"id":757,"date":"2025-06-20T23:24:06","date_gmt":"2025-06-20T23:24:06","guid":{"rendered":"https:\/\/novo.alisonandreistudio.com\/?page_id=757"},"modified":"2026-04-17T19:39:48","modified_gmt":"2026-04-17T19:39:48","slug":"pinoquio-capa-de-livro","status":"publish","type":"page","link":"https:\/\/alisonandreistudio.com\/en\/pinoquio-capa-de-livro\/","title":{"rendered":"Pin\u00f3quio \u2014 Ilustra\u00e7\u00e3o para Capa de Livro"},"content":{"rendered":"<div data-elementor-type=\"wp-page\" data-elementor-id=\"757\" class=\"elementor elementor-757\" data-elementor-post-type=\"page\">\n\t\t\t\t<div class=\"elementor-element elementor-element-7244909 e-flex e-con-boxed e-con e-parent\" data-id=\"7244909\" data-element_type=\"container\" data-e-type=\"container\">\n\t\t\t\t\t<div class=\"e-con-inner\">\n\t\t\t\t<div class=\"elementor-element elementor-element-0342cd4 elementor-widget elementor-widget-image\" data-id=\"0342cd4\" data-element_type=\"widget\" data-e-type=\"widget\" data-widget_type=\"image.default\">\n\t\t\t\t<div class=\"elementor-widget-container\">\n\t\t\t\t\t\t\t\t\t\t\t\t\t\t\t<img fetchpriority=\"high\" decoding=\"async\" width=\"1920\" height=\"377\" src=\"https:\/\/alisonandreistudio.com\/wp-content\/uploads\/2025\/06\/e51be767-1b15-4632-b466-999cba21c6d4_rw_1920.jpg\" class=\"attachment-full size-full wp-image-762\" alt=\"\" srcset=\"https:\/\/alisonandreistudio.com\/wp-content\/uploads\/2025\/06\/e51be767-1b15-4632-b466-999cba21c6d4_rw_1920.jpg 1920w, https:\/\/alisonandreistudio.com\/wp-content\/uploads\/2025\/06\/e51be767-1b15-4632-b466-999cba21c6d4_rw_1920-300x59.jpg 300w, https:\/\/alisonandreistudio.com\/wp-content\/uploads\/2025\/06\/e51be767-1b15-4632-b466-999cba21c6d4_rw_1920-1024x201.jpg 1024w, https:\/\/alisonandreistudio.com\/wp-content\/uploads\/2025\/06\/e51be767-1b15-4632-b466-999cba21c6d4_rw_1920-768x151.jpg 768w, https:\/\/alisonandreistudio.com\/wp-content\/uploads\/2025\/06\/e51be767-1b15-4632-b466-999cba21c6d4_rw_1920-1536x302.jpg 1536w, https:\/\/alisonandreistudio.com\/wp-content\/uploads\/2025\/06\/e51be767-1b15-4632-b466-999cba21c6d4_rw_1920-18x4.jpg 18w\" sizes=\"(max-width: 1920px) 100vw, 1920px\" \/>\t\t\t\t\t\t\t\t\t\t\t\t\t\t\t<\/div>\n\t\t\t\t<\/div>\n\t\t\t\t\t<\/div>\n\t\t\t\t<\/div>\n\t\t<div class=\"elementor-element elementor-element-82ebdc9 e-flex e-con-boxed e-con e-parent\" data-id=\"82ebdc9\" data-element_type=\"container\" data-e-type=\"container\">\n\t\t\t\t\t<div class=\"e-con-inner\">\n\t\t\t\t<div class=\"elementor-element elementor-element-d264b99 elementor-widget elementor-widget-text-editor\" data-id=\"d264b99\" data-element_type=\"widget\" data-e-type=\"widget\" data-widget_type=\"text-editor.default\">\n\t\t\t\t<div class=\"elementor-widget-container\">\n\t\t\t\t\t\t\t\t\t<p data-start=\"650\" data-end=\"932\">Projeto autoral desenvolvido com foco no mercado editorial infantil.<br data-start=\"718\" data-end=\"721\" \/>A proposta foi reinterpretar o cl\u00e1ssico Pin\u00f3quio a partir de uma abordagem mais t\u00e1til e artesanal, explorando texturas de madeira, imperfei\u00e7\u00f5es e um visual menos polido, aproximando o personagem de sua origem.<\/p><p data-start=\"939\" data-end=\"1094\">Al\u00e9m da ilustra\u00e7\u00e3o, o projeto tamb\u00e9m contempla o estudo de composi\u00e7\u00e3o de capa, incluindo hierarquia de informa\u00e7\u00f5es, tipografia e aplica\u00e7\u00e3o final em mockup.<\/p>\t\t\t\t\t\t\t\t<\/div>\n\t\t\t\t<\/div>\n\t\t\t\t<div class=\"elementor-element elementor-element-cf2d14b elementor-widget elementor-widget-image\" data-id=\"cf2d14b\" data-element_type=\"widget\" data-e-type=\"widget\" data-widget_type=\"image.default\">\n\t\t\t\t<div class=\"elementor-widget-container\">\n\t\t\t\t\t\t\t\t\t\t\t\t\t\t\t<img decoding=\"async\" width=\"1000\" height=\"714\" src=\"https:\/\/alisonandreistudio.com\/wp-content\/uploads\/2025\/06\/e042c8e1-30ef-46c1-b400-ee42592701f6_rw_1920.jpg\" class=\"attachment-full size-full wp-image-761\" alt=\"\" srcset=\"https:\/\/alisonandreistudio.com\/wp-content\/uploads\/2025\/06\/e042c8e1-30ef-46c1-b400-ee42592701f6_rw_1920.jpg 1000w, https:\/\/alisonandreistudio.com\/wp-content\/uploads\/2025\/06\/e042c8e1-30ef-46c1-b400-ee42592701f6_rw_1920-300x214.jpg 300w, https:\/\/alisonandreistudio.com\/wp-content\/uploads\/2025\/06\/e042c8e1-30ef-46c1-b400-ee42592701f6_rw_1920-768x548.jpg 768w, https:\/\/alisonandreistudio.com\/wp-content\/uploads\/2025\/06\/e042c8e1-30ef-46c1-b400-ee42592701f6_rw_1920-18x12.jpg 18w\" sizes=\"(max-width: 1000px) 100vw, 1000px\" \/>\t\t\t\t\t\t\t\t\t\t\t\t\t\t\t<\/div>\n\t\t\t\t<\/div>\n\t\t\t\t\t<\/div>\n\t\t\t\t<\/div>\n\t\t<div class=\"elementor-element elementor-element-48a0640 e-flex e-con-boxed e-con e-parent\" data-id=\"48a0640\" data-element_type=\"container\" data-e-type=\"container\">\n\t\t\t\t\t<div class=\"e-con-inner\">\n\t\t\t\t<div class=\"elementor-element elementor-element-eb69492 elementor-widget elementor-widget-text-editor\" data-id=\"eb69492\" data-element_type=\"widget\" data-e-type=\"widget\" data-widget_type=\"text-editor.default\">\n\t\t\t\t<div class=\"elementor-widget-container\">\n\t\t\t\t\t\t\t\t\t<p>A dire\u00e7\u00e3o visual parte da ideia de evidenciar o material do personagem \u2014 a madeira \u2014 como elemento narrativo.<br data-start=\"1292\" data-end=\"1295\" \/>As deforma\u00e7\u00f5es e irregularidades refor\u00e7am o aspecto artesanal, criando uma leitura mais sens\u00edvel e menos idealizada do personagem.<\/p>\t\t\t\t\t\t\t\t<\/div>\n\t\t\t\t<\/div>\n\t\t\t\t<div class=\"elementor-element elementor-element-4a83a4c elementor-widget elementor-widget-gallery\" data-id=\"4a83a4c\" data-element_type=\"widget\" data-e-type=\"widget\" data-settings=\"{&quot;gallery_layout&quot;:&quot;masonry&quot;,&quot;columns&quot;:2,&quot;lazyload&quot;:&quot;yes&quot;,&quot;columns_tablet&quot;:2,&quot;columns_mobile&quot;:1,&quot;gap&quot;:{&quot;unit&quot;:&quot;px&quot;,&quot;size&quot;:10,&quot;sizes&quot;:[]},&quot;gap_tablet&quot;:{&quot;unit&quot;:&quot;px&quot;,&quot;size&quot;:10,&quot;sizes&quot;:[]},&quot;gap_mobile&quot;:{&quot;unit&quot;:&quot;px&quot;,&quot;size&quot;:10,&quot;sizes&quot;:[]},&quot;link_to&quot;:&quot;file&quot;,&quot;overlay_background&quot;:&quot;yes&quot;,&quot;content_hover_animation&quot;:&quot;fade-in&quot;}\" data-widget_type=\"gallery.default\">\n\t\t\t\t<div class=\"elementor-widget-container\">\n\t\t\t\t\t\t\t<div class=\"elementor-gallery__container\">\n\t\t\t\t\t\t\t<a class=\"e-gallery-item elementor-gallery-item elementor-animated-content\" href=\"https:\/\/alisonandreistudio.com\/wp-content\/uploads\/2025\/06\/9234ea7c-87f8-4f7a-a804-c794c82187d1_rw_1200.jpg\" data-elementor-open-lightbox=\"yes\" data-elementor-lightbox-slideshow=\"4a83a4c\" data-e-action-hash=\"#elementor-action%3Aaction%3Dlightbox%26settings%3DeyJpZCI6NzY1LCJ1cmwiOiJodHRwczpcL1wvYWxpc29uYW5kcmVpc3R1ZGlvLmNvbVwvd3AtY29udGVudFwvdXBsb2Fkc1wvMjAyNVwvMDZcLzkyMzRlYTdjLTg3ZjgtNGY3YS1hODA0LWM3OTRjODIxODdkMV9yd18xMjAwLmpwZyIsInNsaWRlc2hvdyI6IjRhODNhNGMifQ%3D%3D\">\n\t\t\t\t\t<div class=\"e-gallery-image elementor-gallery-item__image\" data-thumbnail=\"https:\/\/alisonandreistudio.com\/wp-content\/uploads\/2025\/06\/9234ea7c-87f8-4f7a-a804-c794c82187d1_rw_1200.jpg\" data-width=\"654\" data-height=\"1000\" aria-label=\"\" role=\"img\" ><\/div>\n\t\t\t\t\t\t\t\t\t\t\t<div class=\"elementor-gallery-item__overlay\"><\/div>\n\t\t\t\t\t\t\t\t\t\t\t\t\t\t<\/a>\n\t\t\t\t\t\t\t<a class=\"e-gallery-item elementor-gallery-item elementor-animated-content\" href=\"https:\/\/alisonandreistudio.com\/wp-content\/uploads\/2025\/06\/68361634-b620-4808-a6e5-714db6f4ee9d_rw_1200.jpg\" data-elementor-open-lightbox=\"yes\" data-elementor-lightbox-slideshow=\"4a83a4c\" data-e-action-hash=\"#elementor-action%3Aaction%3Dlightbox%26settings%3DeyJpZCI6NzU5LCJ1cmwiOiJodHRwczpcL1wvYWxpc29uYW5kcmVpc3R1ZGlvLmNvbVwvd3AtY29udGVudFwvdXBsb2Fkc1wvMjAyNVwvMDZcLzY4MzYxNjM0LWI2MjAtNDgwOC1hNmU1LTcxNGRiNmY0ZWU5ZF9yd18xMjAwLmpwZyIsInNsaWRlc2hvdyI6IjRhODNhNGMifQ%3D%3D\">\n\t\t\t\t\t<div class=\"e-gallery-image elementor-gallery-item__image\" data-thumbnail=\"https:\/\/alisonandreistudio.com\/wp-content\/uploads\/2025\/06\/68361634-b620-4808-a6e5-714db6f4ee9d_rw_1200.jpg\" data-width=\"654\" data-height=\"1000\" aria-label=\"\" role=\"img\" ><\/div>\n\t\t\t\t\t\t\t\t\t\t\t<div class=\"elementor-gallery-item__overlay\"><\/div>\n\t\t\t\t\t\t\t\t\t\t\t\t\t\t<\/a>\n\t\t\t\t\t<\/div>\n\t\t\t\t\t<\/div>\n\t\t\t\t<\/div>\n\t\t\t\t\t<\/div>\n\t\t\t\t<\/div>\n\t\t<div class=\"elementor-element elementor-element-ef868f3 e-flex e-con-boxed e-con e-parent\" data-id=\"ef868f3\" data-element_type=\"container\" data-e-type=\"container\">\n\t\t\t\t\t<div class=\"e-con-inner\">\n\t\t\t\t<div class=\"elementor-element elementor-element-a84d728 elementor-widget elementor-widget-heading\" data-id=\"a84d728\" data-element_type=\"widget\" data-e-type=\"widget\" data-widget_type=\"heading.default\">\n\t\t\t\t<div class=\"elementor-widget-container\">\n\t\t\t\t\t<h2 class=\"elementor-heading-title elementor-size-default\">Detalhes da Ilustra\u00e7\u00e3o<\/h2>\t\t\t\t<\/div>\n\t\t\t\t<\/div>\n\t\t\t\t\t<\/div>\n\t\t\t\t<\/div>\n\t\t<div class=\"elementor-element elementor-element-46088e0 e-flex e-con-boxed e-con e-parent\" data-id=\"46088e0\" data-element_type=\"container\" data-e-type=\"container\">\n\t\t\t\t\t<div class=\"e-con-inner\">\n\t\t\t\t<div class=\"elementor-element elementor-element-513ebeb elementor-widget elementor-widget-gallery\" data-id=\"513ebeb\" data-element_type=\"widget\" data-e-type=\"widget\" data-settings=\"{&quot;columns&quot;:2,&quot;lazyload&quot;:&quot;yes&quot;,&quot;gallery_layout&quot;:&quot;grid&quot;,&quot;columns_tablet&quot;:2,&quot;columns_mobile&quot;:1,&quot;gap&quot;:{&quot;unit&quot;:&quot;px&quot;,&quot;size&quot;:10,&quot;sizes&quot;:[]},&quot;gap_tablet&quot;:{&quot;unit&quot;:&quot;px&quot;,&quot;size&quot;:10,&quot;sizes&quot;:[]},&quot;gap_mobile&quot;:{&quot;unit&quot;:&quot;px&quot;,&quot;size&quot;:10,&quot;sizes&quot;:[]},&quot;link_to&quot;:&quot;file&quot;,&quot;aspect_ratio&quot;:&quot;3:2&quot;,&quot;overlay_background&quot;:&quot;yes&quot;,&quot;content_hover_animation&quot;:&quot;fade-in&quot;}\" data-widget_type=\"gallery.default\">\n\t\t\t\t<div class=\"elementor-widget-container\">\n\t\t\t\t\t\t\t<div class=\"elementor-gallery__container\">\n\t\t\t\t\t\t\t<a class=\"e-gallery-item elementor-gallery-item elementor-animated-content\" href=\"https:\/\/alisonandreistudio.com\/wp-content\/uploads\/2025\/06\/6a5dc9e8-1596-4100-a1f4-00326f78ae22_rw_1920.jpg\" data-elementor-open-lightbox=\"yes\" data-elementor-lightbox-slideshow=\"513ebeb\" data-e-action-hash=\"#elementor-action%3Aaction%3Dlightbox%26settings%3DeyJpZCI6NzYzLCJ1cmwiOiJodHRwczpcL1wvYWxpc29uYW5kcmVpc3R1ZGlvLmNvbVwvd3AtY29udGVudFwvdXBsb2Fkc1wvMjAyNVwvMDZcLzZhNWRjOWU4LTE1OTYtNDEwMC1hMWY0LTAwMzI2Zjc4YWUyMl9yd18xOTIwLmpwZyIsInNsaWRlc2hvdyI6IjUxM2ViZWIifQ%3D%3D\">\n\t\t\t\t\t<div class=\"e-gallery-image elementor-gallery-item__image\" data-thumbnail=\"https:\/\/alisonandreistudio.com\/wp-content\/uploads\/2025\/06\/6a5dc9e8-1596-4100-a1f4-00326f78ae22_rw_1920.jpg\" data-width=\"1000\" data-height=\"788\" aria-label=\"\" role=\"img\" ><\/div>\n\t\t\t\t\t\t\t\t\t\t\t<div class=\"elementor-gallery-item__overlay\"><\/div>\n\t\t\t\t\t\t\t\t\t\t\t\t\t\t<\/a>\n\t\t\t\t\t\t\t<a class=\"e-gallery-item elementor-gallery-item elementor-animated-content\" href=\"https:\/\/alisonandreistudio.com\/wp-content\/uploads\/2025\/06\/9f9e9846-24ef-4eac-8c04-a3dbaddf0418_rw_1920.jpg\" data-elementor-open-lightbox=\"yes\" data-elementor-lightbox-slideshow=\"513ebeb\" data-e-action-hash=\"#elementor-action%3Aaction%3Dlightbox%26settings%3DeyJpZCI6NzY0LCJ1cmwiOiJodHRwczpcL1wvYWxpc29uYW5kcmVpc3R1ZGlvLmNvbVwvd3AtY29udGVudFwvdXBsb2Fkc1wvMjAyNVwvMDZcLzlmOWU5ODQ2LTI0ZWYtNGVhYy04YzA0LWEzZGJhZGRmMDQxOF9yd18xOTIwLmpwZyIsInNsaWRlc2hvdyI6IjUxM2ViZWIifQ%3D%3D\">\n\t\t\t\t\t<div class=\"e-gallery-image elementor-gallery-item__image\" data-thumbnail=\"https:\/\/alisonandreistudio.com\/wp-content\/uploads\/2025\/06\/9f9e9846-24ef-4eac-8c04-a3dbaddf0418_rw_1920.jpg\" data-width=\"1000\" data-height=\"788\" aria-label=\"\" role=\"img\" ><\/div>\n\t\t\t\t\t\t\t\t\t\t\t<div class=\"elementor-gallery-item__overlay\"><\/div>\n\t\t\t\t\t\t\t\t\t\t\t\t\t\t<\/a>\n\t\t\t\t\t\t\t<a class=\"e-gallery-item elementor-gallery-item elementor-animated-content\" href=\"https:\/\/alisonandreistudio.com\/wp-content\/uploads\/2025\/06\/d924c8c0-cce9-4f91-a367-feb8ee8c9e76_rw_1920.jpg\" data-elementor-open-lightbox=\"yes\" data-elementor-lightbox-slideshow=\"513ebeb\" data-e-action-hash=\"#elementor-action%3Aaction%3Dlightbox%26settings%3DeyJpZCI6NzYwLCJ1cmwiOiJodHRwczpcL1wvYWxpc29uYW5kcmVpc3R1ZGlvLmNvbVwvd3AtY29udGVudFwvdXBsb2Fkc1wvMjAyNVwvMDZcL2Q5MjRjOGMwLWNjZTktNGY5MS1hMzY3LWZlYjhlZThjOWU3Nl9yd18xOTIwLmpwZyIsInNsaWRlc2hvdyI6IjUxM2ViZWIifQ%3D%3D\">\n\t\t\t\t\t<div class=\"e-gallery-image elementor-gallery-item__image\" data-thumbnail=\"https:\/\/alisonandreistudio.com\/wp-content\/uploads\/2025\/06\/d924c8c0-cce9-4f91-a367-feb8ee8c9e76_rw_1920.jpg\" data-width=\"1000\" data-height=\"788\" aria-label=\"\" role=\"img\" ><\/div>\n\t\t\t\t\t\t\t\t\t\t\t<div class=\"elementor-gallery-item__overlay\"><\/div>\n\t\t\t\t\t\t\t\t\t\t\t\t\t\t<\/a>\n\t\t\t\t\t\t\t<a class=\"e-gallery-item elementor-gallery-item elementor-animated-content\" href=\"https:\/\/alisonandreistudio.com\/wp-content\/uploads\/2025\/06\/393769d9-d322-41da-ad5d-e83d254cc9e6_rw_1920.jpg\" data-elementor-open-lightbox=\"yes\" data-elementor-lightbox-slideshow=\"513ebeb\" data-e-action-hash=\"#elementor-action%3Aaction%3Dlightbox%26settings%3DeyJpZCI6NzY2LCJ1cmwiOiJodHRwczpcL1wvYWxpc29uYW5kcmVpc3R1ZGlvLmNvbVwvd3AtY29udGVudFwvdXBsb2Fkc1wvMjAyNVwvMDZcLzM5Mzc2OWQ5LWQzMjItNDFkYS1hZDVkLWU4M2QyNTRjYzllNl9yd18xOTIwLmpwZyIsInNsaWRlc2hvdyI6IjUxM2ViZWIifQ%3D%3D\">\n\t\t\t\t\t<div class=\"e-gallery-image elementor-gallery-item__image\" data-thumbnail=\"https:\/\/alisonandreistudio.com\/wp-content\/uploads\/2025\/06\/393769d9-d322-41da-ad5d-e83d254cc9e6_rw_1920.jpg\" data-width=\"1000\" data-height=\"788\" aria-label=\"\" role=\"img\" ><\/div>\n\t\t\t\t\t\t\t\t\t\t\t<div class=\"elementor-gallery-item__overlay\"><\/div>\n\t\t\t\t\t\t\t\t\t\t\t\t\t\t<\/a>\n\t\t\t\t\t<\/div>\n\t\t\t\t\t<\/div>\n\t\t\t\t<\/div>\n\t\t\t\t\t<\/div>\n\t\t\t\t<\/div>\n\t\t\t\t<\/div>","protected":false},"excerpt":{"rendered":"<p>Projeto autoral desenvolvido com foco no mercado editorial infantil.A proposta foi reinterpretar o cl\u00e1ssico Pin\u00f3quio a partir de uma abordagem mais t\u00e1til e artesanal, explorando texturas de madeira, imperfei\u00e7\u00f5es e um visual menos polido, aproximando o personagem de sua origem. Al\u00e9m da ilustra\u00e7\u00e3o, o projeto tamb\u00e9m contempla o estudo de composi\u00e7\u00e3o de capa, incluindo hierarquia [&hellip;]<\/p>","protected":false},"author":1,"featured_media":764,"parent":0,"menu_order":0,"comment_status":"closed","ping_status":"closed","template":"","meta":{"footnotes":""},"class_list":["post-757","page","type-page","status-publish","has-post-thumbnail","hentry"],"_links":{"self":[{"href":"https:\/\/alisonandreistudio.com\/en\/wp-json\/wp\/v2\/pages\/757","targetHints":{"allow":["GET"]}}],"collection":[{"href":"https:\/\/alisonandreistudio.com\/en\/wp-json\/wp\/v2\/pages"}],"about":[{"href":"https:\/\/alisonandreistudio.com\/en\/wp-json\/wp\/v2\/types\/page"}],"author":[{"embeddable":true,"href":"https:\/\/alisonandreistudio.com\/en\/wp-json\/wp\/v2\/users\/1"}],"replies":[{"embeddable":true,"href":"https:\/\/alisonandreistudio.com\/en\/wp-json\/wp\/v2\/comments?post=757"}],"version-history":[{"count":7,"href":"https:\/\/alisonandreistudio.com\/en\/wp-json\/wp\/v2\/pages\/757\/revisions"}],"predecessor-version":[{"id":2388,"href":"https:\/\/alisonandreistudio.com\/en\/wp-json\/wp\/v2\/pages\/757\/revisions\/2388"}],"wp:featuredmedia":[{"embeddable":true,"href":"https:\/\/alisonandreistudio.com\/en\/wp-json\/wp\/v2\/media\/764"}],"wp:attachment":[{"href":"https:\/\/alisonandreistudio.com\/en\/wp-json\/wp\/v2\/media?parent=757"}],"curies":[{"name":"wp","href":"https:\/\/api.w.org\/{rel}","templated":true}]}}