{"id":738,"date":"2025-06-20T02:08:42","date_gmt":"2025-06-20T02:08:42","guid":{"rendered":"https:\/\/novo.alisonandreistudio.com\/?page_id=738"},"modified":"2026-04-17T03:23:40","modified_gmt":"2026-04-17T03:23:40","slug":"51o-fenata-ilustracao-pra-evento","status":"publish","type":"page","link":"https:\/\/alisonandreistudio.com\/en\/51o-fenata-ilustracao-pra-evento\/","title":{"rendered":"51\u00ba FENATA \u2014 Ilustra\u00e7\u00e3o e identidade visual para festival nacional"},"content":{"rendered":"<div data-elementor-type=\"wp-page\" data-elementor-id=\"738\" class=\"elementor elementor-738\" data-elementor-post-type=\"page\">\n\t\t\t\t<div class=\"elementor-element elementor-element-2592f79 e-flex e-con-boxed e-con e-parent\" data-id=\"2592f79\" data-element_type=\"container\" data-e-type=\"container\">\n\t\t\t\t\t<div class=\"e-con-inner\">\n\t\t\t\t<div class=\"elementor-element elementor-element-3f9c732 elementor-widget elementor-widget-image\" data-id=\"3f9c732\" data-element_type=\"widget\" data-e-type=\"widget\" data-widget_type=\"image.default\">\n\t\t\t\t<div class=\"elementor-widget-container\">\n\t\t\t\t\t\t\t\t\t\t\t\t\t\t\t<img fetchpriority=\"high\" decoding=\"async\" width=\"1920\" height=\"336\" src=\"https:\/\/alisonandreistudio.com\/wp-content\/uploads\/2025\/06\/3a26d399-271b-4f10-b31d-5f9c87278b4a_rw_1920.jpg\" class=\"attachment-full size-full wp-image-742\" alt=\"\" srcset=\"https:\/\/alisonandreistudio.com\/wp-content\/uploads\/2025\/06\/3a26d399-271b-4f10-b31d-5f9c87278b4a_rw_1920.jpg 1920w, https:\/\/alisonandreistudio.com\/wp-content\/uploads\/2025\/06\/3a26d399-271b-4f10-b31d-5f9c87278b4a_rw_1920-300x53.jpg 300w, https:\/\/alisonandreistudio.com\/wp-content\/uploads\/2025\/06\/3a26d399-271b-4f10-b31d-5f9c87278b4a_rw_1920-1024x179.jpg 1024w, https:\/\/alisonandreistudio.com\/wp-content\/uploads\/2025\/06\/3a26d399-271b-4f10-b31d-5f9c87278b4a_rw_1920-768x134.jpg 768w, https:\/\/alisonandreistudio.com\/wp-content\/uploads\/2025\/06\/3a26d399-271b-4f10-b31d-5f9c87278b4a_rw_1920-1536x269.jpg 1536w, https:\/\/alisonandreistudio.com\/wp-content\/uploads\/2025\/06\/3a26d399-271b-4f10-b31d-5f9c87278b4a_rw_1920-18x3.jpg 18w\" sizes=\"(max-width: 1920px) 100vw, 1920px\" \/>\t\t\t\t\t\t\t\t\t\t\t\t\t\t\t<\/div>\n\t\t\t\t<\/div>\n\t\t\t\t\t<\/div>\n\t\t\t\t<\/div>\n\t\t<div class=\"elementor-element elementor-element-ac0467e e-flex e-con-boxed e-con e-parent\" data-id=\"ac0467e\" data-element_type=\"container\" data-e-type=\"container\">\n\t\t\t\t\t<div class=\"e-con-inner\">\n\t\t\t\t<div class=\"elementor-element elementor-element-5ff0fc9 elementor-widget elementor-widget-text-editor\" data-id=\"5ff0fc9\" data-element_type=\"widget\" data-e-type=\"widget\" data-widget_type=\"text-editor.default\">\n\t\t\t\t<div class=\"elementor-widget-container\">\n\t\t\t\t\t\t\t\t\t<p data-start=\"1189\" data-end=\"1360\">Em 2023, fui convidado como ilustrador oficial do FENATA \u2014 Festival Nacional de Teatro de Ponta Grossa (PR), um dos eventos mais tradicionais da cena teatral brasileira. Minha responsabilidade foi desenvolver a ilustra\u00e7\u00e3o central do evento, aplicada na identidade visual da edi\u00e7\u00e3o.<\/p><p data-start=\"1532\" data-end=\"1653\">A proposta do festival naquele ano inclu\u00eda o reconhecimento da palha\u00e7aria como linguagem dentro da programa\u00e7\u00e3o oficial.<\/p><p data-start=\"1660\" data-end=\"1840\">A ilustra\u00e7\u00e3o foi constru\u00edda a partir desse di\u00e1logo, contrapondo o universo cl\u00e1ssico do teatro \u2014 representado pela atriz shakespeariana \u2014 com o olhar c\u00f4mico e subversivo do palha\u00e7o.<\/p><p data-start=\"1871\" data-end=\"2012\">O projeto combina tra\u00e7o cartunesco com texturas inspiradas em aquarela, criando uma est\u00e9tica h\u00edbrida entre o tradicional e o contempor\u00e2neo.<\/p><p data-start=\"2019\" data-end=\"2108\">\u00a0<\/p>\t\t\t\t\t\t\t\t<\/div>\n\t\t\t\t<\/div>\n\t\t\t\t\t<\/div>\n\t\t\t\t<\/div>\n\t\t<div class=\"elementor-element elementor-element-1d66a75 e-flex e-con-boxed e-con e-parent\" data-id=\"1d66a75\" data-element_type=\"container\" data-e-type=\"container\">\n\t\t\t\t\t<div class=\"e-con-inner\">\n\t\t\t\t<div class=\"elementor-element elementor-element-68b0828 elementor-widget elementor-widget-gallery\" data-id=\"68b0828\" data-element_type=\"widget\" data-e-type=\"widget\" data-settings=\"{&quot;columns&quot;:1,&quot;gallery_layout&quot;:&quot;masonry&quot;,&quot;gap&quot;:{&quot;unit&quot;:&quot;px&quot;,&quot;size&quot;:7,&quot;sizes&quot;:[]},&quot;lazyload&quot;:&quot;yes&quot;,&quot;columns_tablet&quot;:2,&quot;columns_mobile&quot;:1,&quot;gap_tablet&quot;:{&quot;unit&quot;:&quot;px&quot;,&quot;size&quot;:10,&quot;sizes&quot;:[]},&quot;gap_mobile&quot;:{&quot;unit&quot;:&quot;px&quot;,&quot;size&quot;:10,&quot;sizes&quot;:[]},&quot;link_to&quot;:&quot;file&quot;,&quot;overlay_background&quot;:&quot;yes&quot;,&quot;content_hover_animation&quot;:&quot;fade-in&quot;}\" data-widget_type=\"gallery.default\">\n\t\t\t\t<div class=\"elementor-widget-container\">\n\t\t\t\t\t\t\t<div class=\"elementor-gallery__container\">\n\t\t\t\t\t\t\t<a class=\"e-gallery-item elementor-gallery-item elementor-animated-content\" href=\"https:\/\/alisonandreistudio.com\/wp-content\/uploads\/2025\/06\/14c32fad-7763-486c-9ffb-0f647faa6465_rw_1200.jpg\" data-elementor-open-lightbox=\"yes\" data-elementor-lightbox-slideshow=\"68b0828\" data-e-action-hash=\"#elementor-action%3Aaction%3Dlightbox%26settings%3DeyJpZCI6NzQ0LCJ1cmwiOiJodHRwczpcL1wvYWxpc29uYW5kcmVpc3R1ZGlvLmNvbVwvd3AtY29udGVudFwvdXBsb2Fkc1wvMjAyNVwvMDZcLzE0YzMyZmFkLTc3NjMtNDg2Yy05ZmZiLTBmNjQ3ZmFhNjQ2NV9yd18xMjAwLmpwZyIsInNsaWRlc2hvdyI6IjY4YjA4MjgifQ%3D%3D\">\n\t\t\t\t\t<div class=\"e-gallery-image elementor-gallery-item__image\" data-thumbnail=\"https:\/\/alisonandreistudio.com\/wp-content\/uploads\/2025\/06\/14c32fad-7763-486c-9ffb-0f647faa6465_rw_1200.jpg\" data-width=\"1000\" data-height=\"713\" aria-label=\"\" role=\"img\" ><\/div>\n\t\t\t\t\t\t\t\t\t\t\t<div class=\"elementor-gallery-item__overlay\"><\/div>\n\t\t\t\t\t\t\t\t\t\t\t\t\t\t<\/a>\n\t\t\t\t\t<\/div>\n\t\t\t\t\t<\/div>\n\t\t\t\t<\/div>\n\t\t\t\t\t<\/div>\n\t\t\t\t<\/div>\n\t\t<div class=\"elementor-element elementor-element-b0f909d e-flex e-con-boxed e-con e-parent\" data-id=\"b0f909d\" data-element_type=\"container\" data-e-type=\"container\">\n\t\t\t\t\t<div class=\"e-con-inner\">\n\t\t\t\t<div class=\"elementor-element elementor-element-b25768c elementor-widget elementor-widget-text-editor\" data-id=\"b25768c\" data-element_type=\"widget\" data-e-type=\"widget\" data-widget_type=\"text-editor.default\">\n\t\t\t\t<div class=\"elementor-widget-container\">\n\t\t\t\t\t\t\t\t\t<p>A composi\u00e7\u00e3o visual refor\u00e7a o contraste entre drama e humor, refletindo o tema da edi\u00e7\u00e3o. A ilustra\u00e7\u00e3o foi aplicada em materiais oficiais do evento, incluindo pe\u00e7as de divulga\u00e7\u00e3o e ambienta\u00e7\u00e3o do festival.<\/p>\t\t\t\t\t\t\t\t<\/div>\n\t\t\t\t<\/div>\n\t\t\t\t\t<\/div>\n\t\t\t\t<\/div>\n\t\t<div class=\"elementor-element elementor-element-16ff942 e-flex e-con-boxed e-con e-parent\" data-id=\"16ff942\" data-element_type=\"container\" data-e-type=\"container\">\n\t\t\t\t\t<div class=\"e-con-inner\">\n\t\t\t\t<div class=\"elementor-element elementor-element-729ad11 elementor-widget elementor-widget-gallery\" data-id=\"729ad11\" data-element_type=\"widget\" data-e-type=\"widget\" data-settings=\"{&quot;gallery_layout&quot;:&quot;justified&quot;,&quot;ideal_row_height&quot;:{&quot;unit&quot;:&quot;px&quot;,&quot;size&quot;:345,&quot;sizes&quot;:[]},&quot;lazyload&quot;:&quot;yes&quot;,&quot;ideal_row_height_tablet&quot;:{&quot;unit&quot;:&quot;px&quot;,&quot;size&quot;:150,&quot;sizes&quot;:[]},&quot;ideal_row_height_mobile&quot;:{&quot;unit&quot;:&quot;px&quot;,&quot;size&quot;:150,&quot;sizes&quot;:[]},&quot;gap&quot;:{&quot;unit&quot;:&quot;px&quot;,&quot;size&quot;:10,&quot;sizes&quot;:[]},&quot;gap_tablet&quot;:{&quot;unit&quot;:&quot;px&quot;,&quot;size&quot;:10,&quot;sizes&quot;:[]},&quot;gap_mobile&quot;:{&quot;unit&quot;:&quot;px&quot;,&quot;size&quot;:10,&quot;sizes&quot;:[]},&quot;link_to&quot;:&quot;file&quot;,&quot;overlay_background&quot;:&quot;yes&quot;,&quot;content_hover_animation&quot;:&quot;fade-in&quot;}\" data-widget_type=\"gallery.default\">\n\t\t\t\t<div class=\"elementor-widget-container\">\n\t\t\t\t\t\t\t<div class=\"elementor-gallery__container\">\n\t\t\t\t\t\t\t<a class=\"e-gallery-item elementor-gallery-item elementor-animated-content\" href=\"https:\/\/alisonandreistudio.com\/wp-content\/uploads\/2025\/06\/WhatsApp-Image-2024-05-24-at-13.24.04-1024x1024-1.webp\" data-elementor-open-lightbox=\"yes\" data-elementor-lightbox-slideshow=\"729ad11\" data-e-action-hash=\"#elementor-action%3Aaction%3Dlightbox%26settings%3DeyJpZCI6NzQ2LCJ1cmwiOiJodHRwczpcL1wvYWxpc29uYW5kcmVpc3R1ZGlvLmNvbVwvd3AtY29udGVudFwvdXBsb2Fkc1wvMjAyNVwvMDZcL1doYXRzQXBwLUltYWdlLTIwMjQtMDUtMjQtYXQtMTMuMjQuMDQtMTAyNHgxMDI0LTEud2VicCIsInNsaWRlc2hvdyI6IjcyOWFkMTEifQ%3D%3D\">\n\t\t\t\t\t<div class=\"e-gallery-image elementor-gallery-item__image\" data-thumbnail=\"https:\/\/alisonandreistudio.com\/wp-content\/uploads\/2025\/06\/WhatsApp-Image-2024-05-24-at-13.24.04-1024x1024-1.webp\" data-width=\"1024\" data-height=\"1024\" aria-label=\"\" role=\"img\" ><\/div>\n\t\t\t\t\t\t\t\t\t\t\t<div class=\"elementor-gallery-item__overlay\"><\/div>\n\t\t\t\t\t\t\t\t\t\t\t\t\t\t<\/a>\n\t\t\t\t\t\t\t<a class=\"e-gallery-item elementor-gallery-item elementor-animated-content\" href=\"https:\/\/alisonandreistudio.com\/wp-content\/uploads\/2026\/04\/fenata-encerramento-Aline-Jasper-31-scaled-copiar.webp\" data-elementor-open-lightbox=\"yes\" data-elementor-lightbox-slideshow=\"729ad11\" data-e-action-hash=\"#elementor-action%3Aaction%3Dlightbox%26settings%3DeyJpZCI6MjMyMywidXJsIjoiaHR0cHM6XC9cL2FsaXNvbmFuZHJlaXN0dWRpby5jb21cL3dwLWNvbnRlbnRcL3VwbG9hZHNcLzIwMjZcLzA0XC9mZW5hdGEtZW5jZXJyYW1lbnRvLUFsaW5lLUphc3Blci0zMS1zY2FsZWQtY29waWFyLndlYnAiLCJzbGlkZXNob3ciOiI3MjlhZDExIn0%3D\">\n\t\t\t\t\t<div class=\"e-gallery-image elementor-gallery-item__image\" data-thumbnail=\"https:\/\/alisonandreistudio.com\/wp-content\/uploads\/2026\/04\/fenata-encerramento-Aline-Jasper-31-scaled-copiar.webp\" data-width=\"800\" data-height=\"899\" aria-label=\"\" role=\"img\" ><\/div>\n\t\t\t\t\t\t\t\t\t\t\t<div class=\"elementor-gallery-item__overlay\"><\/div>\n\t\t\t\t\t\t\t\t\t\t\t\t\t\t<\/a>\n\t\t\t\t\t\t\t<a class=\"e-gallery-item elementor-gallery-item elementor-animated-content\" href=\"https:\/\/alisonandreistudio.com\/wp-content\/uploads\/2026\/04\/fenata-encerramento-Aline-Jasper-2-scaled-copiar.webp\" data-elementor-open-lightbox=\"yes\" data-elementor-lightbox-slideshow=\"729ad11\" data-e-action-hash=\"#elementor-action%3Aaction%3Dlightbox%26settings%3DeyJpZCI6MjMyMiwidXJsIjoiaHR0cHM6XC9cL2FsaXNvbmFuZHJlaXN0dWRpby5jb21cL3dwLWNvbnRlbnRcL3VwbG9hZHNcLzIwMjZcLzA0XC9mZW5hdGEtZW5jZXJyYW1lbnRvLUFsaW5lLUphc3Blci0yLXNjYWxlZC1jb3BpYXIud2VicCIsInNsaWRlc2hvdyI6IjcyOWFkMTEifQ%3D%3D\">\n\t\t\t\t\t<div class=\"e-gallery-image elementor-gallery-item__image\" data-thumbnail=\"https:\/\/alisonandreistudio.com\/wp-content\/uploads\/2026\/04\/fenata-encerramento-Aline-Jasper-2-scaled-copiar.webp\" data-width=\"871\" data-height=\"565\" aria-label=\"\" role=\"img\" ><\/div>\n\t\t\t\t\t\t\t\t\t\t\t<div class=\"elementor-gallery-item__overlay\"><\/div>\n\t\t\t\t\t\t\t\t\t\t\t\t\t\t<\/a>\n\t\t\t\t\t<\/div>\n\t\t\t\t\t<\/div>\n\t\t\t\t<\/div>\n\t\t\t\t\t<\/div>\n\t\t\t\t<\/div>\n\t\t\t\t<\/div>","protected":false},"excerpt":{"rendered":"<p>Em 2023, fui convidado como ilustrador oficial do FENATA \u2014 Festival Nacional de Teatro de Ponta Grossa (PR), um dos eventos mais tradicionais da cena teatral brasileira. Minha responsabilidade foi desenvolver a ilustra\u00e7\u00e3o central do evento, aplicada na identidade visual da edi\u00e7\u00e3o. A proposta do festival naquele ano inclu\u00eda o reconhecimento da palha\u00e7aria como linguagem [&hellip;]<\/p>","protected":false},"author":1,"featured_media":745,"parent":0,"menu_order":0,"comment_status":"closed","ping_status":"closed","template":"","meta":{"footnotes":""},"class_list":["post-738","page","type-page","status-publish","has-post-thumbnail","hentry"],"_links":{"self":[{"href":"https:\/\/alisonandreistudio.com\/en\/wp-json\/wp\/v2\/pages\/738","targetHints":{"allow":["GET"]}}],"collection":[{"href":"https:\/\/alisonandreistudio.com\/en\/wp-json\/wp\/v2\/pages"}],"about":[{"href":"https:\/\/alisonandreistudio.com\/en\/wp-json\/wp\/v2\/types\/page"}],"author":[{"embeddable":true,"href":"https:\/\/alisonandreistudio.com\/en\/wp-json\/wp\/v2\/users\/1"}],"replies":[{"embeddable":true,"href":"https:\/\/alisonandreistudio.com\/en\/wp-json\/wp\/v2\/comments?post=738"}],"version-history":[{"count":10,"href":"https:\/\/alisonandreistudio.com\/en\/wp-json\/wp\/v2\/pages\/738\/revisions"}],"predecessor-version":[{"id":2326,"href":"https:\/\/alisonandreistudio.com\/en\/wp-json\/wp\/v2\/pages\/738\/revisions\/2326"}],"wp:featuredmedia":[{"embeddable":true,"href":"https:\/\/alisonandreistudio.com\/en\/wp-json\/wp\/v2\/media\/745"}],"wp:attachment":[{"href":"https:\/\/alisonandreistudio.com\/en\/wp-json\/wp\/v2\/media?parent=738"}],"curies":[{"name":"wp","href":"https:\/\/api.w.org\/{rel}","templated":true}]}}