{"id":691,"date":"2025-06-20T01:45:56","date_gmt":"2025-06-20T01:45:56","guid":{"rendered":"https:\/\/novo.alisonandreistudio.com\/?page_id=691"},"modified":"2026-04-20T20:56:29","modified_gmt":"2026-04-20T20:56:29","slug":"lobo-guara-ilustracao","status":"publish","type":"page","link":"https:\/\/alisonandreistudio.com\/en\/lobo-guara-ilustracao\/","title":{"rendered":"Lobo-Guar\u00e1 \u2014 Ilustra\u00e7\u00e3o Editorial"},"content":{"rendered":"<div data-elementor-type=\"wp-page\" data-elementor-id=\"691\" class=\"elementor elementor-691\" data-elementor-post-type=\"page\">\n\t\t\t\t<div class=\"elementor-element elementor-element-04205c1 e-flex e-con-boxed e-con e-parent\" data-id=\"04205c1\" data-element_type=\"container\" data-e-type=\"container\">\n\t\t\t\t\t<div class=\"e-con-inner\">\n\t\t\t\t<div class=\"elementor-element elementor-element-d739954 elementor-widget elementor-widget-text-editor\" data-id=\"d739954\" data-element_type=\"widget\" data-e-type=\"widget\" data-widget_type=\"text-editor.default\">\n\t\t\t\t<div class=\"elementor-widget-container\">\n\t\t\t\t\t\t\t\t\t<p>Ilustra\u00e7\u00e3o criada para mat\u00e9ria jornal\u00edstica sobre a nova c\u00e9dula brasileira, explorando cr\u00edtica e humor visual.<\/p><p>Projeto desenvolvido para ilustrar uma mat\u00e9ria sobre a nova c\u00e9dula de R$200, que traz o lobo-guar\u00e1 como s\u00edmbolo. A proposta foi traduzir o tema em uma abordagem visual cr\u00edtica e contempor\u00e2nea.<\/p>\t\t\t\t\t\t\t\t<\/div>\n\t\t\t\t<\/div>\n\t\t\t\t<div class=\"elementor-element elementor-element-af84a04 elementor-widget elementor-widget-image\" data-id=\"af84a04\" data-element_type=\"widget\" data-e-type=\"widget\" data-widget_type=\"image.default\">\n\t\t\t\t<div class=\"elementor-widget-container\">\n\t\t\t\t\t\t\t\t\t\t\t\t\t\t\t<img fetchpriority=\"high\" decoding=\"async\" width=\"1080\" height=\"1080\" src=\"https:\/\/alisonandreistudio.com\/wp-content\/uploads\/2025\/06\/bb40288e-5b61-426a-b017-6255b75856af_rw_1200.png\" class=\"attachment-full size-full wp-image-694\" alt=\"\" srcset=\"https:\/\/alisonandreistudio.com\/wp-content\/uploads\/2025\/06\/bb40288e-5b61-426a-b017-6255b75856af_rw_1200.png 1080w, https:\/\/alisonandreistudio.com\/wp-content\/uploads\/2025\/06\/bb40288e-5b61-426a-b017-6255b75856af_rw_1200-300x300.png 300w, https:\/\/alisonandreistudio.com\/wp-content\/uploads\/2025\/06\/bb40288e-5b61-426a-b017-6255b75856af_rw_1200-1024x1024.png 1024w, https:\/\/alisonandreistudio.com\/wp-content\/uploads\/2025\/06\/bb40288e-5b61-426a-b017-6255b75856af_rw_1200-150x150.png 150w, https:\/\/alisonandreistudio.com\/wp-content\/uploads\/2025\/06\/bb40288e-5b61-426a-b017-6255b75856af_rw_1200-768x768.png 768w, https:\/\/alisonandreistudio.com\/wp-content\/uploads\/2025\/06\/bb40288e-5b61-426a-b017-6255b75856af_rw_1200-12x12.png 12w\" sizes=\"(max-width: 1080px) 100vw, 1080px\" \/>\t\t\t\t\t\t\t\t\t\t\t\t\t\t\t<\/div>\n\t\t\t\t<\/div>\n\t\t\t\t<div class=\"elementor-element elementor-element-f79176e elementor-widget elementor-widget-heading\" data-id=\"f79176e\" data-element_type=\"widget\" data-e-type=\"widget\" data-widget_type=\"heading.default\">\n\t\t\t\t<div class=\"elementor-widget-container\">\n\t\t\t\t\t<h2 class=\"elementor-heading-title elementor-size-default\">Abordagem criativa<\/h2>\t\t\t\t<\/div>\n\t\t\t\t<\/div>\n\t\t\t\t<div class=\"elementor-element elementor-element-19029f9 elementor-widget elementor-widget-text-editor\" data-id=\"19029f9\" data-element_type=\"widget\" data-e-type=\"widget\" data-widget_type=\"text-editor.default\">\n\t\t\t\t<div class=\"elementor-widget-container\">\n\t\t\t\t\t\t\t\t\t<p>A ilustra\u00e7\u00e3o utiliza humor e linguagem cartunesca para comentar o valor simb\u00f3lico do dinheiro e sua rela\u00e7\u00e3o com a realidade brasileira.<\/p>\t\t\t\t\t\t\t\t<\/div>\n\t\t\t\t<\/div>\n\t\t\t\t<div class=\"elementor-element elementor-element-17a12be elementor-widget elementor-widget-heading\" data-id=\"17a12be\" data-element_type=\"widget\" data-e-type=\"widget\" data-widget_type=\"heading.default\">\n\t\t\t\t<div class=\"elementor-widget-container\">\n\t\t\t\t\t<h2 class=\"elementor-heading-title elementor-size-default\">Aplica\u00e7\u00e3o<\/h2>\t\t\t\t<\/div>\n\t\t\t\t<\/div>\n\t\t\t\t<div class=\"elementor-element elementor-element-a51ff0e elementor-widget elementor-widget-text-editor\" data-id=\"a51ff0e\" data-element_type=\"widget\" data-e-type=\"widget\" data-widget_type=\"text-editor.default\">\n\t\t\t\t<div class=\"elementor-widget-container\">\n\t\t\t\t\t\t\t\t\t<p>A arte foi aplicada em layout editorial, integrando texto e imagem em uma composi\u00e7\u00e3o pensada para leitura e impacto visual.<\/p>\t\t\t\t\t\t\t\t<\/div>\n\t\t\t\t<\/div>\n\t\t\t\t\t<\/div>\n\t\t\t\t<\/div>\n\t\t<div class=\"elementor-element elementor-element-564cd10 e-flex e-con-boxed e-con e-parent\" data-id=\"564cd10\" data-element_type=\"container\" data-e-type=\"container\">\n\t\t\t\t\t<div class=\"e-con-inner\">\n\t\t\t\t<div class=\"elementor-element elementor-element-8130d1f elementor-widget elementor-widget-gallery\" data-id=\"8130d1f\" data-element_type=\"widget\" data-e-type=\"widget\" data-settings=\"{&quot;gallery_layout&quot;:&quot;justified&quot;,&quot;ideal_row_height&quot;:{&quot;unit&quot;:&quot;px&quot;,&quot;size&quot;:341,&quot;sizes&quot;:[]},&quot;lazyload&quot;:&quot;yes&quot;,&quot;ideal_row_height_tablet&quot;:{&quot;unit&quot;:&quot;px&quot;,&quot;size&quot;:150,&quot;sizes&quot;:[]},&quot;ideal_row_height_mobile&quot;:{&quot;unit&quot;:&quot;px&quot;,&quot;size&quot;:150,&quot;sizes&quot;:[]},&quot;gap&quot;:{&quot;unit&quot;:&quot;px&quot;,&quot;size&quot;:10,&quot;sizes&quot;:[]},&quot;gap_tablet&quot;:{&quot;unit&quot;:&quot;px&quot;,&quot;size&quot;:10,&quot;sizes&quot;:[]},&quot;gap_mobile&quot;:{&quot;unit&quot;:&quot;px&quot;,&quot;size&quot;:10,&quot;sizes&quot;:[]},&quot;link_to&quot;:&quot;file&quot;,&quot;overlay_background&quot;:&quot;yes&quot;,&quot;content_hover_animation&quot;:&quot;fade-in&quot;}\" data-widget_type=\"gallery.default\">\n\t\t\t\t<div class=\"elementor-widget-container\">\n\t\t\t\t\t\t\t<div class=\"elementor-gallery__container\">\n\t\t\t\t\t\t\t<a class=\"e-gallery-item elementor-gallery-item elementor-animated-content\" href=\"https:\/\/alisonandreistudio.com\/wp-content\/uploads\/2025\/06\/bb40288e-5b61-426a-b017-6255b75856af_rw_1200.png\" data-elementor-open-lightbox=\"yes\" data-elementor-lightbox-slideshow=\"8130d1f\" data-e-action-hash=\"#elementor-action%3Aaction%3Dlightbox%26settings%3DeyJpZCI6Njk0LCJ1cmwiOiJodHRwczpcL1wvYWxpc29uYW5kcmVpc3R1ZGlvLmNvbVwvd3AtY29udGVudFwvdXBsb2Fkc1wvMjAyNVwvMDZcL2JiNDAyODhlLTViNjEtNDI2YS1iMDE3LTYyNTViNzU4NTZhZl9yd18xMjAwLnBuZyIsInNsaWRlc2hvdyI6IjgxMzBkMWYifQ%3D%3D\">\n\t\t\t\t\t<div class=\"e-gallery-image elementor-gallery-item__image\" data-thumbnail=\"https:\/\/alisonandreistudio.com\/wp-content\/uploads\/2025\/06\/bb40288e-5b61-426a-b017-6255b75856af_rw_1200.png\" data-width=\"1080\" data-height=\"1080\" aria-label=\"\" role=\"img\" ><\/div>\n\t\t\t\t\t\t\t\t\t\t\t<div class=\"elementor-gallery-item__overlay\"><\/div>\n\t\t\t\t\t\t\t\t\t\t\t\t\t\t<\/a>\n\t\t\t\t\t\t\t<a class=\"e-gallery-item elementor-gallery-item elementor-animated-content\" href=\"https:\/\/alisonandreistudio.com\/wp-content\/uploads\/2025\/06\/224a397b-f01a-4298-95c7-0e02f501ab0e_rw_1200.jpg\" data-elementor-open-lightbox=\"yes\" data-elementor-lightbox-slideshow=\"8130d1f\" data-e-action-hash=\"#elementor-action%3Aaction%3Dlightbox%26settings%3DeyJpZCI6NjkzLCJ1cmwiOiJodHRwczpcL1wvYWxpc29uYW5kcmVpc3R1ZGlvLmNvbVwvd3AtY29udGVudFwvdXBsb2Fkc1wvMjAyNVwvMDZcLzIyNGEzOTdiLWYwMWEtNDI5OC05NWM3LTBlMDJmNTAxYWIwZV9yd18xMjAwLmpwZyIsInNsaWRlc2hvdyI6IjgxMzBkMWYifQ%3D%3D\">\n\t\t\t\t\t<div class=\"e-gallery-image elementor-gallery-item__image\" data-thumbnail=\"https:\/\/alisonandreistudio.com\/wp-content\/uploads\/2025\/06\/224a397b-f01a-4298-95c7-0e02f501ab0e_rw_1200.jpg\" data-width=\"1080\" data-height=\"720\" aria-label=\"\" role=\"img\" ><\/div>\n\t\t\t\t\t\t\t\t\t\t\t<div class=\"elementor-gallery-item__overlay\"><\/div>\n\t\t\t\t\t\t\t\t\t\t\t\t\t\t<\/a>\n\t\t\t\t\t<\/div>\n\t\t\t\t\t<\/div>\n\t\t\t\t<\/div>\n\t\t\t\t\t<\/div>\n\t\t\t\t<\/div>\n\t\t\t\t<\/div>","protected":false},"excerpt":{"rendered":"<p>Ilustra\u00e7\u00e3o criada para mat\u00e9ria jornal\u00edstica sobre a nova c\u00e9dula brasileira, explorando cr\u00edtica e humor visual. Projeto desenvolvido para ilustrar uma mat\u00e9ria sobre a nova c\u00e9dula de R$200, que traz o lobo-guar\u00e1 como s\u00edmbolo. A proposta foi traduzir o tema em uma abordagem visual cr\u00edtica e contempor\u00e2nea. Abordagem criativa A ilustra\u00e7\u00e3o utiliza humor e linguagem cartunesca [&hellip;]<\/p>","protected":false},"author":1,"featured_media":694,"parent":0,"menu_order":0,"comment_status":"closed","ping_status":"closed","template":"","meta":{"footnotes":""},"class_list":["post-691","page","type-page","status-publish","has-post-thumbnail","hentry"],"_links":{"self":[{"href":"https:\/\/alisonandreistudio.com\/en\/wp-json\/wp\/v2\/pages\/691","targetHints":{"allow":["GET"]}}],"collection":[{"href":"https:\/\/alisonandreistudio.com\/en\/wp-json\/wp\/v2\/pages"}],"about":[{"href":"https:\/\/alisonandreistudio.com\/en\/wp-json\/wp\/v2\/types\/page"}],"author":[{"embeddable":true,"href":"https:\/\/alisonandreistudio.com\/en\/wp-json\/wp\/v2\/users\/1"}],"replies":[{"embeddable":true,"href":"https:\/\/alisonandreistudio.com\/en\/wp-json\/wp\/v2\/comments?post=691"}],"version-history":[{"count":7,"href":"https:\/\/alisonandreistudio.com\/en\/wp-json\/wp\/v2\/pages\/691\/revisions"}],"predecessor-version":[{"id":2501,"href":"https:\/\/alisonandreistudio.com\/en\/wp-json\/wp\/v2\/pages\/691\/revisions\/2501"}],"wp:featuredmedia":[{"embeddable":true,"href":"https:\/\/alisonandreistudio.com\/en\/wp-json\/wp\/v2\/media\/694"}],"wp:attachment":[{"href":"https:\/\/alisonandreistudio.com\/en\/wp-json\/wp\/v2\/media?parent=691"}],"curies":[{"name":"wp","href":"https:\/\/api.w.org\/{rel}","templated":true}]}}