{"id":666,"date":"2025-06-20T01:37:16","date_gmt":"2025-06-20T01:37:16","guid":{"rendered":"https:\/\/novo.alisonandreistudio.com\/?page_id=666"},"modified":"2026-04-21T00:41:33","modified_gmt":"2026-04-21T00:41:33","slug":"palhacos-pela-cidade","status":"publish","type":"page","link":"https:\/\/alisonandreistudio.com\/en\/palhacos-pela-cidade\/","title":{"rendered":"Olhar do sim &#8211; Projeto expositivo autoral \u2022 Ilustra\u00e7\u00e3o \u2022 Patrim\u00f4nio cultural"},"content":{"rendered":"<div data-elementor-type=\"wp-page\" data-elementor-id=\"666\" class=\"elementor elementor-666\" data-elementor-post-type=\"page\">\n\t\t\t\t<div class=\"elementor-element elementor-element-b8b50de e-flex e-con-boxed e-con e-parent\" data-id=\"b8b50de\" data-element_type=\"container\" data-e-type=\"container\">\n\t\t\t\t\t<div class=\"e-con-inner\">\n\t\t\t\t<div class=\"elementor-element elementor-element-588076f elementor-widget elementor-widget-text-editor\" data-id=\"588076f\" data-element_type=\"widget\" data-e-type=\"widget\" data-widget_type=\"text-editor.default\">\n\t\t\t\t<div class=\"elementor-widget-container\">\n\t\t\t\t\t\t\t\t\t<p>Olhar do sim \u00e9 uma s\u00e9rie autoral que investiga a presen\u00e7a da palha\u00e7aria em diferentes espa\u00e7os urbanos de Ponta Grossa. A partir de observa\u00e7\u00e3o, pesquisa e viv\u00eancia pr\u00e1tica no meio art\u00edstico, o projeto retrata personagens e linguagens que mant\u00eam viva essa tradi\u00e7\u00e3o popular.<\/p>\t\t\t\t\t\t\t\t<\/div>\n\t\t\t\t<\/div>\n\t\t\t\t<div class=\"elementor-element elementor-element-f31b61c elementor-widget elementor-widget-heading\" data-id=\"f31b61c\" data-element_type=\"widget\" data-e-type=\"widget\" data-widget_type=\"heading.default\">\n\t\t\t\t<div class=\"elementor-widget-container\">\n\t\t\t\t\t<h2 class=\"elementor-heading-title elementor-size-default\">Conceito Curatorial<\/h2>\t\t\t\t<\/div>\n\t\t\t\t<\/div>\n\t\t\t\t<div class=\"elementor-element elementor-element-ab7e5f8 elementor-widget elementor-widget-text-editor\" data-id=\"ab7e5f8\" data-element_type=\"widget\" data-e-type=\"widget\" data-widget_type=\"text-editor.default\">\n\t\t\t\t<div class=\"elementor-widget-container\">\n\t\t\t\t\t\t\t\t\t<p>A s\u00e9rie apresenta m\u00faltiplas express\u00f5es do palha\u00e7o contempor\u00e2neo: artistas de hospital, teatro, rua e circo. Cada obra busca revelar sensibilidade, humor e humanidade presentes nessa linguagem art\u00edstica secular.<\/p>\t\t\t\t\t\t\t\t<\/div>\n\t\t\t\t<\/div>\n\t\t\t\t<div class=\"elementor-element elementor-element-aadde0e elementor-widget-divider--view-line elementor-widget elementor-widget-divider\" data-id=\"aadde0e\" data-element_type=\"widget\" data-e-type=\"widget\" data-widget_type=\"divider.default\">\n\t\t\t\t<div class=\"elementor-widget-container\">\n\t\t\t\t\t\t\t<div class=\"elementor-divider\">\n\t\t\t<span class=\"elementor-divider-separator\">\n\t\t\t\t\t\t<\/span>\n\t\t<\/div>\n\t\t\t\t\t\t<\/div>\n\t\t\t\t<\/div>\n\t\t\t\t\t<\/div>\n\t\t\t\t<\/div>\n\t\t<div class=\"elementor-element elementor-element-1b8fad1 e-flex e-con-boxed e-con e-parent\" data-id=\"1b8fad1\" data-element_type=\"container\" data-e-type=\"container\">\n\t\t\t\t\t<div class=\"e-con-inner\">\n\t\t<div class=\"elementor-element elementor-element-bb49218 e-con-full e-flex e-con e-child\" data-id=\"bb49218\" data-element_type=\"container\" data-e-type=\"container\">\n\t\t\t\t<div class=\"elementor-element elementor-element-2c895e5 elementor-widget elementor-widget-heading\" data-id=\"2c895e5\" data-element_type=\"widget\" data-e-type=\"widget\" data-widget_type=\"heading.default\">\n\t\t\t\t<div class=\"elementor-widget-container\">\n\t\t\t\t\t<h2 class=\"elementor-heading-title elementor-size-default\">Linguagem Visual<\/h2>\t\t\t\t<\/div>\n\t\t\t\t<\/div>\n\t\t\t\t<div class=\"elementor-element elementor-element-30ba10e elementor-widget elementor-widget-text-editor\" data-id=\"30ba10e\" data-element_type=\"widget\" data-e-type=\"widget\" data-widget_type=\"text-editor.default\">\n\t\t\t\t<div class=\"elementor-widget-container\">\n\t\t\t\t\t\t\t\t\t<p data-start=\"1510\" data-end=\"1708\">Os trabalhos s\u00e3o desenvolvidos em tra\u00e7o rabiscado com nanquim, valorizando espontaneidade, gesto e imperfei\u00e7\u00e3o. Interven\u00e7\u00f5es crom\u00e1ticas pontuais refor\u00e7am foco emocional e identidade visual da s\u00e9rie.<\/p>\t\t\t\t\t\t\t\t<\/div>\n\t\t\t\t<\/div>\n\t\t\t\t<\/div>\n\t\t<div class=\"elementor-element elementor-element-20e860f e-con-full e-flex e-con e-child\" data-id=\"20e860f\" data-element_type=\"container\" data-e-type=\"container\">\n\t\t\t\t<div class=\"elementor-element elementor-element-13902ce elementor-widget elementor-widget-heading\" data-id=\"13902ce\" data-element_type=\"widget\" data-e-type=\"widget\" data-widget_type=\"heading.default\">\n\t\t\t\t<div class=\"elementor-widget-container\">\n\t\t\t\t\t<h2 class=\"elementor-heading-title elementor-size-default\">Contexto Cultural<\/h2>\t\t\t\t<\/div>\n\t\t\t\t<\/div>\n\t\t\t\t<div class=\"elementor-element elementor-element-08d7687 elementor-widget elementor-widget-text-editor\" data-id=\"08d7687\" data-element_type=\"widget\" data-e-type=\"widget\" data-widget_type=\"text-editor.default\">\n\t\t\t\t<div class=\"elementor-widget-container\">\n\t\t\t\t\t\t\t\t\t<p data-start=\"1737\" data-end=\"1919\">Concebido tamb\u00e9m como homenagem aos 200 anos de Ponta Grossa, o projeto prop\u00f5e reconhecer a palha\u00e7aria como parte relevante da produ\u00e7\u00e3o cultural local e da mem\u00f3ria afetiva da cidade.<\/p>\t\t\t\t\t\t\t\t<\/div>\n\t\t\t\t<\/div>\n\t\t\t\t<\/div>\n\t\t<div class=\"elementor-element elementor-element-6171941 e-con-full e-flex e-con e-child\" data-id=\"6171941\" data-element_type=\"container\" data-e-type=\"container\">\n\t\t\t\t<div class=\"elementor-element elementor-element-5c7cc2e elementor-widget elementor-widget-heading\" data-id=\"5c7cc2e\" data-element_type=\"widget\" data-e-type=\"widget\" data-widget_type=\"heading.default\">\n\t\t\t\t<div class=\"elementor-widget-container\">\n\t\t\t\t\t<h2 class=\"elementor-heading-title elementor-size-default\">Formato Expositivo<\/h2>\t\t\t\t<\/div>\n\t\t\t\t<\/div>\n\t\t\t\t<div class=\"elementor-element elementor-element-04319a1 elementor-widget elementor-widget-text-editor\" data-id=\"04319a1\" data-element_type=\"widget\" data-e-type=\"widget\" data-widget_type=\"text-editor.default\">\n\t\t\t\t<div class=\"elementor-widget-container\">\n\t\t\t\t\t\t\t\t\t<p data-start=\"1949\" data-end=\"1972\">Projeto adapt\u00e1vel para:<\/p><ul data-start=\"1974\" data-end=\"2071\"><li data-section-id=\"gql14e\" data-start=\"1974\" data-end=\"1986\">galerias<\/li><li data-section-id=\"vwwf57\" data-start=\"1987\" data-end=\"2004\">unidades SESC<\/li><li data-section-id=\"14urtag\" data-start=\"2005\" data-end=\"2026\">centros culturais<\/li><li data-section-id=\"kst1md\" data-start=\"2027\" data-end=\"2049\">espa\u00e7os educativos<\/li><li data-section-id=\"1i27rl9\" data-start=\"2050\" data-end=\"2071\">mostras itinerantes<\/li><\/ul>\t\t\t\t\t\t\t\t<\/div>\n\t\t\t\t<\/div>\n\t\t\t\t<\/div>\n\t\t\t\t\t<\/div>\n\t\t\t\t<\/div>\n\t\t<div class=\"elementor-element elementor-element-d0e3f37 e-flex e-con-boxed e-con e-parent\" data-id=\"d0e3f37\" data-element_type=\"container\" data-e-type=\"container\">\n\t\t\t\t\t<div class=\"e-con-inner\">\n\t\t\t\t<div class=\"elementor-element elementor-element-2da722e elementor-widget elementor-widget-heading\" data-id=\"2da722e\" data-element_type=\"widget\" data-e-type=\"widget\" data-widget_type=\"heading.default\">\n\t\t\t\t<div class=\"elementor-widget-container\">\n\t\t\t\t\t<h2 class=\"elementor-heading-title elementor-size-default\">Ficha T\u00e9cnica<\/h2>\t\t\t\t<\/div>\n\t\t\t\t<\/div>\n\t\t\t\t<div class=\"elementor-element elementor-element-9cd71f1 elementor-widget elementor-widget-text-editor\" data-id=\"9cd71f1\" data-element_type=\"widget\" data-e-type=\"widget\" data-widget_type=\"text-editor.default\">\n\t\t\t\t<div class=\"elementor-widget-container\">\n\t\t\t\t\t\t\t\t\t<p>Autor: Alison Andrei<br \/>Ano de realiza\u00e7\u00e3o: 2023<br \/>Idioma: Cartum<br \/>Material: Impress\u00e3o digital em tela<\/p>\t\t\t\t\t\t\t\t<\/div>\n\t\t\t\t<\/div>\n\t\t\t\t\t<\/div>\n\t\t\t\t<\/div>\n\t\t<div class=\"elementor-element elementor-element-74dfd92 e-flex e-con-boxed e-con e-parent\" data-id=\"74dfd92\" data-element_type=\"container\" data-e-type=\"container\">\n\t\t\t\t\t<div class=\"e-con-inner\">\n\t\t\t\t<div class=\"elementor-element elementor-element-f67ba5d elementor-widget elementor-widget-gallery\" data-id=\"f67ba5d\" data-element_type=\"widget\" data-e-type=\"widget\" data-settings=\"{&quot;gallery_layout&quot;:&quot;masonry&quot;,&quot;gap&quot;:{&quot;unit&quot;:&quot;px&quot;,&quot;size&quot;:19,&quot;sizes&quot;:[]},&quot;lazyload&quot;:&quot;yes&quot;,&quot;columns&quot;:4,&quot;columns_tablet&quot;:2,&quot;columns_mobile&quot;:1,&quot;gap_tablet&quot;:{&quot;unit&quot;:&quot;px&quot;,&quot;size&quot;:10,&quot;sizes&quot;:[]},&quot;gap_mobile&quot;:{&quot;unit&quot;:&quot;px&quot;,&quot;size&quot;:10,&quot;sizes&quot;:[]},&quot;link_to&quot;:&quot;file&quot;,&quot;overlay_background&quot;:&quot;yes&quot;,&quot;content_hover_animation&quot;:&quot;fade-in&quot;}\" data-widget_type=\"gallery.default\">\n\t\t\t\t<div class=\"elementor-widget-container\">\n\t\t\t\t\t\t\t<div class=\"elementor-gallery__container\">\n\t\t\t\t\t\t\t<a class=\"e-gallery-item elementor-gallery-item elementor-animated-content\" href=\"https:\/\/alisonandreistudio.com\/wp-content\/uploads\/2025\/06\/a840b6f4-f0e3-4298-936a-90d61a800d13_rw_1920.jpg\" data-elementor-open-lightbox=\"yes\" data-elementor-lightbox-slideshow=\"f67ba5d\" data-e-action-hash=\"#elementor-action%3Aaction%3Dlightbox%26settings%3DeyJpZCI6Njc2LCJ1cmwiOiJodHRwczpcL1wvYWxpc29uYW5kcmVpc3R1ZGlvLmNvbVwvd3AtY29udGVudFwvdXBsb2Fkc1wvMjAyNVwvMDZcL2E4NDBiNmY0LWYwZTMtNDI5OC05MzZhLTkwZDYxYTgwMGQxM19yd18xOTIwLmpwZyIsInNsaWRlc2hvdyI6ImY2N2JhNWQifQ%3D%3D\">\n\t\t\t\t\t<div class=\"e-gallery-image elementor-gallery-item__image\" data-thumbnail=\"https:\/\/alisonandreistudio.com\/wp-content\/uploads\/2025\/06\/a840b6f4-f0e3-4298-936a-90d61a800d13_rw_1920.jpg\" data-width=\"1000\" data-height=\"1415\" aria-label=\"\" role=\"img\" ><\/div>\n\t\t\t\t\t\t\t\t\t\t\t<div class=\"elementor-gallery-item__overlay\"><\/div>\n\t\t\t\t\t\t\t\t\t\t\t\t\t\t<\/a>\n\t\t\t\t\t\t\t<a class=\"e-gallery-item elementor-gallery-item elementor-animated-content\" href=\"https:\/\/alisonandreistudio.com\/wp-content\/uploads\/2025\/06\/da70b04b-600b-4aea-8bf9-e6bc78db6ab8_rw_1920.jpg\" data-elementor-open-lightbox=\"yes\" data-elementor-lightbox-slideshow=\"f67ba5d\" data-e-action-hash=\"#elementor-action%3Aaction%3Dlightbox%26settings%3DeyJpZCI6Njc3LCJ1cmwiOiJodHRwczpcL1wvYWxpc29uYW5kcmVpc3R1ZGlvLmNvbVwvd3AtY29udGVudFwvdXBsb2Fkc1wvMjAyNVwvMDZcL2RhNzBiMDRiLTYwMGItNGFlYS04YmY5LWU2YmM3OGRiNmFiOF9yd18xOTIwLmpwZyIsInNsaWRlc2hvdyI6ImY2N2JhNWQifQ%3D%3D\">\n\t\t\t\t\t<div class=\"e-gallery-image elementor-gallery-item__image\" data-thumbnail=\"https:\/\/alisonandreistudio.com\/wp-content\/uploads\/2025\/06\/da70b04b-600b-4aea-8bf9-e6bc78db6ab8_rw_1920.jpg\" data-width=\"1000\" data-height=\"714\" aria-label=\"\" role=\"img\" ><\/div>\n\t\t\t\t\t\t\t\t\t\t\t<div class=\"elementor-gallery-item__overlay\"><\/div>\n\t\t\t\t\t\t\t\t\t\t\t\t\t\t<\/a>\n\t\t\t\t\t\t\t<a class=\"e-gallery-item elementor-gallery-item elementor-animated-content\" href=\"https:\/\/alisonandreistudio.com\/wp-content\/uploads\/2025\/06\/337905e4-da0f-40b8-89f7-1bc8ed65c66a_rw_1920.jpg\" data-elementor-open-lightbox=\"yes\" data-elementor-lightbox-slideshow=\"f67ba5d\" data-e-action-hash=\"#elementor-action%3Aaction%3Dlightbox%26settings%3DeyJpZCI6Njg0LCJ1cmwiOiJodHRwczpcL1wvYWxpc29uYW5kcmVpc3R1ZGlvLmNvbVwvd3AtY29udGVudFwvdXBsb2Fkc1wvMjAyNVwvMDZcLzMzNzkwNWU0LWRhMGYtNDBiOC04OWY3LTFiYzhlZDY1YzY2YV9yd18xOTIwLmpwZyIsInNsaWRlc2hvdyI6ImY2N2JhNWQifQ%3D%3D\">\n\t\t\t\t\t<div class=\"e-gallery-image elementor-gallery-item__image\" data-thumbnail=\"https:\/\/alisonandreistudio.com\/wp-content\/uploads\/2025\/06\/337905e4-da0f-40b8-89f7-1bc8ed65c66a_rw_1920.jpg\" data-width=\"1000\" data-height=\"1000\" aria-label=\"\" role=\"img\" ><\/div>\n\t\t\t\t\t\t\t\t\t\t\t<div class=\"elementor-gallery-item__overlay\"><\/div>\n\t\t\t\t\t\t\t\t\t\t\t\t\t\t<\/a>\n\t\t\t\t\t\t\t<a class=\"e-gallery-item elementor-gallery-item elementor-animated-content\" href=\"https:\/\/alisonandreistudio.com\/wp-content\/uploads\/2025\/06\/1246a741-7fe8-4bb2-8302-e2006ed2069b_rw_1920.jpg\" data-elementor-open-lightbox=\"yes\" data-elementor-lightbox-slideshow=\"f67ba5d\" data-e-action-hash=\"#elementor-action%3Aaction%3Dlightbox%26settings%3DeyJpZCI6NjgzLCJ1cmwiOiJodHRwczpcL1wvYWxpc29uYW5kcmVpc3R1ZGlvLmNvbVwvd3AtY29udGVudFwvdXBsb2Fkc1wvMjAyNVwvMDZcLzEyNDZhNzQxLTdmZTgtNGJiMi04MzAyLWUyMDA2ZWQyMDY5Yl9yd18xOTIwLmpwZyIsInNsaWRlc2hvdyI6ImY2N2JhNWQifQ%3D%3D\">\n\t\t\t\t\t<div class=\"e-gallery-image elementor-gallery-item__image\" data-thumbnail=\"https:\/\/alisonandreistudio.com\/wp-content\/uploads\/2025\/06\/1246a741-7fe8-4bb2-8302-e2006ed2069b_rw_1920.jpg\" data-width=\"1000\" data-height=\"1000\" aria-label=\"\" role=\"img\" ><\/div>\n\t\t\t\t\t\t\t\t\t\t\t<div class=\"elementor-gallery-item__overlay\"><\/div>\n\t\t\t\t\t\t\t\t\t\t\t\t\t\t<\/a>\n\t\t\t\t\t\t\t<a class=\"e-gallery-item elementor-gallery-item elementor-animated-content\" href=\"https:\/\/alisonandreistudio.com\/wp-content\/uploads\/2025\/06\/85d87866-6ec2-4d73-8881-9eb52c28289e_rw_1920.jpg\" data-elementor-open-lightbox=\"yes\" data-elementor-lightbox-slideshow=\"f67ba5d\" data-e-action-hash=\"#elementor-action%3Aaction%3Dlightbox%26settings%3DeyJpZCI6NjgyLCJ1cmwiOiJodHRwczpcL1wvYWxpc29uYW5kcmVpc3R1ZGlvLmNvbVwvd3AtY29udGVudFwvdXBsb2Fkc1wvMjAyNVwvMDZcLzg1ZDg3ODY2LTZlYzItNGQ3My04ODgxLTllYjUyYzI4Mjg5ZV9yd18xOTIwLmpwZyIsInNsaWRlc2hvdyI6ImY2N2JhNWQifQ%3D%3D\">\n\t\t\t\t\t<div class=\"e-gallery-image elementor-gallery-item__image\" data-thumbnail=\"https:\/\/alisonandreistudio.com\/wp-content\/uploads\/2025\/06\/85d87866-6ec2-4d73-8881-9eb52c28289e_rw_1920.jpg\" data-width=\"1000\" data-height=\"1000\" aria-label=\"\" role=\"img\" ><\/div>\n\t\t\t\t\t\t\t\t\t\t\t<div class=\"elementor-gallery-item__overlay\"><\/div>\n\t\t\t\t\t\t\t\t\t\t\t\t\t\t<\/a>\n\t\t\t\t\t\t\t<a class=\"e-gallery-item elementor-gallery-item elementor-animated-content\" href=\"https:\/\/alisonandreistudio.com\/wp-content\/uploads\/2025\/06\/fb80e651-cf07-4da8-a8a9-2efa7bc044fc_rw_1920.jpg\" data-elementor-open-lightbox=\"yes\" data-elementor-lightbox-slideshow=\"f67ba5d\" data-e-action-hash=\"#elementor-action%3Aaction%3Dlightbox%26settings%3DeyJpZCI6NjgxLCJ1cmwiOiJodHRwczpcL1wvYWxpc29uYW5kcmVpc3R1ZGlvLmNvbVwvd3AtY29udGVudFwvdXBsb2Fkc1wvMjAyNVwvMDZcL2ZiODBlNjUxLWNmMDctNGRhOC1hOGE5LTJlZmE3YmMwNDRmY19yd18xOTIwLmpwZyIsInNsaWRlc2hvdyI6ImY2N2JhNWQifQ%3D%3D\">\n\t\t\t\t\t<div class=\"e-gallery-image elementor-gallery-item__image\" data-thumbnail=\"https:\/\/alisonandreistudio.com\/wp-content\/uploads\/2025\/06\/fb80e651-cf07-4da8-a8a9-2efa7bc044fc_rw_1920.jpg\" data-width=\"1000\" data-height=\"1000\" aria-label=\"\" role=\"img\" ><\/div>\n\t\t\t\t\t\t\t\t\t\t\t<div class=\"elementor-gallery-item__overlay\"><\/div>\n\t\t\t\t\t\t\t\t\t\t\t\t\t\t<\/a>\n\t\t\t\t\t\t\t<a class=\"e-gallery-item elementor-gallery-item elementor-animated-content\" href=\"https:\/\/alisonandreistudio.com\/wp-content\/uploads\/2025\/06\/f724f4c6-9e9c-4acc-9b59-ec685a8f9bfd_rw_1920.jpg\" data-elementor-open-lightbox=\"yes\" data-elementor-lightbox-slideshow=\"f67ba5d\" data-e-action-hash=\"#elementor-action%3Aaction%3Dlightbox%26settings%3DeyJpZCI6NjgwLCJ1cmwiOiJodHRwczpcL1wvYWxpc29uYW5kcmVpc3R1ZGlvLmNvbVwvd3AtY29udGVudFwvdXBsb2Fkc1wvMjAyNVwvMDZcL2Y3MjRmNGM2LTllOWMtNGFjYy05YjU5LWVjNjg1YThmOWJmZF9yd18xOTIwLmpwZyIsInNsaWRlc2hvdyI6ImY2N2JhNWQifQ%3D%3D\">\n\t\t\t\t\t<div class=\"e-gallery-image elementor-gallery-item__image\" data-thumbnail=\"https:\/\/alisonandreistudio.com\/wp-content\/uploads\/2025\/06\/f724f4c6-9e9c-4acc-9b59-ec685a8f9bfd_rw_1920.jpg\" data-width=\"1000\" data-height=\"1000\" aria-label=\"\" role=\"img\" ><\/div>\n\t\t\t\t\t\t\t\t\t\t\t<div class=\"elementor-gallery-item__overlay\"><\/div>\n\t\t\t\t\t\t\t\t\t\t\t\t\t\t<\/a>\n\t\t\t\t\t\t\t<a class=\"e-gallery-item elementor-gallery-item elementor-animated-content\" href=\"https:\/\/alisonandreistudio.com\/wp-content\/uploads\/2025\/06\/ea369615-303f-43f6-92eb-6aee8859228a_rw_1920.jpg\" data-elementor-open-lightbox=\"yes\" data-elementor-lightbox-slideshow=\"f67ba5d\" data-e-action-hash=\"#elementor-action%3Aaction%3Dlightbox%26settings%3DeyJpZCI6Njc5LCJ1cmwiOiJodHRwczpcL1wvYWxpc29uYW5kcmVpc3R1ZGlvLmNvbVwvd3AtY29udGVudFwvdXBsb2Fkc1wvMjAyNVwvMDZcL2VhMzY5NjE1LTMwM2YtNDNmNi05MmViLTZhZWU4ODU5MjI4YV9yd18xOTIwLmpwZyIsInNsaWRlc2hvdyI6ImY2N2JhNWQifQ%3D%3D\">\n\t\t\t\t\t<div class=\"e-gallery-image elementor-gallery-item__image\" data-thumbnail=\"https:\/\/alisonandreistudio.com\/wp-content\/uploads\/2025\/06\/ea369615-303f-43f6-92eb-6aee8859228a_rw_1920.jpg\" data-width=\"1000\" data-height=\"1000\" aria-label=\"\" role=\"img\" ><\/div>\n\t\t\t\t\t\t\t\t\t\t\t<div class=\"elementor-gallery-item__overlay\"><\/div>\n\t\t\t\t\t\t\t\t\t\t\t\t\t\t<\/a>\n\t\t\t\t\t\t\t<a class=\"e-gallery-item elementor-gallery-item elementor-animated-content\" href=\"https:\/\/alisonandreistudio.com\/wp-content\/uploads\/2025\/06\/e40eba40-b9b0-4644-9f5b-82658c15d5ef_rw_1920.jpg\" data-elementor-open-lightbox=\"yes\" data-elementor-lightbox-slideshow=\"f67ba5d\" data-e-action-hash=\"#elementor-action%3Aaction%3Dlightbox%26settings%3DeyJpZCI6Njc4LCJ1cmwiOiJodHRwczpcL1wvYWxpc29uYW5kcmVpc3R1ZGlvLmNvbVwvd3AtY29udGVudFwvdXBsb2Fkc1wvMjAyNVwvMDZcL2U0MGViYTQwLWI5YjAtNDY0NC05ZjViLTgyNjU4YzE1ZDVlZl9yd18xOTIwLmpwZyIsInNsaWRlc2hvdyI6ImY2N2JhNWQifQ%3D%3D\">\n\t\t\t\t\t<div class=\"e-gallery-image elementor-gallery-item__image\" data-thumbnail=\"https:\/\/alisonandreistudio.com\/wp-content\/uploads\/2025\/06\/e40eba40-b9b0-4644-9f5b-82658c15d5ef_rw_1920.jpg\" data-width=\"1000\" data-height=\"1000\" aria-label=\"\" role=\"img\" ><\/div>\n\t\t\t\t\t\t\t\t\t\t\t<div class=\"elementor-gallery-item__overlay\"><\/div>\n\t\t\t\t\t\t\t\t\t\t\t\t\t\t<\/a>\n\t\t\t\t\t<\/div>\n\t\t\t\t\t<\/div>\n\t\t\t\t<\/div>\n\t\t\t\t\t<\/div>\n\t\t\t\t<\/div>\n\t\t\t\t<\/div>","protected":false},"excerpt":{"rendered":"<p>Olhar do sim \u00e9 uma s\u00e9rie autoral que investiga a presen\u00e7a da palha\u00e7aria em diferentes espa\u00e7os urbanos de Ponta Grossa. A partir de observa\u00e7\u00e3o, pesquisa e viv\u00eancia pr\u00e1tica no meio art\u00edstico, o projeto retrata personagens e linguagens que mant\u00eam viva essa tradi\u00e7\u00e3o popular. Conceito Curatorial A s\u00e9rie apresenta m\u00faltiplas express\u00f5es do palha\u00e7o contempor\u00e2neo: artistas de [&hellip;]<\/p>","protected":false},"author":1,"featured_media":676,"parent":0,"menu_order":0,"comment_status":"closed","ping_status":"closed","template":"","meta":{"footnotes":""},"class_list":["post-666","page","type-page","status-publish","has-post-thumbnail","hentry"],"_links":{"self":[{"href":"https:\/\/alisonandreistudio.com\/en\/wp-json\/wp\/v2\/pages\/666","targetHints":{"allow":["GET"]}}],"collection":[{"href":"https:\/\/alisonandreistudio.com\/en\/wp-json\/wp\/v2\/pages"}],"about":[{"href":"https:\/\/alisonandreistudio.com\/en\/wp-json\/wp\/v2\/types\/page"}],"author":[{"embeddable":true,"href":"https:\/\/alisonandreistudio.com\/en\/wp-json\/wp\/v2\/users\/1"}],"replies":[{"embeddable":true,"href":"https:\/\/alisonandreistudio.com\/en\/wp-json\/wp\/v2\/comments?post=666"}],"version-history":[{"count":13,"href":"https:\/\/alisonandreistudio.com\/en\/wp-json\/wp\/v2\/pages\/666\/revisions"}],"predecessor-version":[{"id":2526,"href":"https:\/\/alisonandreistudio.com\/en\/wp-json\/wp\/v2\/pages\/666\/revisions\/2526"}],"wp:featuredmedia":[{"embeddable":true,"href":"https:\/\/alisonandreistudio.com\/en\/wp-json\/wp\/v2\/media\/676"}],"wp:attachment":[{"href":"https:\/\/alisonandreistudio.com\/en\/wp-json\/wp\/v2\/media?parent=666"}],"curies":[{"name":"wp","href":"https:\/\/api.w.org\/{rel}","templated":true}]}}