{"id":643,"date":"2025-06-19T20:21:04","date_gmt":"2025-06-19T20:21:04","guid":{"rendered":"https:\/\/novo.alisonandreistudio.com\/?page_id=643"},"modified":"2026-04-17T19:47:35","modified_gmt":"2026-04-17T19:47:35","slug":"toy-maker-livro-ilustrado","status":"publish","type":"page","link":"https:\/\/alisonandreistudio.com\/en\/toy-maker-livro-ilustrado\/","title":{"rendered":"Toy Maker \u2014 Projeto de Livro Ilustrado"},"content":{"rendered":"<div data-elementor-type=\"wp-page\" data-elementor-id=\"643\" class=\"elementor elementor-643\" data-elementor-post-type=\"page\">\n\t\t\t\t<div class=\"elementor-element elementor-element-1bbdd63 e-flex e-con-boxed e-con e-parent\" data-id=\"1bbdd63\" data-element_type=\"container\" data-e-type=\"container\">\n\t\t\t\t\t<div class=\"e-con-inner\">\n\t\t\t\t<div class=\"elementor-element elementor-element-4b97f3a elementor-widget elementor-widget-image\" data-id=\"4b97f3a\" data-element_type=\"widget\" data-e-type=\"widget\" data-widget_type=\"image.default\">\n\t\t\t\t<div class=\"elementor-widget-container\">\n\t\t\t\t\t\t\t\t\t\t\t\t\t\t\t<img fetchpriority=\"high\" decoding=\"async\" width=\"800\" height=\"410\" src=\"https:\/\/alisonandreistudio.com\/wp-content\/uploads\/2025\/06\/ec18345f-cc83-4ece-bc98-6996689eff58_rw_1920-1024x525.jpg\" class=\"attachment-large size-large wp-image-651\" alt=\"\" srcset=\"https:\/\/alisonandreistudio.com\/wp-content\/uploads\/2025\/06\/ec18345f-cc83-4ece-bc98-6996689eff58_rw_1920-1024x525.jpg 1024w, https:\/\/alisonandreistudio.com\/wp-content\/uploads\/2025\/06\/ec18345f-cc83-4ece-bc98-6996689eff58_rw_1920-300x154.jpg 300w, https:\/\/alisonandreistudio.com\/wp-content\/uploads\/2025\/06\/ec18345f-cc83-4ece-bc98-6996689eff58_rw_1920-768x394.jpg 768w, https:\/\/alisonandreistudio.com\/wp-content\/uploads\/2025\/06\/ec18345f-cc83-4ece-bc98-6996689eff58_rw_1920-1536x787.jpg 1536w, https:\/\/alisonandreistudio.com\/wp-content\/uploads\/2025\/06\/ec18345f-cc83-4ece-bc98-6996689eff58_rw_1920-18x9.jpg 18w, https:\/\/alisonandreistudio.com\/wp-content\/uploads\/2025\/06\/ec18345f-cc83-4ece-bc98-6996689eff58_rw_1920.jpg 1920w\" sizes=\"(max-width: 800px) 100vw, 800px\" \/>\t\t\t\t\t\t\t\t\t\t\t\t\t\t\t<\/div>\n\t\t\t\t<\/div>\n\t\t\t\t\t<\/div>\n\t\t\t\t<\/div>\n\t\t<div class=\"elementor-element elementor-element-7e65348 e-flex e-con-boxed e-con e-parent\" data-id=\"7e65348\" data-element_type=\"container\" data-e-type=\"container\">\n\t\t\t\t\t<div class=\"e-con-inner\">\n\t\t\t\t<div class=\"elementor-element elementor-element-93c6c3f elementor-widget elementor-widget-text-editor\" data-id=\"93c6c3f\" data-element_type=\"widget\" data-e-type=\"widget\" data-widget_type=\"text-editor.default\">\n\t\t\t\t<div class=\"elementor-widget-container\">\n\t\t\t\t\t\t\t\t\t<p>Projeto autoral de livro ilustrado que explora a rela\u00e7\u00e3o entre um criador de brinquedos e suas cria\u00e7\u00f5es.<br data-start=\"816\" data-end=\"819\" \/>A narrativa visual foi constru\u00edda a partir de uma abordagem mais atmosf\u00e9rica, utilizando contraste, textura e ilumina\u00e7\u00e3o para refor\u00e7ar o tom emocional da hist\u00f3ria.<br data-start=\"984\" data-end=\"987\" \/>O projeto inclui desenvolvimento de personagens, cenas narrativas e estudo de aplica\u00e7\u00e3o editorial.<\/p><p>A linguagem visual busca um equil\u00edbrio entre o l\u00fadico e o melanc\u00f3lico, explorando a solid\u00e3o do criador e o v\u00ednculo afetivo com os objetos que produz.<br data-start=\"1288\" data-end=\"1291\" \/>O uso de tons dessaturados e texturas granuladas contribui para uma est\u00e9tica mais sens\u00edvel e introspectiva.<\/p>\t\t\t\t\t\t\t\t<\/div>\n\t\t\t\t<\/div>\n\t\t\t\t<div class=\"elementor-element elementor-element-a31120c elementor-widget elementor-widget-heading\" data-id=\"a31120c\" data-element_type=\"widget\" data-e-type=\"widget\" data-widget_type=\"heading.default\">\n\t\t\t\t<div class=\"elementor-widget-container\">\n\t\t\t\t\t<h2 class=\"elementor-heading-title elementor-size-default\">Explora\u00e7\u00e3o de personagens e narrativa<\/h2>\t\t\t\t<\/div>\n\t\t\t\t<\/div>\n\t\t\t\t\t<\/div>\n\t\t\t\t<\/div>\n\t\t<div class=\"elementor-element elementor-element-46d96bd e-flex e-con-boxed e-con e-parent\" data-id=\"46d96bd\" data-element_type=\"container\" data-e-type=\"container\">\n\t\t\t\t\t<div class=\"e-con-inner\">\n\t\t<div class=\"elementor-element elementor-element-1ac72bc e-con-full e-flex e-con e-child\" data-id=\"1ac72bc\" data-element_type=\"container\" data-e-type=\"container\">\n\t\t\t\t<div class=\"elementor-element elementor-element-2166442 elementor-widget elementor-widget-image\" data-id=\"2166442\" data-element_type=\"widget\" data-e-type=\"widget\" data-widget_type=\"image.default\">\n\t\t\t\t<div class=\"elementor-widget-container\">\n\t\t\t\t\t\t\t\t\t\t\t\t\t\t\t<img decoding=\"async\" src=\"https:\/\/alisonandreistudio.com\/wp-content\/uploads\/2025\/06\/b9ee339c-8769-4c88-a943-105911259c5a_rw_1200.jpg\" title=\"\" alt=\"\" loading=\"lazy\" \/>\t\t\t\t\t\t\t\t\t\t\t\t\t\t\t<\/div>\n\t\t\t\t<\/div>\n\t\t\t\t<\/div>\n\t\t<div class=\"elementor-element elementor-element-99d8e09 e-con-full e-flex e-con e-child\" data-id=\"99d8e09\" data-element_type=\"container\" data-e-type=\"container\">\n\t\t\t\t<div class=\"elementor-element elementor-element-35a258d elementor-widget elementor-widget-image\" data-id=\"35a258d\" data-element_type=\"widget\" data-e-type=\"widget\" data-widget_type=\"image.default\">\n\t\t\t\t<div class=\"elementor-widget-container\">\n\t\t\t\t\t\t\t\t\t\t\t\t\t\t\t<img decoding=\"async\" width=\"800\" height=\"618\" src=\"https:\/\/alisonandreistudio.com\/wp-content\/uploads\/2026\/04\/Toy-maker-oficial-1024x791.gif\" class=\"attachment-large size-large wp-image-2393\" alt=\"\" srcset=\"https:\/\/alisonandreistudio.com\/wp-content\/uploads\/2026\/04\/Toy-maker-oficial-1024x791.gif 1024w, https:\/\/alisonandreistudio.com\/wp-content\/uploads\/2026\/04\/Toy-maker-oficial-300x232.gif 300w, https:\/\/alisonandreistudio.com\/wp-content\/uploads\/2026\/04\/Toy-maker-oficial-768x593.gif 768w, https:\/\/alisonandreistudio.com\/wp-content\/uploads\/2026\/04\/Toy-maker-oficial-1536x1187.gif 1536w, https:\/\/alisonandreistudio.com\/wp-content\/uploads\/2026\/04\/Toy-maker-oficial-2048x1583.gif 2048w, https:\/\/alisonandreistudio.com\/wp-content\/uploads\/2026\/04\/Toy-maker-oficial-16x12.gif 16w, https:\/\/alisonandreistudio.com\/wp-content\/uploads\/2026\/04\/Toy-maker-oficial-800x618.gif 800w\" sizes=\"(max-width: 800px) 100vw, 800px\" \/>\t\t\t\t\t\t\t\t\t\t\t\t\t\t\t<\/div>\n\t\t\t\t<\/div>\n\t\t\t\t<\/div>\n\t\t\t\t\t<\/div>\n\t\t\t\t<\/div>\n\t\t<div class=\"elementor-element elementor-element-2921c7d e-flex e-con-boxed e-con e-parent\" data-id=\"2921c7d\" data-element_type=\"container\" data-e-type=\"container\">\n\t\t\t\t\t<div class=\"e-con-inner\">\n\t\t\t\t<div class=\"elementor-element elementor-element-7800cfa elementor-widget elementor-widget-heading\" data-id=\"7800cfa\" data-element_type=\"widget\" data-e-type=\"widget\" data-widget_type=\"heading.default\">\n\t\t\t\t<div class=\"elementor-widget-container\">\n\t\t\t\t\t<h2 class=\"elementor-heading-title elementor-size-default\">Sequ\u00eancias narrativas<\/h2>\t\t\t\t<\/div>\n\t\t\t\t<\/div>\n\t\t\t\t<div class=\"elementor-element elementor-element-633d4ff elementor-widget elementor-widget-gallery\" data-id=\"633d4ff\" data-element_type=\"widget\" data-e-type=\"widget\" data-settings=\"{&quot;columns&quot;:3,&quot;lazyload&quot;:&quot;yes&quot;,&quot;gallery_layout&quot;:&quot;grid&quot;,&quot;columns_tablet&quot;:2,&quot;columns_mobile&quot;:1,&quot;gap&quot;:{&quot;unit&quot;:&quot;px&quot;,&quot;size&quot;:10,&quot;sizes&quot;:[]},&quot;gap_tablet&quot;:{&quot;unit&quot;:&quot;px&quot;,&quot;size&quot;:10,&quot;sizes&quot;:[]},&quot;gap_mobile&quot;:{&quot;unit&quot;:&quot;px&quot;,&quot;size&quot;:10,&quot;sizes&quot;:[]},&quot;link_to&quot;:&quot;file&quot;,&quot;aspect_ratio&quot;:&quot;3:2&quot;,&quot;overlay_background&quot;:&quot;yes&quot;,&quot;content_hover_animation&quot;:&quot;fade-in&quot;}\" data-widget_type=\"gallery.default\">\n\t\t\t\t<div class=\"elementor-widget-container\">\n\t\t\t\t\t\t\t<div class=\"elementor-gallery__container\">\n\t\t\t\t\t\t\t<a class=\"e-gallery-item elementor-gallery-item elementor-animated-content\" href=\"https:\/\/alisonandreistudio.com\/wp-content\/uploads\/2025\/06\/fee63916-9d53-4751-86c4-d076d98d32ca_rw_1920.jpg\" data-elementor-open-lightbox=\"yes\" data-elementor-lightbox-slideshow=\"633d4ff\" data-e-action-hash=\"#elementor-action%3Aaction%3Dlightbox%26settings%3DeyJpZCI6NjUyLCJ1cmwiOiJodHRwczpcL1wvYWxpc29uYW5kcmVpc3R1ZGlvLmNvbVwvd3AtY29udGVudFwvdXBsb2Fkc1wvMjAyNVwvMDZcL2ZlZTYzOTE2LTlkNTMtNDc1MS04NmM0LWQwNzZkOThkMzJjYV9yd18xOTIwLmpwZyIsInNsaWRlc2hvdyI6IjYzM2Q0ZmYifQ%3D%3D\">\n\t\t\t\t\t<div class=\"e-gallery-image elementor-gallery-item__image\" data-thumbnail=\"https:\/\/alisonandreistudio.com\/wp-content\/uploads\/2025\/06\/fee63916-9d53-4751-86c4-d076d98d32ca_rw_1920.jpg\" data-width=\"1920\" data-height=\"1484\" aria-label=\"\" role=\"img\" ><\/div>\n\t\t\t\t\t\t\t\t\t\t\t<div class=\"elementor-gallery-item__overlay\"><\/div>\n\t\t\t\t\t\t\t\t\t\t\t\t\t\t<\/a>\n\t\t\t\t\t\t\t<a class=\"e-gallery-item elementor-gallery-item elementor-animated-content\" href=\"https:\/\/alisonandreistudio.com\/wp-content\/uploads\/2025\/06\/dc137623-cb7d-4a8c-a76f-57cecdb4b666_rw_1920.jpg\" data-elementor-open-lightbox=\"yes\" data-elementor-lightbox-slideshow=\"633d4ff\" data-e-action-hash=\"#elementor-action%3Aaction%3Dlightbox%26settings%3DeyJpZCI6NjQ5LCJ1cmwiOiJodHRwczpcL1wvYWxpc29uYW5kcmVpc3R1ZGlvLmNvbVwvd3AtY29udGVudFwvdXBsb2Fkc1wvMjAyNVwvMDZcL2RjMTM3NjIzLWNiN2QtNGE4Yy1hNzZmLTU3Y2VjZGI0YjY2Nl9yd18xOTIwLmpwZyIsInNsaWRlc2hvdyI6IjYzM2Q0ZmYifQ%3D%3D\">\n\t\t\t\t\t<div class=\"e-gallery-image elementor-gallery-item__image\" data-thumbnail=\"https:\/\/alisonandreistudio.com\/wp-content\/uploads\/2025\/06\/dc137623-cb7d-4a8c-a76f-57cecdb4b666_rw_1920.jpg\" data-width=\"1920\" data-height=\"1484\" aria-label=\"\" role=\"img\" ><\/div>\n\t\t\t\t\t\t\t\t\t\t\t<div class=\"elementor-gallery-item__overlay\"><\/div>\n\t\t\t\t\t\t\t\t\t\t\t\t\t\t<\/a>\n\t\t\t\t\t\t\t<a class=\"e-gallery-item elementor-gallery-item elementor-animated-content\" href=\"https:\/\/alisonandreistudio.com\/wp-content\/uploads\/2025\/06\/4ccc2d72-fade-4f16-8381-82e1eccdf6e4_rw_1920.jpg\" data-elementor-open-lightbox=\"yes\" data-elementor-lightbox-slideshow=\"633d4ff\" data-e-action-hash=\"#elementor-action%3Aaction%3Dlightbox%26settings%3DeyJpZCI6NjU1LCJ1cmwiOiJodHRwczpcL1wvYWxpc29uYW5kcmVpc3R1ZGlvLmNvbVwvd3AtY29udGVudFwvdXBsb2Fkc1wvMjAyNVwvMDZcLzRjY2MyZDcyLWZhZGUtNGYxNi04MzgxLTgyZTFlY2NkZjZlNF9yd18xOTIwLmpwZyIsInNsaWRlc2hvdyI6IjYzM2Q0ZmYifQ%3D%3D\">\n\t\t\t\t\t<div class=\"e-gallery-image elementor-gallery-item__image\" data-thumbnail=\"https:\/\/alisonandreistudio.com\/wp-content\/uploads\/2025\/06\/4ccc2d72-fade-4f16-8381-82e1eccdf6e4_rw_1920.jpg\" data-width=\"1920\" data-height=\"1484\" aria-label=\"\" role=\"img\" ><\/div>\n\t\t\t\t\t\t\t\t\t\t\t<div class=\"elementor-gallery-item__overlay\"><\/div>\n\t\t\t\t\t\t\t\t\t\t\t\t\t\t<\/a>\n\t\t\t\t\t\t\t<a class=\"e-gallery-item elementor-gallery-item elementor-animated-content\" href=\"https:\/\/alisonandreistudio.com\/wp-content\/uploads\/2025\/06\/1ef9874d-7364-48b8-ad52-97e52dd9ebee_rw_1920.jpg\" data-elementor-open-lightbox=\"yes\" data-elementor-lightbox-slideshow=\"633d4ff\" data-e-action-hash=\"#elementor-action%3Aaction%3Dlightbox%26settings%3DeyJpZCI6NjU0LCJ1cmwiOiJodHRwczpcL1wvYWxpc29uYW5kcmVpc3R1ZGlvLmNvbVwvd3AtY29udGVudFwvdXBsb2Fkc1wvMjAyNVwvMDZcLzFlZjk4NzRkLTczNjQtNDhiOC1hZDUyLTk3ZTUyZGQ5ZWJlZV9yd18xOTIwLmpwZyIsInNsaWRlc2hvdyI6IjYzM2Q0ZmYifQ%3D%3D\">\n\t\t\t\t\t<div class=\"e-gallery-image elementor-gallery-item__image\" data-thumbnail=\"https:\/\/alisonandreistudio.com\/wp-content\/uploads\/2025\/06\/1ef9874d-7364-48b8-ad52-97e52dd9ebee_rw_1920.jpg\" data-width=\"1920\" data-height=\"1484\" aria-label=\"\" role=\"img\" ><\/div>\n\t\t\t\t\t\t\t\t\t\t\t<div class=\"elementor-gallery-item__overlay\"><\/div>\n\t\t\t\t\t\t\t\t\t\t\t\t\t\t<\/a>\n\t\t\t\t\t\t\t<a class=\"e-gallery-item elementor-gallery-item elementor-animated-content\" href=\"https:\/\/alisonandreistudio.com\/wp-content\/uploads\/2025\/06\/b9ee339c-8769-4c88-a943-105911259c5a_rw_1200.jpg\" data-elementor-open-lightbox=\"yes\" data-elementor-lightbox-slideshow=\"633d4ff\" data-e-action-hash=\"#elementor-action%3Aaction%3Dlightbox%26settings%3DeyJpZCI6NjQ3LCJ1cmwiOiJodHRwczpcL1wvYWxpc29uYW5kcmVpc3R1ZGlvLmNvbVwvd3AtY29udGVudFwvdXBsb2Fkc1wvMjAyNVwvMDZcL2I5ZWUzMzljLTg3NjktNGM4OC1hOTQzLTEwNTkxMTI1OWM1YV9yd18xMjAwLmpwZyIsInNsaWRlc2hvdyI6IjYzM2Q0ZmYifQ%3D%3D\">\n\t\t\t\t\t<div class=\"e-gallery-image elementor-gallery-item__image\" data-thumbnail=\"https:\/\/alisonandreistudio.com\/wp-content\/uploads\/2025\/06\/b9ee339c-8769-4c88-a943-105911259c5a_rw_1200.jpg\" data-width=\"1200\" data-height=\"927\" aria-label=\"\" role=\"img\" ><\/div>\n\t\t\t\t\t\t\t\t\t\t\t<div class=\"elementor-gallery-item__overlay\"><\/div>\n\t\t\t\t\t\t\t\t\t\t\t\t\t\t<\/a>\n\t\t\t\t\t\t\t<a class=\"e-gallery-item elementor-gallery-item elementor-animated-content\" href=\"https:\/\/alisonandreistudio.com\/wp-content\/uploads\/2025\/06\/d6607ed7-15b4-4b94-993d-cdcf9a95c9c9_rw_1200.jpg\" data-elementor-open-lightbox=\"yes\" data-elementor-lightbox-slideshow=\"633d4ff\" data-e-action-hash=\"#elementor-action%3Aaction%3Dlightbox%26settings%3DeyJpZCI6NjQ4LCJ1cmwiOiJodHRwczpcL1wvYWxpc29uYW5kcmVpc3R1ZGlvLmNvbVwvd3AtY29udGVudFwvdXBsb2Fkc1wvMjAyNVwvMDZcL2Q2NjA3ZWQ3LTE1YjQtNGI5NC05OTNkLWNkY2Y5YTk1YzljOV9yd18xMjAwLmpwZyIsInNsaWRlc2hvdyI6IjYzM2Q0ZmYifQ%3D%3D\">\n\t\t\t\t\t<div class=\"e-gallery-image elementor-gallery-item__image\" data-thumbnail=\"https:\/\/alisonandreistudio.com\/wp-content\/uploads\/2025\/06\/d6607ed7-15b4-4b94-993d-cdcf9a95c9c9_rw_1200.jpg\" data-width=\"842\" data-height=\"1191\" aria-label=\"\" role=\"img\" ><\/div>\n\t\t\t\t\t\t\t\t\t\t\t<div class=\"elementor-gallery-item__overlay\"><\/div>\n\t\t\t\t\t\t\t\t\t\t\t\t\t\t<\/a>\n\t\t\t\t\t<\/div>\n\t\t\t\t\t<\/div>\n\t\t\t\t<\/div>\n\t\t\t\t\t<\/div>\n\t\t\t\t<\/div>\n\t\t<div class=\"elementor-element elementor-element-fdc87a9 e-flex e-con-boxed e-con e-parent\" data-id=\"fdc87a9\" data-element_type=\"container\" data-e-type=\"container\">\n\t\t\t\t\t<div class=\"e-con-inner\">\n\t\t\t\t<div class=\"elementor-element elementor-element-a152512 elementor-widget elementor-widget-heading\" data-id=\"a152512\" data-element_type=\"widget\" data-e-type=\"widget\" data-widget_type=\"heading.default\">\n\t\t\t\t<div class=\"elementor-widget-container\">\n\t\t\t\t\t<h2 class=\"elementor-heading-title elementor-size-default\">Aplica\u00e7\u00e3o em p\u00e1ginas<\/h2>\t\t\t\t<\/div>\n\t\t\t\t<\/div>\n\t\t\t\t<div class=\"elementor-element elementor-element-5ad21b2 elementor-widget elementor-widget-text-editor\" data-id=\"5ad21b2\" data-element_type=\"widget\" data-e-type=\"widget\" data-widget_type=\"text-editor.default\">\n\t\t\t\t<div class=\"elementor-widget-container\">\n\t\t\t\t\t\t\t\t\t<p>Toy Maker acompanha um criador solit\u00e1rio que encontra sentido ao dar vida a seus brinquedos, questionando o limite entre cria\u00e7\u00e3o e afeto.<\/p>\t\t\t\t\t\t\t\t<\/div>\n\t\t\t\t<\/div>\n\t\t\t\t<div class=\"elementor-element elementor-element-a7bca4e elementor-widget elementor-widget-gallery\" data-id=\"a7bca4e\" data-element_type=\"widget\" data-e-type=\"widget\" data-settings=\"{&quot;columns&quot;:3,&quot;lazyload&quot;:&quot;yes&quot;,&quot;gallery_layout&quot;:&quot;grid&quot;,&quot;columns_tablet&quot;:2,&quot;columns_mobile&quot;:1,&quot;gap&quot;:{&quot;unit&quot;:&quot;px&quot;,&quot;size&quot;:10,&quot;sizes&quot;:[]},&quot;gap_tablet&quot;:{&quot;unit&quot;:&quot;px&quot;,&quot;size&quot;:10,&quot;sizes&quot;:[]},&quot;gap_mobile&quot;:{&quot;unit&quot;:&quot;px&quot;,&quot;size&quot;:10,&quot;sizes&quot;:[]},&quot;link_to&quot;:&quot;file&quot;,&quot;aspect_ratio&quot;:&quot;3:2&quot;,&quot;overlay_background&quot;:&quot;yes&quot;,&quot;content_hover_animation&quot;:&quot;fade-in&quot;}\" data-widget_type=\"gallery.default\">\n\t\t\t\t<div class=\"elementor-widget-container\">\n\t\t\t\t\t\t\t<div class=\"elementor-gallery__container\">\n\t\t\t\t\t\t\t<a class=\"e-gallery-item elementor-gallery-item elementor-animated-content\" href=\"https:\/\/alisonandreistudio.com\/wp-content\/uploads\/2025\/06\/0d151a39-07d4-484a-9778-40b540aa444a_rw_1200.jpg\" data-elementor-open-lightbox=\"yes\" data-elementor-lightbox-slideshow=\"a7bca4e\" data-e-action-hash=\"#elementor-action%3Aaction%3Dlightbox%26settings%3DeyJpZCI6NjUzLCJ1cmwiOiJodHRwczpcL1wvYWxpc29uYW5kcmVpc3R1ZGlvLmNvbVwvd3AtY29udGVudFwvdXBsb2Fkc1wvMjAyNVwvMDZcLzBkMTUxYTM5LTA3ZDQtNDg0YS05Nzc4LTQwYjU0MGFhNDQ0YV9yd18xMjAwLmpwZyIsInNsaWRlc2hvdyI6ImE3YmNhNGUifQ%3D%3D\">\n\t\t\t\t\t<div class=\"e-gallery-image elementor-gallery-item__image\" data-thumbnail=\"https:\/\/alisonandreistudio.com\/wp-content\/uploads\/2025\/06\/0d151a39-07d4-484a-9778-40b540aa444a_rw_1200.jpg\" data-width=\"1200\" data-height=\"1000\" aria-label=\"\" role=\"img\" ><\/div>\n\t\t\t\t\t\t\t\t\t\t\t<div class=\"elementor-gallery-item__overlay\"><\/div>\n\t\t\t\t\t\t\t\t\t\t\t\t\t\t<\/a>\n\t\t\t\t\t\t\t<a class=\"e-gallery-item elementor-gallery-item elementor-animated-content\" href=\"https:\/\/alisonandreistudio.com\/wp-content\/uploads\/2025\/06\/e23fad7d-2143-4ca0-b0fc-0339b16eb07b_rw_1200.jpg\" data-elementor-open-lightbox=\"yes\" data-elementor-lightbox-slideshow=\"a7bca4e\" data-e-action-hash=\"#elementor-action%3Aaction%3Dlightbox%26settings%3DeyJpZCI6NjUwLCJ1cmwiOiJodHRwczpcL1wvYWxpc29uYW5kcmVpc3R1ZGlvLmNvbVwvd3AtY29udGVudFwvdXBsb2Fkc1wvMjAyNVwvMDZcL2UyM2ZhZDdkLTIxNDMtNGNhMC1iMGZjLTAzMzliMTZlYjA3Yl9yd18xMjAwLmpwZyIsInNsaWRlc2hvdyI6ImE3YmNhNGUifQ%3D%3D\">\n\t\t\t\t\t<div class=\"e-gallery-image elementor-gallery-item__image\" data-thumbnail=\"https:\/\/alisonandreistudio.com\/wp-content\/uploads\/2025\/06\/e23fad7d-2143-4ca0-b0fc-0339b16eb07b_rw_1200.jpg\" data-width=\"1200\" data-height=\"1000\" aria-label=\"\" role=\"img\" ><\/div>\n\t\t\t\t\t\t\t\t\t\t\t<div class=\"elementor-gallery-item__overlay\"><\/div>\n\t\t\t\t\t\t\t\t\t\t\t\t\t\t<\/a>\n\t\t\t\t\t\t\t<a class=\"e-gallery-item elementor-gallery-item elementor-animated-content\" href=\"https:\/\/alisonandreistudio.com\/wp-content\/uploads\/2025\/06\/39125139-90e9-4b20-8912-e3e880c8aa1e_rw_1920.jpg\" data-elementor-open-lightbox=\"yes\" data-elementor-lightbox-slideshow=\"a7bca4e\" data-e-action-hash=\"#elementor-action%3Aaction%3Dlightbox%26settings%3DeyJpZCI6NjQ2LCJ1cmwiOiJodHRwczpcL1wvYWxpc29uYW5kcmVpc3R1ZGlvLmNvbVwvd3AtY29udGVudFwvdXBsb2Fkc1wvMjAyNVwvMDZcLzM5MTI1MTM5LTkwZTktNGIyMC04OTEyLWUzZTg4MGM4YWExZV9yd18xOTIwLmpwZyIsInNsaWRlc2hvdyI6ImE3YmNhNGUifQ%3D%3D\">\n\t\t\t\t\t<div class=\"e-gallery-image elementor-gallery-item__image\" data-thumbnail=\"https:\/\/alisonandreistudio.com\/wp-content\/uploads\/2025\/06\/39125139-90e9-4b20-8912-e3e880c8aa1e_rw_1920.jpg\" data-width=\"1920\" data-height=\"1280\" aria-label=\"\" role=\"img\" ><\/div>\n\t\t\t\t\t\t\t\t\t\t\t<div class=\"elementor-gallery-item__overlay\"><\/div>\n\t\t\t\t\t\t\t\t\t\t\t\t\t\t<\/a>\n\t\t\t\t\t<\/div>\n\t\t\t\t\t<\/div>\n\t\t\t\t<\/div>\n\t\t\t\t\t<\/div>\n\t\t\t\t<\/div>\n\t\t\t\t<\/div>","protected":false},"excerpt":{"rendered":"<p>Projeto autoral de livro ilustrado que explora a rela\u00e7\u00e3o entre um criador de brinquedos e suas cria\u00e7\u00f5es.A narrativa visual foi constru\u00edda a partir de uma abordagem mais atmosf\u00e9rica, utilizando contraste, textura e ilumina\u00e7\u00e3o para refor\u00e7ar o tom emocional da hist\u00f3ria.O projeto inclui desenvolvimento de personagens, cenas narrativas e estudo de aplica\u00e7\u00e3o editorial. A linguagem visual [&hellip;]<\/p>","protected":false},"author":1,"featured_media":646,"parent":0,"menu_order":0,"comment_status":"closed","ping_status":"closed","template":"","meta":{"footnotes":""},"class_list":["post-643","page","type-page","status-publish","has-post-thumbnail","hentry"],"_links":{"self":[{"href":"https:\/\/alisonandreistudio.com\/en\/wp-json\/wp\/v2\/pages\/643","targetHints":{"allow":["GET"]}}],"collection":[{"href":"https:\/\/alisonandreistudio.com\/en\/wp-json\/wp\/v2\/pages"}],"about":[{"href":"https:\/\/alisonandreistudio.com\/en\/wp-json\/wp\/v2\/types\/page"}],"author":[{"embeddable":true,"href":"https:\/\/alisonandreistudio.com\/en\/wp-json\/wp\/v2\/users\/1"}],"replies":[{"embeddable":true,"href":"https:\/\/alisonandreistudio.com\/en\/wp-json\/wp\/v2\/comments?post=643"}],"version-history":[{"count":10,"href":"https:\/\/alisonandreistudio.com\/en\/wp-json\/wp\/v2\/pages\/643\/revisions"}],"predecessor-version":[{"id":2399,"href":"https:\/\/alisonandreistudio.com\/en\/wp-json\/wp\/v2\/pages\/643\/revisions\/2399"}],"wp:featuredmedia":[{"embeddable":true,"href":"https:\/\/alisonandreistudio.com\/en\/wp-json\/wp\/v2\/media\/646"}],"wp:attachment":[{"href":"https:\/\/alisonandreistudio.com\/en\/wp-json\/wp\/v2\/media?parent=643"}],"curies":[{"name":"wp","href":"https:\/\/api.w.org\/{rel}","templated":true}]}}