{"id":278,"date":"2025-06-04T02:12:26","date_gmt":"2025-06-04T02:12:26","guid":{"rendered":"https:\/\/novo.alisonandreistudio.com\/?page_id=278"},"modified":"2026-04-20T21:05:53","modified_gmt":"2026-04-20T21:05:53","slug":"operacao-ted","status":"publish","type":"page","link":"https:\/\/alisonandreistudio.com\/en\/operacao-ted\/","title":{"rendered":"Opera\u00e7\u00e3o.ted"},"content":{"rendered":"<div data-elementor-type=\"wp-page\" data-elementor-id=\"278\" class=\"elementor elementor-278\" data-elementor-post-type=\"page\">\n\t\t\t\t<div class=\"elementor-element elementor-element-a546e26 e-flex e-con-boxed e-con e-parent\" data-id=\"a546e26\" data-element_type=\"container\" data-e-type=\"container\">\n\t\t\t\t\t<div class=\"e-con-inner\">\n\t\t\t\t<div class=\"elementor-element elementor-element-3153df5 elementor-widget elementor-widget-image\" data-id=\"3153df5\" data-element_type=\"widget\" data-e-type=\"widget\" data-widget_type=\"image.default\">\n\t\t\t\t<div class=\"elementor-widget-container\">\n\t\t\t\t\t\t\t\t\t\t\t\t\t\t\t<img fetchpriority=\"high\" decoding=\"async\" width=\"800\" height=\"410\" src=\"https:\/\/alisonandreistudio.com\/wp-content\/uploads\/2025\/06\/ac46b9a4-6e0c-4062-8926-a81ca4248b46_rw_1920-1-1024x525.jpg\" class=\"attachment-large size-large wp-image-280\" alt=\"\" srcset=\"https:\/\/alisonandreistudio.com\/wp-content\/uploads\/2025\/06\/ac46b9a4-6e0c-4062-8926-a81ca4248b46_rw_1920-1-1024x525.jpg 1024w, https:\/\/alisonandreistudio.com\/wp-content\/uploads\/2025\/06\/ac46b9a4-6e0c-4062-8926-a81ca4248b46_rw_1920-1-300x154.jpg 300w, https:\/\/alisonandreistudio.com\/wp-content\/uploads\/2025\/06\/ac46b9a4-6e0c-4062-8926-a81ca4248b46_rw_1920-1-768x394.jpg 768w, https:\/\/alisonandreistudio.com\/wp-content\/uploads\/2025\/06\/ac46b9a4-6e0c-4062-8926-a81ca4248b46_rw_1920-1-1536x787.jpg 1536w, https:\/\/alisonandreistudio.com\/wp-content\/uploads\/2025\/06\/ac46b9a4-6e0c-4062-8926-a81ca4248b46_rw_1920-1.jpg 1920w\" sizes=\"(max-width: 800px) 100vw, 800px\" \/>\t\t\t\t\t\t\t\t\t\t\t\t\t\t\t<\/div>\n\t\t\t\t<\/div>\n\t\t\t\t\t<\/div>\n\t\t\t\t<\/div>\n\t\t<div class=\"elementor-element elementor-element-dd9769b e-flex e-con-boxed e-con e-parent\" data-id=\"dd9769b\" data-element_type=\"container\" data-e-type=\"container\">\n\t\t\t\t\t<div class=\"e-con-inner\">\n\t\t\t\t<div class=\"elementor-element elementor-element-dfd650c elementor-widget elementor-widget-text-editor\" data-id=\"dfd650c\" data-element_type=\"widget\" data-e-type=\"widget\" data-widget_type=\"text-editor.default\">\n\t\t\t\t<div class=\"elementor-widget-container\">\n\t\t\t\t\t\t\t\t\t<p>Opera\u00e7\u00e3o.TED \u00e9 um universo autoral criado originalmente em 2017 como projeto de quadrinhos e posteriormente reinterpretado como estudo visual para board game. O projeto re\u00fane narrativa, design de personagens e expans\u00e3o transm\u00eddia em uma propriedade intelectual original.<\/p>\t\t\t\t\t\t\t\t<\/div>\n\t\t\t\t<\/div>\n\t\t\t\t<div class=\"elementor-element elementor-element-a8b4e88 elementor-widget elementor-widget-heading\" data-id=\"a8b4e88\" data-element_type=\"widget\" data-e-type=\"widget\" data-widget_type=\"heading.default\">\n\t\t\t\t<div class=\"elementor-widget-container\">\n\t\t\t\t\t<h2 class=\"elementor-heading-title elementor-size-default\">Conceito<\/h2>\t\t\t\t<\/div>\n\t\t\t\t<\/div>\n\t\t\t\t<div class=\"elementor-element elementor-element-72e4f52 elementor-widget elementor-widget-text-editor\" data-id=\"72e4f52\" data-element_type=\"widget\" data-e-type=\"widget\" data-widget_type=\"text-editor.default\">\n\t\t\t\t<div class=\"elementor-widget-container\">\n\t\t\t\t\t\t\t\t\t<p data-start=\"492\" data-end=\"775\">A hist\u00f3ria acompanha Ted, um jovem nerd que tem seu DNA alterado por uma corpora\u00e7\u00e3o secreta e passa a enfrentar situa\u00e7\u00f5es absurdas enquanto tenta provar seu valor. Em sua jornada, ele encontra aliados improv\u00e1veis, figuras exc\u00eantricas e desafios que misturam humor, aventura e fic\u00e7\u00e3o.<\/p>\t\t\t\t\t\t\t\t<\/div>\n\t\t\t\t<\/div>\n\t\t\t\t\t<\/div>\n\t\t\t\t<\/div>\n\t\t<div class=\"elementor-element elementor-element-dc0554b e-flex e-con-boxed e-con e-parent\" data-id=\"dc0554b\" data-element_type=\"container\" data-e-type=\"container\">\n\t\t\t\t\t<div class=\"e-con-inner\">\n\t\t\t\t<div class=\"elementor-element elementor-element-da5e905 elementor-widget elementor-widget-heading\" data-id=\"da5e905\" data-element_type=\"widget\" data-e-type=\"widget\" data-widget_type=\"heading.default\">\n\t\t\t\t<div class=\"elementor-widget-container\">\n\t\t\t\t\t<h2 class=\"elementor-heading-title elementor-size-default\">Desenvolvimento de personagens<\/h2>\t\t\t\t<\/div>\n\t\t\t\t<\/div>\n\t\t\t\t<div class=\"elementor-element elementor-element-b7727ae elementor-widget elementor-widget-text-editor\" data-id=\"b7727ae\" data-element_type=\"widget\" data-e-type=\"widget\" data-widget_type=\"text-editor.default\">\n\t\t\t\t<div class=\"elementor-widget-container\">\n\t\t\t\t\t\t\t\t\t<p data-start=\"492\" data-end=\"775\">Para a nova fase do projeto, os personagens foram redesenhados com foco em linguagem visual mais s\u00f3lida, silhuetas marcantes e melhor aplica\u00e7\u00e3o para diferentes formatos de m\u00eddia.<\/p>\t\t\t\t\t\t\t\t<\/div>\n\t\t\t\t<\/div>\n\t\t\t\t<div class=\"elementor-element elementor-element-76d0834 elementor-widget elementor-widget-image\" data-id=\"76d0834\" data-element_type=\"widget\" data-e-type=\"widget\" data-widget_type=\"image.default\">\n\t\t\t\t<div class=\"elementor-widget-container\">\n\t\t\t\t\t\t\t\t\t\t\t\t\t\t\t<img decoding=\"async\" width=\"1920\" height=\"1164\" src=\"https:\/\/alisonandreistudio.com\/wp-content\/uploads\/2025\/06\/c60ff59b-13dc-43bb-84d6-b2000103e101_rw_1920-1.jpg\" class=\"attachment-full size-full wp-image-281\" alt=\"\" srcset=\"https:\/\/alisonandreistudio.com\/wp-content\/uploads\/2025\/06\/c60ff59b-13dc-43bb-84d6-b2000103e101_rw_1920-1.jpg 1920w, https:\/\/alisonandreistudio.com\/wp-content\/uploads\/2025\/06\/c60ff59b-13dc-43bb-84d6-b2000103e101_rw_1920-1-300x182.jpg 300w, https:\/\/alisonandreistudio.com\/wp-content\/uploads\/2025\/06\/c60ff59b-13dc-43bb-84d6-b2000103e101_rw_1920-1-1024x621.jpg 1024w, https:\/\/alisonandreistudio.com\/wp-content\/uploads\/2025\/06\/c60ff59b-13dc-43bb-84d6-b2000103e101_rw_1920-1-768x466.jpg 768w, https:\/\/alisonandreistudio.com\/wp-content\/uploads\/2025\/06\/c60ff59b-13dc-43bb-84d6-b2000103e101_rw_1920-1-1536x931.jpg 1536w\" sizes=\"(max-width: 1920px) 100vw, 1920px\" \/>\t\t\t\t\t\t\t\t\t\t\t\t\t\t\t<\/div>\n\t\t\t\t<\/div>\n\t\t\t\t\t<\/div>\n\t\t\t\t<\/div>\n\t\t<div class=\"elementor-element elementor-element-8462d91 e-flex e-con-boxed e-con e-parent\" data-id=\"8462d91\" data-element_type=\"container\" data-e-type=\"container\">\n\t\t\t\t\t<div class=\"e-con-inner\">\n\t\t<div class=\"elementor-element elementor-element-eae7a35 e-con-full e-flex e-con e-child\" data-id=\"eae7a35\" data-element_type=\"container\" data-e-type=\"container\">\n\t\t\t\t<div class=\"elementor-element elementor-element-0fc8418 elementor-widget elementor-widget-image\" data-id=\"0fc8418\" data-element_type=\"widget\" data-e-type=\"widget\" data-widget_type=\"image.default\">\n\t\t\t\t<div class=\"elementor-widget-container\">\n\t\t\t\t\t\t\t\t\t\t\t\t\t\t\t<img decoding=\"async\" width=\"1200\" height=\"1536\" src=\"https:\/\/alisonandreistudio.com\/wp-content\/uploads\/2025\/06\/3fb5fc88-f07c-40e8-bfa3-f40a7542a137_rw_1200-2.png\" class=\"attachment-full size-full wp-image-282\" alt=\"\" srcset=\"https:\/\/alisonandreistudio.com\/wp-content\/uploads\/2025\/06\/3fb5fc88-f07c-40e8-bfa3-f40a7542a137_rw_1200-2.png 1200w, https:\/\/alisonandreistudio.com\/wp-content\/uploads\/2025\/06\/3fb5fc88-f07c-40e8-bfa3-f40a7542a137_rw_1200-2-234x300.png 234w, https:\/\/alisonandreistudio.com\/wp-content\/uploads\/2025\/06\/3fb5fc88-f07c-40e8-bfa3-f40a7542a137_rw_1200-2-800x1024.png 800w, https:\/\/alisonandreistudio.com\/wp-content\/uploads\/2025\/06\/3fb5fc88-f07c-40e8-bfa3-f40a7542a137_rw_1200-2-768x983.png 768w\" sizes=\"(max-width: 1200px) 100vw, 1200px\" \/>\t\t\t\t\t\t\t\t\t\t\t\t\t\t\t<\/div>\n\t\t\t\t<\/div>\n\t\t\t\t<\/div>\n\t\t<div class=\"elementor-element elementor-element-3c2b68a e-con-full e-flex e-con e-child\" data-id=\"3c2b68a\" data-element_type=\"container\" data-e-type=\"container\">\n\t\t\t\t<div class=\"elementor-element elementor-element-c625235 elementor-widget elementor-widget-image\" data-id=\"c625235\" data-element_type=\"widget\" data-e-type=\"widget\" data-widget_type=\"image.default\">\n\t\t\t\t<div class=\"elementor-widget-container\">\n\t\t\t\t\t\t\t\t\t\t\t\t\t\t\t<img loading=\"lazy\" decoding=\"async\" width=\"1200\" height=\"1229\" src=\"https:\/\/alisonandreistudio.com\/wp-content\/uploads\/2025\/06\/9428e2e6-4754-4dc9-a780-cfa7c446d16b_rw_1200.gif\" class=\"attachment-full size-full wp-image-283\" alt=\"\" \/>\t\t\t\t\t\t\t\t\t\t\t\t\t\t\t<\/div>\n\t\t\t\t<\/div>\n\t\t\t\t<\/div>\n\t\t\t\t\t<\/div>\n\t\t\t\t<\/div>\n\t\t<div class=\"elementor-element elementor-element-6964ec9 e-flex e-con-boxed e-con e-parent\" data-id=\"6964ec9\" data-element_type=\"container\" data-e-type=\"container\">\n\t\t\t\t\t<div class=\"e-con-inner\">\n\t\t\t\t<div class=\"elementor-element elementor-element-ea95364 elementor-skin-carousel elementor-arrows-yes elementor-pagination-type-bullets elementor-pagination-position-outside elementor-widget elementor-widget-media-carousel\" data-id=\"ea95364\" data-element_type=\"widget\" data-e-type=\"widget\" data-settings=\"{&quot;effect&quot;:&quot;fade&quot;,&quot;skin&quot;:&quot;carousel&quot;,&quot;show_arrows&quot;:&quot;yes&quot;,&quot;pagination&quot;:&quot;bullets&quot;,&quot;speed&quot;:500,&quot;autoplay&quot;:&quot;yes&quot;,&quot;autoplay_speed&quot;:5000,&quot;loop&quot;:&quot;yes&quot;,&quot;pause_on_hover&quot;:&quot;yes&quot;,&quot;pause_on_interaction&quot;:&quot;yes&quot;,&quot;space_between&quot;:{&quot;unit&quot;:&quot;px&quot;,&quot;size&quot;:10,&quot;sizes&quot;:[]},&quot;space_between_tablet&quot;:{&quot;unit&quot;:&quot;px&quot;,&quot;size&quot;:10,&quot;sizes&quot;:[]},&quot;space_between_mobile&quot;:{&quot;unit&quot;:&quot;px&quot;,&quot;size&quot;:10,&quot;sizes&quot;:[]}}\" data-widget_type=\"media-carousel.default\">\n\t\t\t\t<div class=\"elementor-widget-container\">\n\t\t\t\t\t\t\t\t\t<div class=\"elementor-swiper\">\n\t\t\t\t\t<div class=\"elementor-main-swiper swiper\" role=\"region\" aria-roledescription=\"carousel\" aria-label=\"Slides\">\n\t\t\t\t<div class=\"swiper-wrapper\">\n\t\t\t\t\t\t\t\t\t\t\t<div class=\"swiper-slide\" role=\"group\" aria-roledescription=\"slide\">\n\t\t\t\t\t\t\t\t\t<div class=\"elementor-carousel-image\" role=\"img\" aria-label=\"aff01161-e219-4132-a40c-5c8350fa2388_rw_1920\" style=\"background-image: url(&#039;https:\/\/alisonandreistudio.com\/wp-content\/uploads\/2025\/06\/aff01161-e219-4132-a40c-5c8350fa2388_rw_1920.jpg&#039;)\">\n\n\t\t\t\n\t\t\t\t\t<\/div>\n\t\t\t\t\t\t\t\t<\/div>\n\t\t\t\t\t\t\t\t\t\t\t<div class=\"swiper-slide\" role=\"group\" aria-roledescription=\"slide\">\n\t\t\t\t\t\t\t\t\t<div class=\"elementor-carousel-image\" role=\"img\" aria-label=\"7504a048-655a-4b16-af5b-4b1942013ebb_rw_1920\" style=\"background-image: url(&#039;https:\/\/alisonandreistudio.com\/wp-content\/uploads\/2025\/06\/7504a048-655a-4b16-af5b-4b1942013ebb_rw_1920.jpg&#039;)\">\n\n\t\t\t\n\t\t\t\t\t<\/div>\n\t\t\t\t\t\t\t\t<\/div>\n\t\t\t\t\t\t\t\t\t\t\t<div class=\"swiper-slide\" role=\"group\" aria-roledescription=\"slide\">\n\t\t\t\t\t\t\t\t\t<div class=\"elementor-carousel-image\" role=\"img\" aria-label=\"79565c5a-f885-44cf-9c24-19b60be34948_rw_1920\" style=\"background-image: url(&#039;https:\/\/alisonandreistudio.com\/wp-content\/uploads\/2025\/06\/79565c5a-f885-44cf-9c24-19b60be34948_rw_1920.jpg&#039;)\">\n\n\t\t\t\n\t\t\t\t\t<\/div>\n\t\t\t\t\t\t\t\t<\/div>\n\t\t\t\t\t\t\t\t\t<\/div>\n\t\t\t\t\t\t\t\t\t\t\t\t\t\t\t<div class=\"elementor-swiper-button elementor-swiper-button-prev\" role=\"button\" tabindex=\"0\" aria-label=\"Previous\">\n\t\t\t\t\t\t\t<svg aria-hidden=\"true\" class=\"e-font-icon-svg e-eicon-chevron-left\" viewbox=\"0 0 1000 1000\" xmlns=\"http:\/\/www.w3.org\/2000\/svg\"><path d=\"M646 125C629 125 613 133 604 142L308 442C296 454 292 471 292 487 292 504 296 521 308 533L604 854C617 867 629 875 646 875 663 875 679 871 692 858 704 846 713 829 713 812 713 796 708 779 692 767L438 487 692 225C700 217 708 204 708 187 708 171 704 154 692 142 675 129 663 125 646 125Z\"><\/path><\/svg>\t\t\t\t\t\t<\/div>\n\t\t\t\t\t\t<div class=\"elementor-swiper-button elementor-swiper-button-next\" role=\"button\" tabindex=\"0\" aria-label=\"Next\">\n\t\t\t\t\t\t\t<svg aria-hidden=\"true\" class=\"e-font-icon-svg e-eicon-chevron-right\" viewbox=\"0 0 1000 1000\" xmlns=\"http:\/\/www.w3.org\/2000\/svg\"><path d=\"M696 533C708 521 713 504 713 487 713 471 708 454 696 446L400 146C388 133 375 125 354 125 338 125 325 129 313 142 300 154 292 171 292 187 292 204 296 221 308 233L563 492 304 771C292 783 288 800 288 817 288 833 296 850 308 863 321 871 338 875 354 875 371 875 388 867 400 854L696 533Z\"><\/path><\/svg>\t\t\t\t\t\t<\/div>\n\t\t\t\t\t\t\t\t\t\t\t\t\t\t\t\t<div class=\"swiper-pagination\"><\/div>\n\t\t\t\t\t\t\t\t\t\t\t\t<\/div>\n\t\t\t\t<\/div>\n\t\t\t\t\t\t\t\t<\/div>\n\t\t\t\t<\/div>\n\t\t\t\t\t<\/div>\n\t\t\t\t<\/div>\n\t\t<div class=\"elementor-element elementor-element-c280676 e-flex e-con-boxed e-con e-parent\" data-id=\"c280676\" data-element_type=\"container\" data-e-type=\"container\">\n\t\t\t\t\t<div class=\"e-con-inner\">\n\t\t\t\t<div class=\"elementor-element elementor-element-ca0544b elementor-widget elementor-widget-image\" data-id=\"ca0544b\" data-element_type=\"widget\" data-e-type=\"widget\" data-widget_type=\"image.default\">\n\t\t\t\t<div class=\"elementor-widget-container\">\n\t\t\t\t\t\t\t\t\t\t\t\t\t\t\t<img loading=\"lazy\" decoding=\"async\" width=\"1920\" height=\"984\" src=\"https:\/\/alisonandreistudio.com\/wp-content\/uploads\/2025\/06\/4216d4d2-187f-4185-ade4-762931dfeae2_rw_1920.jpg\" class=\"attachment-full size-full wp-image-286\" alt=\"\" srcset=\"https:\/\/alisonandreistudio.com\/wp-content\/uploads\/2025\/06\/4216d4d2-187f-4185-ade4-762931dfeae2_rw_1920.jpg 1920w, https:\/\/alisonandreistudio.com\/wp-content\/uploads\/2025\/06\/4216d4d2-187f-4185-ade4-762931dfeae2_rw_1920-300x154.jpg 300w, https:\/\/alisonandreistudio.com\/wp-content\/uploads\/2025\/06\/4216d4d2-187f-4185-ade4-762931dfeae2_rw_1920-1024x525.jpg 1024w, https:\/\/alisonandreistudio.com\/wp-content\/uploads\/2025\/06\/4216d4d2-187f-4185-ade4-762931dfeae2_rw_1920-768x394.jpg 768w, https:\/\/alisonandreistudio.com\/wp-content\/uploads\/2025\/06\/4216d4d2-187f-4185-ade4-762931dfeae2_rw_1920-1536x787.jpg 1536w\" sizes=\"(max-width: 1920px) 100vw, 1920px\" \/>\t\t\t\t\t\t\t\t\t\t\t\t\t\t\t<\/div>\n\t\t\t\t<\/div>\n\t\t\t\t\t<\/div>\n\t\t\t\t<\/div>\n\t\t<div class=\"elementor-element elementor-element-d030a34 e-flex e-con-boxed e-con e-parent\" data-id=\"d030a34\" data-element_type=\"container\" data-e-type=\"container\">\n\t\t\t\t\t<div class=\"e-con-inner\">\n\t\t<div class=\"elementor-element elementor-element-9fe570f e-con-full e-flex e-con e-child\" data-id=\"9fe570f\" data-element_type=\"container\" data-e-type=\"container\">\n\t\t\t\t<div class=\"elementor-element elementor-element-59e96b7 elementor-widget elementor-widget-image\" data-id=\"59e96b7\" data-element_type=\"widget\" data-e-type=\"widget\" data-widget_type=\"image.default\">\n\t\t\t\t<div class=\"elementor-widget-container\">\n\t\t\t\t\t\t\t\t\t\t\t\t\t\t\t<img loading=\"lazy\" decoding=\"async\" width=\"1628\" height=\"1668\" src=\"https:\/\/alisonandreistudio.com\/wp-content\/uploads\/2025\/06\/2bad27e8-c0a0-4fd3-96ac-a4ad8bbcbe61_rw_1920.jpg\" class=\"attachment-full size-full wp-image-284\" alt=\"\" srcset=\"https:\/\/alisonandreistudio.com\/wp-content\/uploads\/2025\/06\/2bad27e8-c0a0-4fd3-96ac-a4ad8bbcbe61_rw_1920.jpg 1628w, https:\/\/alisonandreistudio.com\/wp-content\/uploads\/2025\/06\/2bad27e8-c0a0-4fd3-96ac-a4ad8bbcbe61_rw_1920-293x300.jpg 293w, https:\/\/alisonandreistudio.com\/wp-content\/uploads\/2025\/06\/2bad27e8-c0a0-4fd3-96ac-a4ad8bbcbe61_rw_1920-999x1024.jpg 999w, https:\/\/alisonandreistudio.com\/wp-content\/uploads\/2025\/06\/2bad27e8-c0a0-4fd3-96ac-a4ad8bbcbe61_rw_1920-768x787.jpg 768w, https:\/\/alisonandreistudio.com\/wp-content\/uploads\/2025\/06\/2bad27e8-c0a0-4fd3-96ac-a4ad8bbcbe61_rw_1920-1499x1536.jpg 1499w\" sizes=\"(max-width: 1628px) 100vw, 1628px\" \/>\t\t\t\t\t\t\t\t\t\t\t\t\t\t\t<\/div>\n\t\t\t\t<\/div>\n\t\t\t\t<\/div>\n\t\t<div class=\"elementor-element elementor-element-baccdda e-con-full e-flex e-con e-child\" data-id=\"baccdda\" data-element_type=\"container\" data-e-type=\"container\">\n\t\t\t\t<div class=\"elementor-element elementor-element-f19f73e elementor-widget elementor-widget-image\" data-id=\"f19f73e\" data-element_type=\"widget\" data-e-type=\"widget\" data-widget_type=\"image.default\">\n\t\t\t\t<div class=\"elementor-widget-container\">\n\t\t\t\t\t\t\t\t\t\t\t\t\t\t\t<img loading=\"lazy\" decoding=\"async\" width=\"1200\" height=\"1229\" src=\"https:\/\/alisonandreistudio.com\/wp-content\/uploads\/2025\/06\/2300983a-d59d-4367-a403-a0a2bd8a7504_rw_1200.gif\" class=\"attachment-full size-full wp-image-290\" alt=\"\" \/>\t\t\t\t\t\t\t\t\t\t\t\t\t\t\t<\/div>\n\t\t\t\t<\/div>\n\t\t\t\t<\/div>\n\t\t\t\t\t<\/div>\n\t\t\t\t<\/div>\n\t\t<div class=\"elementor-element elementor-element-4874d07 e-flex e-con-boxed e-con e-parent\" data-id=\"4874d07\" data-element_type=\"container\" data-e-type=\"container\">\n\t\t\t\t\t<div class=\"e-con-inner\">\n\t\t\t\t<div class=\"elementor-element elementor-element-ae6e3c5 elementor-widget elementor-widget-image\" data-id=\"ae6e3c5\" data-element_type=\"widget\" data-e-type=\"widget\" data-widget_type=\"image.default\">\n\t\t\t\t<div class=\"elementor-widget-container\">\n\t\t\t\t\t\t\t\t\t\t\t\t\t\t\t<img loading=\"lazy\" decoding=\"async\" width=\"800\" height=\"820\" src=\"https:\/\/alisonandreistudio.com\/wp-content\/uploads\/2025\/06\/3de0ba28-6ee2-4e56-a15b-c2a2e6d9c78d_rw_1920-999x1024.jpg\" class=\"attachment-large size-large wp-image-285\" alt=\"\" srcset=\"https:\/\/alisonandreistudio.com\/wp-content\/uploads\/2025\/06\/3de0ba28-6ee2-4e56-a15b-c2a2e6d9c78d_rw_1920-999x1024.jpg 999w, https:\/\/alisonandreistudio.com\/wp-content\/uploads\/2025\/06\/3de0ba28-6ee2-4e56-a15b-c2a2e6d9c78d_rw_1920-293x300.jpg 293w, https:\/\/alisonandreistudio.com\/wp-content\/uploads\/2025\/06\/3de0ba28-6ee2-4e56-a15b-c2a2e6d9c78d_rw_1920-768x787.jpg 768w, https:\/\/alisonandreistudio.com\/wp-content\/uploads\/2025\/06\/3de0ba28-6ee2-4e56-a15b-c2a2e6d9c78d_rw_1920-1499x1536.jpg 1499w, https:\/\/alisonandreistudio.com\/wp-content\/uploads\/2025\/06\/3de0ba28-6ee2-4e56-a15b-c2a2e6d9c78d_rw_1920.jpg 1628w\" sizes=\"(max-width: 800px) 100vw, 800px\" \/>\t\t\t\t\t\t\t\t\t\t\t\t\t\t\t<\/div>\n\t\t\t\t<\/div>\n\t\t\t\t\t<\/div>\n\t\t\t\t<\/div>\n\t\t<div class=\"elementor-element elementor-element-d7f7acb e-flex e-con-boxed e-con e-parent\" data-id=\"d7f7acb\" data-element_type=\"container\" data-e-type=\"container\">\n\t\t\t\t\t<div class=\"e-con-inner\">\n\t\t\t\t<div class=\"elementor-element elementor-element-b02b01b elementor-widget elementor-widget-heading\" data-id=\"b02b01b\" data-element_type=\"widget\" data-e-type=\"widget\" data-widget_type=\"heading.default\">\n\t\t\t\t<div class=\"elementor-widget-container\">\n\t\t\t\t\t<h2 class=\"elementor-heading-title elementor-size-default\">Adapta\u00e7\u00e3o para Board Game<\/h2>\t\t\t\t<\/div>\n\t\t\t\t<\/div>\n\t\t\t\t<div class=\"elementor-element elementor-element-644a53e elementor-widget elementor-widget-text-editor\" data-id=\"644a53e\" data-element_type=\"widget\" data-e-type=\"widget\" data-widget_type=\"text-editor.default\">\n\t\t\t\t<div class=\"elementor-widget-container\">\n\t\t\t\t\t\t\t\t\t<p>Al\u00e9m do universo narrativo, Opera\u00e7\u00e3o.TED recebeu uma interpreta\u00e7\u00e3o como jogo de tabuleiro. O objetivo foi testar a for\u00e7a da propriedade intelectual em outro formato de entretenimento.<\/p><p>Este projeto foi desenvolvido como estudo de cria\u00e7\u00e3o autoral e expans\u00e3o de marca, demonstrando como um universo original pode se adaptar para m\u00faltiplas plataformas, mantendo identidade visual consistente.<\/p>\t\t\t\t\t\t\t\t<\/div>\n\t\t\t\t<\/div>\n\t\t\t\t\t<\/div>\n\t\t\t\t<\/div>\n\t\t<div class=\"elementor-element elementor-element-ad4bdfc e-flex e-con-boxed e-con e-parent\" data-id=\"ad4bdfc\" data-element_type=\"container\" data-e-type=\"container\">\n\t\t\t\t\t<div class=\"e-con-inner\">\n\t\t\t\t<div class=\"elementor-element elementor-element-2ca1b26 elementor-widget elementor-widget-gallery\" data-id=\"2ca1b26\" data-element_type=\"widget\" data-e-type=\"widget\" data-settings=\"{&quot;columns&quot;:2,&quot;lazyload&quot;:&quot;yes&quot;,&quot;gallery_layout&quot;:&quot;grid&quot;,&quot;columns_tablet&quot;:2,&quot;columns_mobile&quot;:1,&quot;gap&quot;:{&quot;unit&quot;:&quot;px&quot;,&quot;size&quot;:10,&quot;sizes&quot;:[]},&quot;gap_tablet&quot;:{&quot;unit&quot;:&quot;px&quot;,&quot;size&quot;:10,&quot;sizes&quot;:[]},&quot;gap_mobile&quot;:{&quot;unit&quot;:&quot;px&quot;,&quot;size&quot;:10,&quot;sizes&quot;:[]},&quot;link_to&quot;:&quot;file&quot;,&quot;aspect_ratio&quot;:&quot;3:2&quot;,&quot;overlay_background&quot;:&quot;yes&quot;,&quot;content_hover_animation&quot;:&quot;fade-in&quot;}\" data-widget_type=\"gallery.default\">\n\t\t\t\t<div class=\"elementor-widget-container\">\n\t\t\t\t\t\t\t<div class=\"elementor-gallery__container\">\n\t\t\t\t\t\t\t<a class=\"e-gallery-item elementor-gallery-item elementor-animated-content\" href=\"https:\/\/alisonandreistudio.com\/wp-content\/uploads\/2025\/06\/cartas-copiar-scaled.jpg\" data-elementor-open-lightbox=\"yes\" data-elementor-lightbox-slideshow=\"2ca1b26\" data-e-action-hash=\"#elementor-action%3Aaction%3Dlightbox%26settings%3DeyJpZCI6MzEwLCJ1cmwiOiJodHRwczpcL1wvYWxpc29uYW5kcmVpc3R1ZGlvLmNvbVwvd3AtY29udGVudFwvdXBsb2Fkc1wvMjAyNVwvMDZcL2NhcnRhcy1jb3BpYXItc2NhbGVkLmpwZyIsInNsaWRlc2hvdyI6IjJjYTFiMjYifQ%3D%3D\">\n\t\t\t\t\t<div class=\"e-gallery-image elementor-gallery-item__image\" data-thumbnail=\"https:\/\/alisonandreistudio.com\/wp-content\/uploads\/2025\/06\/cartas-copiar-scaled.jpg\" data-width=\"2560\" data-height=\"1707\" aria-label=\"\" role=\"img\" ><\/div>\n\t\t\t\t\t\t\t\t\t\t\t<div class=\"elementor-gallery-item__overlay\"><\/div>\n\t\t\t\t\t\t\t\t\t\t\t\t\t\t<\/a>\n\t\t\t\t\t\t\t<a class=\"e-gallery-item elementor-gallery-item elementor-animated-content\" href=\"https:\/\/alisonandreistudio.com\/wp-content\/uploads\/2025\/06\/cards-copiar-scaled.jpg\" data-elementor-open-lightbox=\"yes\" data-elementor-lightbox-slideshow=\"2ca1b26\" data-e-action-hash=\"#elementor-action%3Aaction%3Dlightbox%26settings%3DeyJpZCI6MzA5LCJ1cmwiOiJodHRwczpcL1wvYWxpc29uYW5kcmVpc3R1ZGlvLmNvbVwvd3AtY29udGVudFwvdXBsb2Fkc1wvMjAyNVwvMDZcL2NhcmRzLWNvcGlhci1zY2FsZWQuanBnIiwic2xpZGVzaG93IjoiMmNhMWIyNiJ9\">\n\t\t\t\t\t<div class=\"e-gallery-image elementor-gallery-item__image\" data-thumbnail=\"https:\/\/alisonandreistudio.com\/wp-content\/uploads\/2025\/06\/cards-copiar-scaled.jpg\" data-width=\"2560\" data-height=\"1707\" aria-label=\"\" role=\"img\" ><\/div>\n\t\t\t\t\t\t\t\t\t\t\t<div class=\"elementor-gallery-item__overlay\"><\/div>\n\t\t\t\t\t\t\t\t\t\t\t\t\t\t<\/a>\n\t\t\t\t\t\t\t<a class=\"e-gallery-item elementor-gallery-item elementor-animated-content\" href=\"https:\/\/alisonandreistudio.com\/wp-content\/uploads\/2025\/06\/caixa-copiar.jpg\" data-elementor-open-lightbox=\"yes\" data-elementor-lightbox-slideshow=\"2ca1b26\" data-e-action-hash=\"#elementor-action%3Aaction%3Dlightbox%26settings%3DeyJpZCI6MzA4LCJ1cmwiOiJodHRwczpcL1wvYWxpc29uYW5kcmVpc3R1ZGlvLmNvbVwvd3AtY29udGVudFwvdXBsb2Fkc1wvMjAyNVwvMDZcL2NhaXhhLWNvcGlhci5qcGciLCJzbGlkZXNob3ciOiIyY2ExYjI2In0%3D\">\n\t\t\t\t\t<div class=\"e-gallery-image elementor-gallery-item__image\" data-thumbnail=\"https:\/\/alisonandreistudio.com\/wp-content\/uploads\/2025\/06\/caixa-copiar.jpg\" data-width=\"1080\" data-height=\"721\" aria-label=\"\" role=\"img\" ><\/div>\n\t\t\t\t\t\t\t\t\t\t\t<div class=\"elementor-gallery-item__overlay\"><\/div>\n\t\t\t\t\t\t\t\t\t\t\t\t\t\t<\/a>\n\t\t\t\t\t\t\t<a class=\"e-gallery-item elementor-gallery-item elementor-animated-content\" href=\"https:\/\/alisonandreistudio.com\/wp-content\/uploads\/2025\/06\/token-copiar-1.jpg\" data-elementor-open-lightbox=\"yes\" data-elementor-lightbox-slideshow=\"2ca1b26\" data-e-action-hash=\"#elementor-action%3Aaction%3Dlightbox%26settings%3DeyJpZCI6MzEyLCJ1cmwiOiJodHRwczpcL1wvYWxpc29uYW5kcmVpc3R1ZGlvLmNvbVwvd3AtY29udGVudFwvdXBsb2Fkc1wvMjAyNVwvMDZcL3Rva2VuLWNvcGlhci0xLmpwZyIsInNsaWRlc2hvdyI6IjJjYTFiMjYifQ%3D%3D\">\n\t\t\t\t\t<div class=\"e-gallery-image elementor-gallery-item__image\" data-thumbnail=\"https:\/\/alisonandreistudio.com\/wp-content\/uploads\/2025\/06\/token-copiar-1.jpg\" data-width=\"1437\" data-height=\"1252\" aria-label=\"\" role=\"img\" ><\/div>\n\t\t\t\t\t\t\t\t\t\t\t<div class=\"elementor-gallery-item__overlay\"><\/div>\n\t\t\t\t\t\t\t\t\t\t\t\t\t\t<\/a>\n\t\t\t\t\t<\/div>\n\t\t\t\t\t<\/div>\n\t\t\t\t<\/div>\n\t\t\t\t<div class=\"elementor-element elementor-element-012fc6a elementor-widget elementor-widget-text-editor\" data-id=\"012fc6a\" data-element_type=\"widget\" data-e-type=\"widget\" data-widget_type=\"text-editor.default\">\n\t\t\t\t<div class=\"elementor-widget-container\">\n\t\t\t\t\t\t\t\t\t<p>Opera\u00e7\u00e3o.TED representa meu interesse em criar propriedades intelectuais originais com potencial para quadrinhos, anima\u00e7\u00e3o, jogos e licenciamento.<\/p>\t\t\t\t\t\t\t\t<\/div>\n\t\t\t\t<\/div>\n\t\t\t\t\t<\/div>\n\t\t\t\t<\/div>\n\t\t\t\t<\/div>","protected":false},"excerpt":{"rendered":"<p>Opera\u00e7\u00e3o.TED \u00e9 um universo autoral criado originalmente em 2017 como projeto de quadrinhos e posteriormente reinterpretado como estudo visual para board game. O projeto re\u00fane narrativa, design de personagens e expans\u00e3o transm\u00eddia em uma propriedade intelectual original. Conceito A hist\u00f3ria acompanha Ted, um jovem nerd que tem seu DNA alterado por uma corpora\u00e7\u00e3o secreta e [&hellip;]<\/p>","protected":false},"author":1,"featured_media":308,"parent":0,"menu_order":0,"comment_status":"closed","ping_status":"closed","template":"","meta":{"footnotes":""},"class_list":["post-278","page","type-page","status-publish","has-post-thumbnail","hentry"],"_links":{"self":[{"href":"https:\/\/alisonandreistudio.com\/en\/wp-json\/wp\/v2\/pages\/278","targetHints":{"allow":["GET"]}}],"collection":[{"href":"https:\/\/alisonandreistudio.com\/en\/wp-json\/wp\/v2\/pages"}],"about":[{"href":"https:\/\/alisonandreistudio.com\/en\/wp-json\/wp\/v2\/types\/page"}],"author":[{"embeddable":true,"href":"https:\/\/alisonandreistudio.com\/en\/wp-json\/wp\/v2\/users\/1"}],"replies":[{"embeddable":true,"href":"https:\/\/alisonandreistudio.com\/en\/wp-json\/wp\/v2\/comments?post=278"}],"version-history":[{"count":13,"href":"https:\/\/alisonandreistudio.com\/en\/wp-json\/wp\/v2\/pages\/278\/revisions"}],"predecessor-version":[{"id":2513,"href":"https:\/\/alisonandreistudio.com\/en\/wp-json\/wp\/v2\/pages\/278\/revisions\/2513"}],"wp:featuredmedia":[{"embeddable":true,"href":"https:\/\/alisonandreistudio.com\/en\/wp-json\/wp\/v2\/media\/308"}],"wp:attachment":[{"href":"https:\/\/alisonandreistudio.com\/en\/wp-json\/wp\/v2\/media?parent=278"}],"curies":[{"name":"wp","href":"https:\/\/api.w.org\/{rel}","templated":true}]}}