{"id":2618,"date":"2026-04-25T23:20:27","date_gmt":"2026-04-25T23:20:27","guid":{"rendered":"https:\/\/alisonandreistudio.com\/?page_id=2618"},"modified":"2026-04-25T23:25:39","modified_gmt":"2026-04-25T23:25:39","slug":"paw-patrol-producao-de-arte-para-embalagens-licenciadas","status":"publish","type":"page","link":"https:\/\/alisonandreistudio.com\/en\/paw-patrol-producao-de-arte-para-embalagens-licenciadas\/","title":{"rendered":"Paw Patrol \u2014 Produ\u00e7\u00e3o de Arte para Embalagens Licenciadas"},"content":{"rendered":"<div data-elementor-type=\"wp-page\" data-elementor-id=\"2618\" class=\"elementor elementor-2618\" data-elementor-post-type=\"page\">\n\t\t\t\t<div class=\"elementor-element elementor-element-35e925d e-flex e-con-boxed e-con e-parent\" data-id=\"35e925d\" data-element_type=\"container\" data-e-type=\"container\">\n\t\t\t\t\t<div class=\"e-con-inner\">\n\t\t\t\t<div class=\"elementor-element elementor-element-c95ac9a elementor-widget elementor-widget-text-editor\" data-id=\"c95ac9a\" data-element_type=\"widget\" data-e-type=\"widget\" data-widget_type=\"text-editor.default\">\n\t\t\t\t<div class=\"elementor-widget-container\">\n\t\t\t\t\t\t\t\t\t<p>Participa\u00e7\u00e3o em projeto internacional desenvolvido via Big Red Illustration para linha de brinquedos Epic Fun.<\/p>\t\t\t\t\t\t\t\t<\/div>\n\t\t\t\t<\/div>\n\t\t\t\t\t<\/div>\n\t\t\t\t<\/div>\n\t\t<div class=\"elementor-element elementor-element-6708c7a e-flex e-con-boxed e-con e-parent\" data-id=\"6708c7a\" data-element_type=\"container\" data-e-type=\"container\">\n\t\t\t\t\t<div class=\"e-con-inner\">\n\t\t\t\t<div class=\"elementor-element elementor-element-28a6fef elementor-widget elementor-widget-gallery\" data-id=\"28a6fef\" data-element_type=\"widget\" data-e-type=\"widget\" data-settings=\"{&quot;columns&quot;:2,&quot;aspect_ratio&quot;:&quot;4:3&quot;,&quot;lazyload&quot;:&quot;yes&quot;,&quot;gallery_layout&quot;:&quot;grid&quot;,&quot;columns_tablet&quot;:2,&quot;columns_mobile&quot;:1,&quot;gap&quot;:{&quot;unit&quot;:&quot;px&quot;,&quot;size&quot;:10,&quot;sizes&quot;:[]},&quot;gap_tablet&quot;:{&quot;unit&quot;:&quot;px&quot;,&quot;size&quot;:10,&quot;sizes&quot;:[]},&quot;gap_mobile&quot;:{&quot;unit&quot;:&quot;px&quot;,&quot;size&quot;:10,&quot;sizes&quot;:[]},&quot;link_to&quot;:&quot;file&quot;,&quot;overlay_background&quot;:&quot;yes&quot;,&quot;content_hover_animation&quot;:&quot;fade-in&quot;}\" data-widget_type=\"gallery.default\">\n\t\t\t\t<div class=\"elementor-widget-container\">\n\t\t\t\t\t\t\t<div class=\"elementor-gallery__container\">\n\t\t\t\t\t\t\t<a class=\"e-gallery-item elementor-gallery-item elementor-animated-content\" href=\"https:\/\/alisonandreistudio.com\/wp-content\/uploads\/2026\/04\/6_2ed64e2d-19d4-4a08-99d9-553c8c67eb49_2198ea55dca2033b6716b649093dfad5_5000x-1.webp\" data-elementor-open-lightbox=\"yes\" data-elementor-lightbox-slideshow=\"28a6fef\" data-e-action-hash=\"#elementor-action%3Aaction%3Dlightbox%26settings%3DeyJpZCI6MjYyMCwidXJsIjoiaHR0cHM6XC9cL2FsaXNvbmFuZHJlaXN0dWRpby5jb21cL3dwLWNvbnRlbnRcL3VwbG9hZHNcLzIwMjZcLzA0XC82XzJlZDY0ZTJkLTE5ZDQtNGEwOC05OWQ5LTU1M2M4YzY3ZWI0OV8yMTk4ZWE1NWRjYTIwMzNiNjcxNmI2NDkwOTNkZmFkNV81MDAweC0xLndlYnAiLCJzbGlkZXNob3ciOiIyOGE2ZmVmIn0%3D\">\n\t\t\t\t\t<div class=\"e-gallery-image elementor-gallery-item__image\" data-thumbnail=\"https:\/\/alisonandreistudio.com\/wp-content\/uploads\/2026\/04\/6_2ed64e2d-19d4-4a08-99d9-553c8c67eb49_2198ea55dca2033b6716b649093dfad5_5000x-1.webp\" data-width=\"2000\" data-height=\"2000\" aria-label=\"\" role=\"img\" ><\/div>\n\t\t\t\t\t\t\t\t\t\t\t<div class=\"elementor-gallery-item__overlay\"><\/div>\n\t\t\t\t\t\t\t\t\t\t\t\t\t\t<\/a>\n\t\t\t\t\t\t\t<a class=\"e-gallery-item elementor-gallery-item elementor-animated-content\" href=\"https:\/\/alisonandreistudio.com\/wp-content\/uploads\/2026\/04\/paw-patrol-snappy-pups-pick-and-play-wholesale-163951.webp\" data-elementor-open-lightbox=\"yes\" data-elementor-lightbox-slideshow=\"28a6fef\" data-e-action-hash=\"#elementor-action%3Aaction%3Dlightbox%26settings%3DeyJpZCI6MjYyMSwidXJsIjoiaHR0cHM6XC9cL2FsaXNvbmFuZHJlaXN0dWRpby5jb21cL3dwLWNvbnRlbnRcL3VwbG9hZHNcLzIwMjZcLzA0XC9wYXctcGF0cm9sLXNuYXBweS1wdXBzLXBpY2stYW5kLXBsYXktd2hvbGVzYWxlLTE2Mzk1MS53ZWJwIiwic2xpZGVzaG93IjoiMjhhNmZlZiJ9\">\n\t\t\t\t\t<div class=\"e-gallery-image elementor-gallery-item__image\" data-thumbnail=\"https:\/\/alisonandreistudio.com\/wp-content\/uploads\/2026\/04\/paw-patrol-snappy-pups-pick-and-play-wholesale-163951.webp\" data-width=\"510\" data-height=\"800\" aria-label=\"\" role=\"img\" ><\/div>\n\t\t\t\t\t\t\t\t\t\t\t<div class=\"elementor-gallery-item__overlay\"><\/div>\n\t\t\t\t\t\t\t\t\t\t\t\t\t\t<\/a>\n\t\t\t\t\t<\/div>\n\t\t\t\t\t<\/div>\n\t\t\t\t<\/div>\n\t\t\t\t\t<\/div>\n\t\t\t\t<\/div>\n\t\t<div class=\"elementor-element elementor-element-f0710a7 e-flex e-con-boxed e-con e-parent\" data-id=\"f0710a7\" data-element_type=\"container\" data-e-type=\"container\">\n\t\t\t\t\t<div class=\"e-con-inner\">\n\t\t\t\t<div class=\"elementor-element elementor-element-2afcdbb elementor-widget elementor-widget-text-editor\" data-id=\"2afcdbb\" data-element_type=\"widget\" data-e-type=\"widget\" data-widget_type=\"text-editor.default\">\n\t\t\t\t<div class=\"elementor-widget-container\">\n\t\t\t\t\t\t\t\t\t<p data-start=\"1714\" data-end=\"1801\">Participa\u00e7\u00e3o t\u00e9cnica em produ\u00e7\u00e3o gr\u00e1fica para linha internacional de brinquedos.<\/p>\t\t\t\t\t\t\t\t<\/div>\n\t\t\t\t<\/div>\n\t\t\t\t\t<\/div>\n\t\t\t\t<\/div>\n\t\t<div class=\"elementor-element elementor-element-948458a e-flex e-con-boxed e-con e-parent\" data-id=\"948458a\" data-element_type=\"container\" data-e-type=\"container\">\n\t\t\t\t\t<div class=\"e-con-inner\">\n\t\t\t\t<div class=\"elementor-element elementor-element-03755b7 elementor-widget elementor-widget-gallery\" data-id=\"03755b7\" data-element_type=\"widget\" data-e-type=\"widget\" data-settings=\"{&quot;aspect_ratio&quot;:&quot;1:1&quot;,&quot;lazyload&quot;:&quot;yes&quot;,&quot;gallery_layout&quot;:&quot;grid&quot;,&quot;columns&quot;:4,&quot;columns_tablet&quot;:2,&quot;columns_mobile&quot;:1,&quot;gap&quot;:{&quot;unit&quot;:&quot;px&quot;,&quot;size&quot;:10,&quot;sizes&quot;:[]},&quot;gap_tablet&quot;:{&quot;unit&quot;:&quot;px&quot;,&quot;size&quot;:10,&quot;sizes&quot;:[]},&quot;gap_mobile&quot;:{&quot;unit&quot;:&quot;px&quot;,&quot;size&quot;:10,&quot;sizes&quot;:[]},&quot;link_to&quot;:&quot;file&quot;,&quot;overlay_background&quot;:&quot;yes&quot;,&quot;content_hover_animation&quot;:&quot;fade-in&quot;}\" data-widget_type=\"gallery.default\">\n\t\t\t\t<div class=\"elementor-widget-container\">\n\t\t\t\t\t\t\t<div class=\"elementor-gallery__container\">\n\t\t\t\t\t\t\t<a class=\"e-gallery-item elementor-gallery-item elementor-animated-content\" href=\"https:\/\/alisonandreistudio.com\/wp-content\/uploads\/2026\/04\/Captura-de-tela-2026-04-25-184559.png\" data-elementor-open-lightbox=\"yes\" data-elementor-lightbox-slideshow=\"03755b7\" data-e-action-hash=\"#elementor-action%3Aaction%3Dlightbox%26settings%3DeyJpZCI6MjYyMiwidXJsIjoiaHR0cHM6XC9cL2FsaXNvbmFuZHJlaXN0dWRpby5jb21cL3dwLWNvbnRlbnRcL3VwbG9hZHNcLzIwMjZcLzA0XC9DYXB0dXJhLWRlLXRlbGEtMjAyNi0wNC0yNS0xODQ1NTkucG5nIiwic2xpZGVzaG93IjoiMDM3NTViNyJ9\">\n\t\t\t\t\t<div class=\"e-gallery-image elementor-gallery-item__image\" data-thumbnail=\"https:\/\/alisonandreistudio.com\/wp-content\/uploads\/2026\/04\/Captura-de-tela-2026-04-25-184559.png\" data-width=\"777\" data-height=\"707\" aria-label=\"\" role=\"img\" ><\/div>\n\t\t\t\t\t\t\t\t\t\t\t<div class=\"elementor-gallery-item__overlay\"><\/div>\n\t\t\t\t\t\t\t\t\t\t\t\t\t\t<\/a>\n\t\t\t\t\t\t\t<a class=\"e-gallery-item elementor-gallery-item elementor-animated-content\" href=\"https:\/\/alisonandreistudio.com\/wp-content\/uploads\/2026\/04\/Captura-de-tela-2026-04-25-194354.png\" data-elementor-open-lightbox=\"yes\" data-elementor-lightbox-slideshow=\"03755b7\" data-e-action-hash=\"#elementor-action%3Aaction%3Dlightbox%26settings%3DeyJpZCI6MjYyMywidXJsIjoiaHR0cHM6XC9cL2FsaXNvbmFuZHJlaXN0dWRpby5jb21cL3dwLWNvbnRlbnRcL3VwbG9hZHNcLzIwMjZcLzA0XC9DYXB0dXJhLWRlLXRlbGEtMjAyNi0wNC0yNS0xOTQzNTQucG5nIiwic2xpZGVzaG93IjoiMDM3NTViNyJ9\">\n\t\t\t\t\t<div class=\"e-gallery-image elementor-gallery-item__image\" data-thumbnail=\"https:\/\/alisonandreistudio.com\/wp-content\/uploads\/2026\/04\/Captura-de-tela-2026-04-25-194354.png\" data-width=\"552\" data-height=\"749\" aria-label=\"\" role=\"img\" ><\/div>\n\t\t\t\t\t\t\t\t\t\t\t<div class=\"elementor-gallery-item__overlay\"><\/div>\n\t\t\t\t\t\t\t\t\t\t\t\t\t\t<\/a>\n\t\t\t\t\t\t\t<a class=\"e-gallery-item elementor-gallery-item elementor-animated-content\" href=\"https:\/\/alisonandreistudio.com\/wp-content\/uploads\/2026\/04\/Captura-de-tela-2026-04-25-194440.png\" data-elementor-open-lightbox=\"yes\" data-elementor-lightbox-slideshow=\"03755b7\" data-e-action-hash=\"#elementor-action%3Aaction%3Dlightbox%26settings%3DeyJpZCI6MjYyNCwidXJsIjoiaHR0cHM6XC9cL2FsaXNvbmFuZHJlaXN0dWRpby5jb21cL3dwLWNvbnRlbnRcL3VwbG9hZHNcLzIwMjZcLzA0XC9DYXB0dXJhLWRlLXRlbGEtMjAyNi0wNC0yNS0xOTQ0NDAucG5nIiwic2xpZGVzaG93IjoiMDM3NTViNyJ9\">\n\t\t\t\t\t<div class=\"e-gallery-image elementor-gallery-item__image\" data-thumbnail=\"https:\/\/alisonandreistudio.com\/wp-content\/uploads\/2026\/04\/Captura-de-tela-2026-04-25-194440.png\" data-width=\"773\" data-height=\"739\" aria-label=\"\" role=\"img\" ><\/div>\n\t\t\t\t\t\t\t\t\t\t\t<div class=\"elementor-gallery-item__overlay\"><\/div>\n\t\t\t\t\t\t\t\t\t\t\t\t\t\t<\/a>\n\t\t\t\t\t\t\t<a class=\"e-gallery-item elementor-gallery-item elementor-animated-content\" href=\"https:\/\/alisonandreistudio.com\/wp-content\/uploads\/2026\/04\/Captura-de-tela-2026-04-25-194521.png\" data-elementor-open-lightbox=\"yes\" data-elementor-lightbox-slideshow=\"03755b7\" data-e-action-hash=\"#elementor-action%3Aaction%3Dlightbox%26settings%3DeyJpZCI6MjYyNSwidXJsIjoiaHR0cHM6XC9cL2FsaXNvbmFuZHJlaXN0dWRpby5jb21cL3dwLWNvbnRlbnRcL3VwbG9hZHNcLzIwMjZcLzA0XC9DYXB0dXJhLWRlLXRlbGEtMjAyNi0wNC0yNS0xOTQ1MjEucG5nIiwic2xpZGVzaG93IjoiMDM3NTViNyJ9\">\n\t\t\t\t\t<div class=\"e-gallery-image elementor-gallery-item__image\" data-thumbnail=\"https:\/\/alisonandreistudio.com\/wp-content\/uploads\/2026\/04\/Captura-de-tela-2026-04-25-194521.png\" data-width=\"769\" data-height=\"766\" aria-label=\"\" role=\"img\" ><\/div>\n\t\t\t\t\t\t\t\t\t\t\t<div class=\"elementor-gallery-item__overlay\"><\/div>\n\t\t\t\t\t\t\t\t\t\t\t\t\t\t<\/a>\n\t\t\t\t\t<\/div>\n\t\t\t\t\t<\/div>\n\t\t\t\t<\/div>\n\t\t\t\t<div class=\"elementor-element elementor-element-a5e1649 elementor-widget elementor-widget-text-editor\" data-id=\"a5e1649\" data-element_type=\"widget\" data-e-type=\"widget\" data-widget_type=\"text-editor.default\">\n\t\t\t\t<div class=\"elementor-widget-container\">\n\t\t\t\t\t\t\t\t\t<p>Em projetos licenciados, consist\u00eancia visual e precis\u00e3o t\u00e9cnica s\u00e3o essenciais para respeitar guidelines globais da marca.<\/p>\t\t\t\t\t\t\t\t<\/div>\n\t\t\t\t<\/div>\n\t\t\t\t\t<\/div>\n\t\t\t\t<\/div>\n\t\t\t\t<\/div>","protected":false},"excerpt":{"rendered":"<p>Participa\u00e7\u00e3o em projeto internacional desenvolvido via Big Red Illustration para linha de brinquedos Epic Fun. Participa\u00e7\u00e3o t\u00e9cnica em produ\u00e7\u00e3o gr\u00e1fica para linha internacional de brinquedos. Em projetos licenciados, consist\u00eancia visual e precis\u00e3o t\u00e9cnica s\u00e3o essenciais para respeitar guidelines globais da marca.<\/p>","protected":false},"author":1,"featured_media":2623,"parent":0,"menu_order":0,"comment_status":"closed","ping_status":"closed","template":"","meta":{"footnotes":""},"class_list":["post-2618","page","type-page","status-publish","has-post-thumbnail","hentry"],"_links":{"self":[{"href":"https:\/\/alisonandreistudio.com\/en\/wp-json\/wp\/v2\/pages\/2618","targetHints":{"allow":["GET"]}}],"collection":[{"href":"https:\/\/alisonandreistudio.com\/en\/wp-json\/wp\/v2\/pages"}],"about":[{"href":"https:\/\/alisonandreistudio.com\/en\/wp-json\/wp\/v2\/types\/page"}],"author":[{"embeddable":true,"href":"https:\/\/alisonandreistudio.com\/en\/wp-json\/wp\/v2\/users\/1"}],"replies":[{"embeddable":true,"href":"https:\/\/alisonandreistudio.com\/en\/wp-json\/wp\/v2\/comments?post=2618"}],"version-history":[{"count":4,"href":"https:\/\/alisonandreistudio.com\/en\/wp-json\/wp\/v2\/pages\/2618\/revisions"}],"predecessor-version":[{"id":2628,"href":"https:\/\/alisonandreistudio.com\/en\/wp-json\/wp\/v2\/pages\/2618\/revisions\/2628"}],"wp:featuredmedia":[{"embeddable":true,"href":"https:\/\/alisonandreistudio.com\/en\/wp-json\/wp\/v2\/media\/2623"}],"wp:attachment":[{"href":"https:\/\/alisonandreistudio.com\/en\/wp-json\/wp\/v2\/media?parent=2618"}],"curies":[{"name":"wp","href":"https:\/\/api.w.org\/{rel}","templated":true}]}}