{"id":2593,"date":"2026-04-21T17:03:47","date_gmt":"2026-04-21T17:03:47","guid":{"rendered":"https:\/\/alisonandreistudio.com\/?page_id=2593"},"modified":"2026-04-21T17:04:26","modified_gmt":"2026-04-21T17:04:26","slug":"santo-fole-midia-kit-para-influenciador-musical","status":"publish","type":"page","link":"https:\/\/alisonandreistudio.com\/en\/santo-fole-midia-kit-para-influenciador-musical\/","title":{"rendered":"Santo Fole \u2014 M\u00eddia Kit para Influenciador Musical"},"content":{"rendered":"<div data-elementor-type=\"wp-page\" data-elementor-id=\"2593\" class=\"elementor elementor-2593\" data-elementor-post-type=\"page\">\n\t\t\t\t<div class=\"elementor-element elementor-element-20af865 e-flex e-con-boxed e-con e-parent\" data-id=\"20af865\" data-element_type=\"container\" data-e-type=\"container\">\n\t\t\t\t\t<div class=\"e-con-inner\">\n\t\t\t\t<div class=\"elementor-element elementor-element-4e9daf9 elementor-widget elementor-widget-image\" data-id=\"4e9daf9\" data-element_type=\"widget\" data-e-type=\"widget\" data-widget_type=\"image.default\">\n\t\t\t\t<div class=\"elementor-widget-container\">\n\t\t\t\t\t\t\t\t\t\t\t\t\t\t\t<img fetchpriority=\"high\" decoding=\"async\" width=\"1920\" height=\"336\" src=\"https:\/\/alisonandreistudio.com\/wp-content\/uploads\/2026\/04\/3a26d399-271b-4f10-b31d-5f9c87278b4a_rw_1920-copiar454544.webp\" class=\"attachment-full size-full wp-image-2595\" alt=\"\" srcset=\"https:\/\/alisonandreistudio.com\/wp-content\/uploads\/2026\/04\/3a26d399-271b-4f10-b31d-5f9c87278b4a_rw_1920-copiar454544.webp 1920w, https:\/\/alisonandreistudio.com\/wp-content\/uploads\/2026\/04\/3a26d399-271b-4f10-b31d-5f9c87278b4a_rw_1920-copiar454544-300x53.webp 300w, https:\/\/alisonandreistudio.com\/wp-content\/uploads\/2026\/04\/3a26d399-271b-4f10-b31d-5f9c87278b4a_rw_1920-copiar454544-1024x179.webp 1024w, https:\/\/alisonandreistudio.com\/wp-content\/uploads\/2026\/04\/3a26d399-271b-4f10-b31d-5f9c87278b4a_rw_1920-copiar454544-768x134.webp 768w, https:\/\/alisonandreistudio.com\/wp-content\/uploads\/2026\/04\/3a26d399-271b-4f10-b31d-5f9c87278b4a_rw_1920-copiar454544-1536x269.webp 1536w, https:\/\/alisonandreistudio.com\/wp-content\/uploads\/2026\/04\/3a26d399-271b-4f10-b31d-5f9c87278b4a_rw_1920-copiar454544-18x3.webp 18w, https:\/\/alisonandreistudio.com\/wp-content\/uploads\/2026\/04\/3a26d399-271b-4f10-b31d-5f9c87278b4a_rw_1920-copiar454544-800x140.webp 800w\" sizes=\"(max-width: 1920px) 100vw, 1920px\" \/>\t\t\t\t\t\t\t\t\t\t\t\t\t\t\t<\/div>\n\t\t\t\t<\/div>\n\t\t\t\t<div class=\"elementor-element elementor-element-81879c6 elementor-widget elementor-widget-text-editor\" data-id=\"81879c6\" data-element_type=\"widget\" data-e-type=\"widget\" data-widget_type=\"text-editor.default\">\n\t\t\t\t<div class=\"elementor-widget-container\">\n\t\t\t\t\t\t\t\t\t<p>Projeto editorial e visual desenvolvido para apresentar audi\u00eancia, m\u00e9tricas, formatos comerciais e posicionamento digital do creator Santo Fole.<\/p>\t\t\t\t\t\t\t\t<\/div>\n\t\t\t\t<\/div>\n\t\t\t\t<div class=\"elementor-element elementor-element-8e6747a elementor-widget elementor-widget-heading\" data-id=\"8e6747a\" data-element_type=\"widget\" data-e-type=\"widget\" data-widget_type=\"heading.default\">\n\t\t\t\t<div class=\"elementor-widget-container\">\n\t\t\t\t\t<h2 class=\"elementor-heading-title elementor-size-default\">Objetivo do Projeto<\/h2>\t\t\t\t<\/div>\n\t\t\t\t<\/div>\n\t\t\t\t<div class=\"elementor-element elementor-element-50c0a23 elementor-widget elementor-widget-text-editor\" data-id=\"50c0a23\" data-element_type=\"widget\" data-e-type=\"widget\" data-widget_type=\"text-editor.default\">\n\t\t\t\t<div class=\"elementor-widget-container\">\n\t\t\t\t\t\t\t\t\t<p data-start=\"436\" data-end=\"614\">Criar um m\u00eddia kit profissional capaz de transformar n\u00fameros e presen\u00e7a digital em uma apresenta\u00e7\u00e3o comercial atrativa para marcas, eventos e parceiros estrat\u00e9gicos.<\/p>\t\t\t\t\t\t\t\t<\/div>\n\t\t\t\t<\/div>\n\t\t\t\t<div class=\"elementor-element elementor-element-cb079d5 elementor-widget elementor-widget-gallery\" data-id=\"cb079d5\" data-element_type=\"widget\" data-e-type=\"widget\" data-settings=\"{&quot;columns&quot;:2,&quot;lazyload&quot;:&quot;yes&quot;,&quot;gallery_layout&quot;:&quot;grid&quot;,&quot;columns_tablet&quot;:2,&quot;columns_mobile&quot;:1,&quot;gap&quot;:{&quot;unit&quot;:&quot;px&quot;,&quot;size&quot;:10,&quot;sizes&quot;:[]},&quot;gap_tablet&quot;:{&quot;unit&quot;:&quot;px&quot;,&quot;size&quot;:10,&quot;sizes&quot;:[]},&quot;gap_mobile&quot;:{&quot;unit&quot;:&quot;px&quot;,&quot;size&quot;:10,&quot;sizes&quot;:[]},&quot;link_to&quot;:&quot;file&quot;,&quot;aspect_ratio&quot;:&quot;3:2&quot;,&quot;overlay_background&quot;:&quot;yes&quot;,&quot;content_hover_animation&quot;:&quot;fade-in&quot;}\" data-widget_type=\"gallery.default\">\n\t\t\t\t<div class=\"elementor-widget-container\">\n\t\t\t\t\t\t\t<div class=\"elementor-gallery__container\">\n\t\t\t\t\t\t\t<a class=\"e-gallery-item elementor-gallery-item elementor-animated-content\" href=\"https:\/\/alisonandreistudio.com\/wp-content\/uploads\/2026\/04\/Gemini_Generated_Image_rac7rmrac7rmrac7-copiar.webp\" data-elementor-open-lightbox=\"yes\" data-elementor-lightbox-slideshow=\"cb079d5\" data-e-action-hash=\"#elementor-action%3Aaction%3Dlightbox%26settings%3DeyJpZCI6MjU5NiwidXJsIjoiaHR0cHM6XC9cL2FsaXNvbmFuZHJlaXN0dWRpby5jb21cL3dwLWNvbnRlbnRcL3VwbG9hZHNcLzIwMjZcLzA0XC9HZW1pbmlfR2VuZXJhdGVkX0ltYWdlX3JhYzdybXJhYzdybXJhYzctY29waWFyLndlYnAiLCJzbGlkZXNob3ciOiJjYjA3OWQ1In0%3D\">\n\t\t\t\t\t<div class=\"e-gallery-image elementor-gallery-item__image\" data-thumbnail=\"https:\/\/alisonandreistudio.com\/wp-content\/uploads\/2026\/04\/Gemini_Generated_Image_rac7rmrac7rmrac7-copiar.webp\" data-width=\"1000\" data-height=\"563\" aria-label=\"\" role=\"img\" ><\/div>\n\t\t\t\t\t\t\t\t\t\t\t<div class=\"elementor-gallery-item__overlay\"><\/div>\n\t\t\t\t\t\t\t\t\t\t\t\t\t\t<\/a>\n\t\t\t\t\t\t\t<a class=\"e-gallery-item elementor-gallery-item elementor-animated-content\" href=\"https:\/\/alisonandreistudio.com\/wp-content\/uploads\/2026\/04\/Gemini_Generated_Image_rac7rmrac7rmrac7-23223423.webp\" data-elementor-open-lightbox=\"yes\" data-elementor-lightbox-slideshow=\"cb079d5\" data-e-action-hash=\"#elementor-action%3Aaction%3Dlightbox%26settings%3DeyJpZCI6MjU5OCwidXJsIjoiaHR0cHM6XC9cL2FsaXNvbmFuZHJlaXN0dWRpby5jb21cL3dwLWNvbnRlbnRcL3VwbG9hZHNcLzIwMjZcLzA0XC9HZW1pbmlfR2VuZXJhdGVkX0ltYWdlX3JhYzdybXJhYzdybXJhYzctMjMyMjM0MjMud2VicCIsInNsaWRlc2hvdyI6ImNiMDc5ZDUifQ%3D%3D\">\n\t\t\t\t\t<div class=\"e-gallery-image elementor-gallery-item__image\" data-thumbnail=\"https:\/\/alisonandreistudio.com\/wp-content\/uploads\/2026\/04\/Gemini_Generated_Image_rac7rmrac7rmrac7-23223423.webp\" data-width=\"1000\" data-height=\"563\" aria-label=\"\" role=\"img\" ><\/div>\n\t\t\t\t\t\t\t\t\t\t\t<div class=\"elementor-gallery-item__overlay\"><\/div>\n\t\t\t\t\t\t\t\t\t\t\t\t\t\t<\/a>\n\t\t\t\t\t<\/div>\n\t\t\t\t\t<\/div>\n\t\t\t\t<\/div>\n\t\t\t\t\t<\/div>\n\t\t\t\t<\/div>\n\t\t<div class=\"elementor-element elementor-element-4e3f69d e-flex e-con-boxed e-con e-parent\" data-id=\"4e3f69d\" data-element_type=\"container\" data-e-type=\"container\">\n\t\t\t\t\t<div class=\"e-con-inner\">\n\t\t<div class=\"elementor-element elementor-element-b721482 e-con-full e-flex e-con e-child\" data-id=\"b721482\" data-element_type=\"container\" data-e-type=\"container\">\n\t\t\t\t<div class=\"elementor-element elementor-element-69e85e1 elementor-widget elementor-widget-heading\" data-id=\"69e85e1\" data-element_type=\"widget\" data-e-type=\"widget\" data-widget_type=\"heading.default\">\n\t\t\t\t<div class=\"elementor-widget-container\">\n\t\t\t\t\t<h2 class=\"elementor-heading-title elementor-size-default\">Solu\u00e7\u00e3o criativa<\/h2>\t\t\t\t<\/div>\n\t\t\t\t<\/div>\n\t\t\t\t<div class=\"elementor-element elementor-element-a5ce2d6 elementor-widget elementor-widget-text-editor\" data-id=\"a5ce2d6\" data-element_type=\"widget\" data-e-type=\"widget\" data-widget_type=\"text-editor.default\">\n\t\t\t\t<div class=\"elementor-widget-container\">\n\t\t\t\t\t\t\t\t\t<ul>\n<li data-section-id=\"w4pv8t\" data-start=\"1031\" data-end=\"1088\">Identidade visual inspirada no universo rural\/musical<\/li>\n<li data-section-id=\"e2u730\" data-start=\"1089\" data-end=\"1114\">Tipografia de impacto<\/li>\n<li data-section-id=\"59vhh4\" data-start=\"1115\" data-end=\"1146\">Paleta terrosa e acolhedora<\/li>\n<li data-section-id=\"1ijqiuz\" data-start=\"1147\" data-end=\"1192\">Uso de fotografias expressivas do creator<\/li>\n<li data-section-id=\"1tp4why\" data-start=\"1193\" data-end=\"1223\">Estrutura comercial objetiva<\/li>\n<\/ul>\t\t\t\t\t\t\t\t<\/div>\n\t\t\t\t<\/div>\n\t\t\t\t<\/div>\n\t\t<div class=\"elementor-element elementor-element-7b31479 e-con-full e-flex e-con e-child\" data-id=\"7b31479\" data-element_type=\"container\" data-e-type=\"container\">\n\t\t\t\t<div class=\"elementor-element elementor-element-775c54b elementor-widget elementor-widget-image\" data-id=\"775c54b\" data-element_type=\"widget\" data-e-type=\"widget\" data-widget_type=\"image.default\">\n\t\t\t\t<div class=\"elementor-widget-container\">\n\t\t\t\t\t\t\t\t\t\t\t\t\t\t\t<img decoding=\"async\" width=\"1000\" height=\"563\" src=\"https:\/\/alisonandreistudio.com\/wp-content\/uploads\/2026\/04\/f6a0350d-f53e-4135-8eae-4716139adfdd_rw_1920-copiar.webp\" class=\"attachment-full size-full wp-image-2600\" alt=\"\" srcset=\"https:\/\/alisonandreistudio.com\/wp-content\/uploads\/2026\/04\/f6a0350d-f53e-4135-8eae-4716139adfdd_rw_1920-copiar.webp 1000w, https:\/\/alisonandreistudio.com\/wp-content\/uploads\/2026\/04\/f6a0350d-f53e-4135-8eae-4716139adfdd_rw_1920-copiar-300x169.webp 300w, https:\/\/alisonandreistudio.com\/wp-content\/uploads\/2026\/04\/f6a0350d-f53e-4135-8eae-4716139adfdd_rw_1920-copiar-768x432.webp 768w, https:\/\/alisonandreistudio.com\/wp-content\/uploads\/2026\/04\/f6a0350d-f53e-4135-8eae-4716139adfdd_rw_1920-copiar-18x10.webp 18w, https:\/\/alisonandreistudio.com\/wp-content\/uploads\/2026\/04\/f6a0350d-f53e-4135-8eae-4716139adfdd_rw_1920-copiar-800x450.webp 800w\" sizes=\"(max-width: 1000px) 100vw, 1000px\" \/>\t\t\t\t\t\t\t\t\t\t\t\t\t\t\t<\/div>\n\t\t\t\t<\/div>\n\t\t\t\t<\/div>\n\t\t\t\t\t<\/div>\n\t\t\t\t<\/div>\n\t\t<div class=\"elementor-element elementor-element-ca13305 e-flex e-con-boxed e-con e-parent\" data-id=\"ca13305\" data-element_type=\"container\" data-e-type=\"container\">\n\t\t\t\t\t<div class=\"e-con-inner\">\n\t\t\t\t<div class=\"elementor-element elementor-element-1ec8553 elementor-widget elementor-widget-gallery\" data-id=\"1ec8553\" data-element_type=\"widget\" data-e-type=\"widget\" data-settings=\"{&quot;columns&quot;:3,&quot;lazyload&quot;:&quot;yes&quot;,&quot;gallery_layout&quot;:&quot;grid&quot;,&quot;columns_tablet&quot;:2,&quot;columns_mobile&quot;:1,&quot;gap&quot;:{&quot;unit&quot;:&quot;px&quot;,&quot;size&quot;:10,&quot;sizes&quot;:[]},&quot;gap_tablet&quot;:{&quot;unit&quot;:&quot;px&quot;,&quot;size&quot;:10,&quot;sizes&quot;:[]},&quot;gap_mobile&quot;:{&quot;unit&quot;:&quot;px&quot;,&quot;size&quot;:10,&quot;sizes&quot;:[]},&quot;link_to&quot;:&quot;file&quot;,&quot;aspect_ratio&quot;:&quot;3:2&quot;,&quot;overlay_background&quot;:&quot;yes&quot;,&quot;content_hover_animation&quot;:&quot;fade-in&quot;}\" data-widget_type=\"gallery.default\">\n\t\t\t\t<div class=\"elementor-widget-container\">\n\t\t\t\t\t\t\t<div class=\"elementor-gallery__container\">\n\t\t\t\t\t\t\t<a class=\"e-gallery-item elementor-gallery-item elementor-animated-content\" href=\"https:\/\/alisonandreistudio.com\/wp-content\/uploads\/2026\/04\/53139971-40b7-448c-871e-845451d6fde5_rw_1920-copiar.webp\" data-elementor-open-lightbox=\"yes\" data-elementor-lightbox-slideshow=\"1ec8553\" data-e-action-hash=\"#elementor-action%3Aaction%3Dlightbox%26settings%3DeyJpZCI6MjYwNCwidXJsIjoiaHR0cHM6XC9cL2FsaXNvbmFuZHJlaXN0dWRpby5jb21cL3dwLWNvbnRlbnRcL3VwbG9hZHNcLzIwMjZcLzA0XC81MzEzOTk3MS00MGI3LTQ0OGMtODcxZS04NDU0NTFkNmZkZTVfcndfMTkyMC1jb3BpYXIud2VicCIsInNsaWRlc2hvdyI6IjFlYzg1NTMifQ%3D%3D\">\n\t\t\t\t\t<div class=\"e-gallery-image elementor-gallery-item__image\" data-thumbnail=\"https:\/\/alisonandreistudio.com\/wp-content\/uploads\/2026\/04\/53139971-40b7-448c-871e-845451d6fde5_rw_1920-copiar.webp\" data-width=\"1000\" data-height=\"563\" aria-label=\"\" role=\"img\" ><\/div>\n\t\t\t\t\t\t\t\t\t\t\t<div class=\"elementor-gallery-item__overlay\"><\/div>\n\t\t\t\t\t\t\t\t\t\t\t\t\t\t<\/a>\n\t\t\t\t\t\t\t<a class=\"e-gallery-item elementor-gallery-item elementor-animated-content\" href=\"https:\/\/alisonandreistudio.com\/wp-content\/uploads\/2026\/04\/c2ac1cd6-4910-48a5-9635-451abe770ec9_rw_1920-copiar.webp\" data-elementor-open-lightbox=\"yes\" data-elementor-lightbox-slideshow=\"1ec8553\" data-e-action-hash=\"#elementor-action%3Aaction%3Dlightbox%26settings%3DeyJpZCI6MjYwNSwidXJsIjoiaHR0cHM6XC9cL2FsaXNvbmFuZHJlaXN0dWRpby5jb21cL3dwLWNvbnRlbnRcL3VwbG9hZHNcLzIwMjZcLzA0XC9jMmFjMWNkNi00OTEwLTQ4YTUtOTYzNS00NTFhYmU3NzBlYzlfcndfMTkyMC1jb3BpYXIud2VicCIsInNsaWRlc2hvdyI6IjFlYzg1NTMifQ%3D%3D\">\n\t\t\t\t\t<div class=\"e-gallery-image elementor-gallery-item__image\" data-thumbnail=\"https:\/\/alisonandreistudio.com\/wp-content\/uploads\/2026\/04\/c2ac1cd6-4910-48a5-9635-451abe770ec9_rw_1920-copiar.webp\" data-width=\"1000\" data-height=\"563\" aria-label=\"\" role=\"img\" ><\/div>\n\t\t\t\t\t\t\t\t\t\t\t<div class=\"elementor-gallery-item__overlay\"><\/div>\n\t\t\t\t\t\t\t\t\t\t\t\t\t\t<\/a>\n\t\t\t\t\t\t\t<a class=\"e-gallery-item elementor-gallery-item elementor-animated-content\" href=\"https:\/\/alisonandreistudio.com\/wp-content\/uploads\/2026\/04\/3a72efb2-e61d-4ef8-8b65-23d170418282_rw_1920-copiar.webp\" data-elementor-open-lightbox=\"yes\" data-elementor-lightbox-slideshow=\"1ec8553\" data-e-action-hash=\"#elementor-action%3Aaction%3Dlightbox%26settings%3DeyJpZCI6MjYwMSwidXJsIjoiaHR0cHM6XC9cL2FsaXNvbmFuZHJlaXN0dWRpby5jb21cL3dwLWNvbnRlbnRcL3VwbG9hZHNcLzIwMjZcLzA0XC8zYTcyZWZiMi1lNjFkLTRlZjgtOGI2NS0yM2QxNzA0MTgyODJfcndfMTkyMC1jb3BpYXIud2VicCIsInNsaWRlc2hvdyI6IjFlYzg1NTMifQ%3D%3D\">\n\t\t\t\t\t<div class=\"e-gallery-image elementor-gallery-item__image\" data-thumbnail=\"https:\/\/alisonandreistudio.com\/wp-content\/uploads\/2026\/04\/3a72efb2-e61d-4ef8-8b65-23d170418282_rw_1920-copiar.webp\" data-width=\"1000\" data-height=\"563\" aria-label=\"\" role=\"img\" ><\/div>\n\t\t\t\t\t\t\t\t\t\t\t<div class=\"elementor-gallery-item__overlay\"><\/div>\n\t\t\t\t\t\t\t\t\t\t\t\t\t\t<\/a>\n\t\t\t\t\t\t\t<a class=\"e-gallery-item elementor-gallery-item elementor-animated-content\" href=\"https:\/\/alisonandreistudio.com\/wp-content\/uploads\/2026\/04\/791a22e7-8846-40d6-8d5c-4a5c5481992d_rw_1920-copiar.webp\" data-elementor-open-lightbox=\"yes\" data-elementor-lightbox-slideshow=\"1ec8553\" data-e-action-hash=\"#elementor-action%3Aaction%3Dlightbox%26settings%3DeyJpZCI6MjYwMywidXJsIjoiaHR0cHM6XC9cL2FsaXNvbmFuZHJlaXN0dWRpby5jb21cL3dwLWNvbnRlbnRcL3VwbG9hZHNcLzIwMjZcLzA0XC83OTFhMjJlNy04ODQ2LTQwZDYtOGQ1Yy00YTVjNTQ4MTk5MmRfcndfMTkyMC1jb3BpYXIud2VicCIsInNsaWRlc2hvdyI6IjFlYzg1NTMifQ%3D%3D\">\n\t\t\t\t\t<div class=\"e-gallery-image elementor-gallery-item__image\" data-thumbnail=\"https:\/\/alisonandreistudio.com\/wp-content\/uploads\/2026\/04\/791a22e7-8846-40d6-8d5c-4a5c5481992d_rw_1920-copiar.webp\" data-width=\"1000\" data-height=\"563\" aria-label=\"\" role=\"img\" ><\/div>\n\t\t\t\t\t\t\t\t\t\t\t<div class=\"elementor-gallery-item__overlay\"><\/div>\n\t\t\t\t\t\t\t\t\t\t\t\t\t\t<\/a>\n\t\t\t\t\t\t\t<a class=\"e-gallery-item elementor-gallery-item elementor-animated-content\" href=\"https:\/\/alisonandreistudio.com\/wp-content\/uploads\/2026\/04\/d653cb1d-5cdb-4852-8061-913a0e10161e_rw_1920-copiar.webp\" data-elementor-open-lightbox=\"yes\" data-elementor-lightbox-slideshow=\"1ec8553\" data-e-action-hash=\"#elementor-action%3Aaction%3Dlightbox%26settings%3DeyJpZCI6MjU5OSwidXJsIjoiaHR0cHM6XC9cL2FsaXNvbmFuZHJlaXN0dWRpby5jb21cL3dwLWNvbnRlbnRcL3VwbG9hZHNcLzIwMjZcLzA0XC9kNjUzY2IxZC01Y2RiLTQ4NTItODA2MS05MTNhMGUxMDE2MWVfcndfMTkyMC1jb3BpYXIud2VicCIsInNsaWRlc2hvdyI6IjFlYzg1NTMifQ%3D%3D\">\n\t\t\t\t\t<div class=\"e-gallery-image elementor-gallery-item__image\" data-thumbnail=\"https:\/\/alisonandreistudio.com\/wp-content\/uploads\/2026\/04\/d653cb1d-5cdb-4852-8061-913a0e10161e_rw_1920-copiar.webp\" data-width=\"1000\" data-height=\"563\" aria-label=\"\" role=\"img\" ><\/div>\n\t\t\t\t\t\t\t\t\t\t\t<div class=\"elementor-gallery-item__overlay\"><\/div>\n\t\t\t\t\t\t\t\t\t\t\t\t\t\t<\/a>\n\t\t\t\t\t\t\t<a class=\"e-gallery-item elementor-gallery-item elementor-animated-content\" href=\"https:\/\/alisonandreistudio.com\/wp-content\/uploads\/2026\/04\/046fff6f-8477-4784-8ae8-a1d4ea5b5d66_rw_1920-copiar.webp\" data-elementor-open-lightbox=\"yes\" data-elementor-lightbox-slideshow=\"1ec8553\" data-e-action-hash=\"#elementor-action%3Aaction%3Dlightbox%26settings%3DeyJpZCI6MjYwMiwidXJsIjoiaHR0cHM6XC9cL2FsaXNvbmFuZHJlaXN0dWRpby5jb21cL3dwLWNvbnRlbnRcL3VwbG9hZHNcLzIwMjZcLzA0XC8wNDZmZmY2Zi04NDc3LTQ3ODQtOGFlOC1hMWQ0ZWE1YjVkNjZfcndfMTkyMC1jb3BpYXIud2VicCIsInNsaWRlc2hvdyI6IjFlYzg1NTMifQ%3D%3D\">\n\t\t\t\t\t<div class=\"e-gallery-image elementor-gallery-item__image\" data-thumbnail=\"https:\/\/alisonandreistudio.com\/wp-content\/uploads\/2026\/04\/046fff6f-8477-4784-8ae8-a1d4ea5b5d66_rw_1920-copiar.webp\" data-width=\"1000\" data-height=\"563\" aria-label=\"\" role=\"img\" ><\/div>\n\t\t\t\t\t\t\t\t\t\t\t<div class=\"elementor-gallery-item__overlay\"><\/div>\n\t\t\t\t\t\t\t\t\t\t\t\t\t\t<\/a>\n\t\t\t\t\t<\/div>\n\t\t\t\t\t<\/div>\n\t\t\t\t<\/div>\n\t\t\t\t<div class=\"elementor-element elementor-element-934ace0 elementor-widget elementor-widget-text-editor\" data-id=\"934ace0\" data-element_type=\"widget\" data-e-type=\"widget\" data-widget_type=\"text-editor.default\">\n\t\t\t\t<div class=\"elementor-widget-container\">\n\t\t\t\t\t\t\t\t\t<p>Um material profissional pronto para negocia\u00e7\u00f5es comerciais, apresenta\u00e7\u00f5es para patrocinadores e fortalecimento da percep\u00e7\u00e3o de valor da marca pessoal Santo Fole.<\/p>\t\t\t\t\t\t\t\t<\/div>\n\t\t\t\t<\/div>\n\t\t\t\t\t<\/div>\n\t\t\t\t<\/div>\n\t\t<div class=\"elementor-element elementor-element-65ec75c e-flex e-con-boxed e-con e-parent\" data-id=\"65ec75c\" data-element_type=\"container\" data-e-type=\"container\" data-settings=\"{&quot;background_background&quot;:&quot;classic&quot;}\">\n\t\t\t\t\t<div class=\"e-con-inner\">\n\t\t<div class=\"elementor-element elementor-element-97b231d e-con-full e-flex e-con e-child\" data-id=\"97b231d\" data-element_type=\"container\" data-e-type=\"container\">\n\t\t<div class=\"elementor-element elementor-element-8b34bce e-con-full e-flex e-con e-child\" data-id=\"8b34bce\" data-element_type=\"container\" data-e-type=\"container\">\n\t\t\t\t<div class=\"elementor-element elementor-element-cff1a1d elementor-widget elementor-widget-heading\" data-id=\"cff1a1d\" data-element_type=\"widget\" data-e-type=\"widget\" data-widget_type=\"heading.default\">\n\t\t\t\t<div class=\"elementor-widget-container\">\n\t\t\t\t\t<h2 class=\"elementor-heading-title elementor-size-default\">Precisa de um m\u00eddia kit profissional para vender melhor seu trabalho?<\/h2>\t\t\t\t<\/div>\n\t\t\t\t<\/div>\n\t\t\t\t<\/div>\n\t\t<div class=\"elementor-element elementor-element-92b648a e-con-full e-flex e-con e-child\" data-id=\"92b648a\" data-element_type=\"container\" data-e-type=\"container\">\n\t\t\t\t<div class=\"elementor-element elementor-element-ba89d1c elementor-align-center elementor-widget elementor-widget-button\" data-id=\"ba89d1c\" data-element_type=\"widget\" data-e-type=\"widget\" data-widget_type=\"button.default\">\n\t\t\t\t<div class=\"elementor-widget-container\">\n\t\t\t\t\t\t\t\t\t<div class=\"elementor-button-wrapper\">\n\t\t\t\t\t<a class=\"elementor-button elementor-button-link elementor-size-sm\" href=\"https:\/\/api.whatsapp.com\/send\/?phone=5543998553056\" target=\"_blank\">\n\t\t\t\t\t\t<span class=\"elementor-button-content-wrapper\">\n\t\t\t\t\t\t\t\t\t<span class=\"elementor-button-text\">Get in touch<\/span>\n\t\t\t\t\t<\/span>\n\t\t\t\t\t<\/a>\n\t\t\t\t<\/div>\n\t\t\t\t\t\t\t\t<\/div>\n\t\t\t\t<\/div>\n\t\t\t\t<\/div>\n\t\t\t\t<\/div>\n\t\t\t\t\t<\/div>\n\t\t\t\t<\/div>\n\t\t\t\t<\/div>","protected":false},"excerpt":{"rendered":"<p>Projeto editorial e visual desenvolvido para apresentar audi\u00eancia, m\u00e9tricas, formatos comerciais e posicionamento digital do creator Santo Fole. Objetivo do Projeto Criar um m\u00eddia kit profissional capaz de transformar n\u00fameros e presen\u00e7a digital em uma apresenta\u00e7\u00e3o comercial atrativa para marcas, eventos e parceiros estrat\u00e9gicos. Solu\u00e7\u00e3o criativa Identidade visual inspirada no universo rural\/musical Tipografia de impacto [&hellip;]<\/p>","protected":false},"author":1,"featured_media":2596,"parent":0,"menu_order":0,"comment_status":"closed","ping_status":"closed","template":"","meta":{"footnotes":""},"class_list":["post-2593","page","type-page","status-publish","has-post-thumbnail","hentry"],"_links":{"self":[{"href":"https:\/\/alisonandreistudio.com\/en\/wp-json\/wp\/v2\/pages\/2593","targetHints":{"allow":["GET"]}}],"collection":[{"href":"https:\/\/alisonandreistudio.com\/en\/wp-json\/wp\/v2\/pages"}],"about":[{"href":"https:\/\/alisonandreistudio.com\/en\/wp-json\/wp\/v2\/types\/page"}],"author":[{"embeddable":true,"href":"https:\/\/alisonandreistudio.com\/en\/wp-json\/wp\/v2\/users\/1"}],"replies":[{"embeddable":true,"href":"https:\/\/alisonandreistudio.com\/en\/wp-json\/wp\/v2\/comments?post=2593"}],"version-history":[{"count":4,"href":"https:\/\/alisonandreistudio.com\/en\/wp-json\/wp\/v2\/pages\/2593\/revisions"}],"predecessor-version":[{"id":2611,"href":"https:\/\/alisonandreistudio.com\/en\/wp-json\/wp\/v2\/pages\/2593\/revisions\/2611"}],"wp:featuredmedia":[{"embeddable":true,"href":"https:\/\/alisonandreistudio.com\/en\/wp-json\/wp\/v2\/media\/2596"}],"wp:attachment":[{"href":"https:\/\/alisonandreistudio.com\/en\/wp-json\/wp\/v2\/media?parent=2593"}],"curies":[{"name":"wp","href":"https:\/\/api.w.org\/{rel}","templated":true}]}}