{"id":2581,"date":"2026-04-21T16:35:13","date_gmt":"2026-04-21T16:35:13","guid":{"rendered":"https:\/\/alisonandreistudio.com\/?page_id=2581"},"modified":"2026-04-21T16:43:18","modified_gmt":"2026-04-21T16:43:18","slug":"nuzda-redesign-de-mascote","status":"publish","type":"page","link":"https:\/\/alisonandreistudio.com\/en\/nuzda-redesign-de-mascote\/","title":{"rendered":"Nuzda &#8211; Redesign de mascote"},"content":{"rendered":"<div data-elementor-type=\"wp-page\" data-elementor-id=\"2581\" class=\"elementor elementor-2581\" data-elementor-post-type=\"page\">\n\t\t\t\t<div class=\"elementor-element elementor-element-0b0df6b e-flex e-con-boxed e-con e-parent\" data-id=\"0b0df6b\" data-element_type=\"container\" data-e-type=\"container\">\n\t\t\t\t\t<div class=\"e-con-inner\">\n\t\t\t\t<div class=\"elementor-element elementor-element-fea42ec elementor-widget elementor-widget-text-editor\" data-id=\"fea42ec\" data-element_type=\"widget\" data-e-type=\"widget\" data-widget_type=\"text-editor.default\">\n\t\t\t\t<div class=\"elementor-widget-container\">\n\t\t\t\t\t\t\t\t\t<p data-start=\"179\" data-end=\"263\">Redesign de mascote para marca tradicional do segmento aliment\u00edcio.<\/p>\t\t\t\t\t\t\t\t<\/div>\n\t\t\t\t<\/div>\n\t\t\t\t<div class=\"elementor-element elementor-element-3b6a968 elementor-widget elementor-widget-image\" data-id=\"3b6a968\" data-element_type=\"widget\" data-e-type=\"widget\" data-widget_type=\"image.default\">\n\t\t\t\t<div class=\"elementor-widget-container\">\n\t\t\t\t\t\t\t\t\t\t\t\t\t\t\t<img fetchpriority=\"high\" decoding=\"async\" width=\"1440\" height=\"500\" src=\"https:\/\/alisonandreistudio.com\/wp-content\/uploads\/2026\/04\/1b113349-cbc8-482e-a007-22e254075db8_rw_1920-copiar.webp\" class=\"attachment-full size-full wp-image-2584\" alt=\"\" srcset=\"https:\/\/alisonandreistudio.com\/wp-content\/uploads\/2026\/04\/1b113349-cbc8-482e-a007-22e254075db8_rw_1920-copiar.webp 1440w, https:\/\/alisonandreistudio.com\/wp-content\/uploads\/2026\/04\/1b113349-cbc8-482e-a007-22e254075db8_rw_1920-copiar-300x104.webp 300w, https:\/\/alisonandreistudio.com\/wp-content\/uploads\/2026\/04\/1b113349-cbc8-482e-a007-22e254075db8_rw_1920-copiar-1024x356.webp 1024w, https:\/\/alisonandreistudio.com\/wp-content\/uploads\/2026\/04\/1b113349-cbc8-482e-a007-22e254075db8_rw_1920-copiar-768x267.webp 768w, https:\/\/alisonandreistudio.com\/wp-content\/uploads\/2026\/04\/1b113349-cbc8-482e-a007-22e254075db8_rw_1920-copiar-18x6.webp 18w, https:\/\/alisonandreistudio.com\/wp-content\/uploads\/2026\/04\/1b113349-cbc8-482e-a007-22e254075db8_rw_1920-copiar-800x278.webp 800w\" sizes=\"(max-width: 1440px) 100vw, 1440px\" \/>\t\t\t\t\t\t\t\t\t\t\t\t\t\t\t<\/div>\n\t\t\t\t<\/div>\n\t\t\t\t\t<\/div>\n\t\t\t\t<\/div>\n\t\t<div class=\"elementor-element elementor-element-0110979 e-flex e-con-boxed e-con e-parent\" data-id=\"0110979\" data-element_type=\"container\" data-e-type=\"container\">\n\t\t\t\t\t<div class=\"e-con-inner\">\n\t\t<div class=\"elementor-element elementor-element-15e4d6d e-con-full e-flex e-con e-child\" data-id=\"15e4d6d\" data-element_type=\"container\" data-e-type=\"container\">\n\t\t\t\t<div class=\"elementor-element elementor-element-6595a36 elementor-widget elementor-widget-heading\" data-id=\"6595a36\" data-element_type=\"widget\" data-e-type=\"widget\" data-widget_type=\"heading.default\">\n\t\t\t\t<div class=\"elementor-widget-container\">\n\t\t\t\t\t<h2 class=\"elementor-heading-title elementor-size-default\">O Projeto<\/h2>\t\t\t\t<\/div>\n\t\t\t\t<\/div>\n\t\t\t\t<div class=\"elementor-element elementor-element-e2de891 elementor-widget elementor-widget-text-editor\" data-id=\"e2de891\" data-element_type=\"widget\" data-e-type=\"widget\" data-widget_type=\"text-editor.default\">\n\t\t\t\t<div class=\"elementor-widget-container\">\n\t\t\t\t\t\t\t\t\t<p data-start=\"350\" data-end=\"448\">Em 2016, desenvolvi a revitaliza\u00e7\u00e3o do mascote da Nuzda, empresa paranaense do setor de embutidos.<\/p><p data-start=\"450\" data-end=\"612\">O objetivo foi atualizar o personagem j\u00e1 existente, preservando reconhecimento da marca e fortalecendo sua presen\u00e7a visual em embalagens e materiais promocionais.<\/p>\t\t\t\t\t\t\t\t<\/div>\n\t\t\t\t<\/div>\n\t\t\t\t<div class=\"elementor-element elementor-element-323aa7f elementor-widget elementor-widget-heading\" data-id=\"323aa7f\" data-element_type=\"widget\" data-e-type=\"widget\" data-widget_type=\"heading.default\">\n\t\t\t\t<div class=\"elementor-widget-container\">\n\t\t\t\t\t<h2 class=\"elementor-heading-title elementor-size-default\">O Desafio<\/h2>\t\t\t\t<\/div>\n\t\t\t\t<\/div>\n\t\t\t\t<div class=\"elementor-element elementor-element-a91a967 elementor-widget elementor-widget-text-editor\" data-id=\"a91a967\" data-element_type=\"widget\" data-e-type=\"widget\" data-widget_type=\"text-editor.default\">\n\t\t\t\t<div class=\"elementor-widget-container\">\n\t\t\t\t\t\t\t\t\t<p data-start=\"750\" data-end=\"851\">Modernizar um personagem tradicional sem romper com a mem\u00f3ria afetiva j\u00e1 constru\u00edda junto ao p\u00fablico.<\/p><p data-start=\"853\" data-end=\"910\">Era necess\u00e1rio equilibrar nostalgia e atualiza\u00e7\u00e3o visual.<\/p><p data-start=\"853\" data-end=\"910\">A revitaliza\u00e7\u00e3o entregou um mascote mais amig\u00e1vel, atual e funcional para comunica\u00e7\u00e3o comercial, mantendo os elementos cl\u00e1ssicos reconhecidos pelo consumidor.<\/p>\t\t\t\t\t\t\t\t<\/div>\n\t\t\t\t<\/div>\n\t\t\t\t<\/div>\n\t\t<div class=\"elementor-element elementor-element-962f56f e-con-full e-flex e-con e-child\" data-id=\"962f56f\" data-element_type=\"container\" data-e-type=\"container\">\n\t\t\t\t<div class=\"elementor-element elementor-element-cd6a031 elementor-widget elementor-widget-image\" data-id=\"cd6a031\" data-element_type=\"widget\" data-e-type=\"widget\" data-widget_type=\"image.default\">\n\t\t\t\t<div class=\"elementor-widget-container\">\n\t\t\t\t\t\t\t\t\t\t\t\t\t\t\t<img decoding=\"async\" width=\"1000\" height=\"947\" src=\"https:\/\/alisonandreistudio.com\/wp-content\/uploads\/2026\/04\/fbee1294-15d8-4ff9-987a-b62c4eff3582_rw_1920-copiar.webp\" class=\"attachment-full size-full wp-image-2583\" alt=\"\" srcset=\"https:\/\/alisonandreistudio.com\/wp-content\/uploads\/2026\/04\/fbee1294-15d8-4ff9-987a-b62c4eff3582_rw_1920-copiar.webp 1000w, https:\/\/alisonandreistudio.com\/wp-content\/uploads\/2026\/04\/fbee1294-15d8-4ff9-987a-b62c4eff3582_rw_1920-copiar-300x284.webp 300w, https:\/\/alisonandreistudio.com\/wp-content\/uploads\/2026\/04\/fbee1294-15d8-4ff9-987a-b62c4eff3582_rw_1920-copiar-768x727.webp 768w, https:\/\/alisonandreistudio.com\/wp-content\/uploads\/2026\/04\/fbee1294-15d8-4ff9-987a-b62c4eff3582_rw_1920-copiar-13x12.webp 13w, https:\/\/alisonandreistudio.com\/wp-content\/uploads\/2026\/04\/fbee1294-15d8-4ff9-987a-b62c4eff3582_rw_1920-copiar-800x758.webp 800w\" sizes=\"(max-width: 1000px) 100vw, 1000px\" \/>\t\t\t\t\t\t\t\t\t\t\t\t\t\t\t<\/div>\n\t\t\t\t<\/div>\n\t\t\t\t<\/div>\n\t\t\t\t\t<\/div>\n\t\t\t\t<\/div>\n\t\t<div class=\"elementor-element elementor-element-c05d931 e-flex e-con-boxed e-con e-parent\" data-id=\"c05d931\" data-element_type=\"container\" data-e-type=\"container\">\n\t\t\t\t\t<div class=\"e-con-inner\">\n\t\t\t\t<div class=\"elementor-element elementor-element-e592873 elementor-widget elementor-widget-heading\" data-id=\"e592873\" data-element_type=\"widget\" data-e-type=\"widget\" data-widget_type=\"heading.default\">\n\t\t\t\t<div class=\"elementor-widget-container\">\n\t\t\t\t\t<h2 class=\"elementor-heading-title elementor-size-default\">Aplica\u00e7\u00e3o da marca<\/h2>\t\t\t\t<\/div>\n\t\t\t\t<\/div>\n\t\t\t\t<div class=\"elementor-element elementor-element-bffadb9 elementor-widget elementor-widget-gallery\" data-id=\"bffadb9\" data-element_type=\"widget\" data-e-type=\"widget\" data-settings=\"{&quot;columns&quot;:2,&quot;aspect_ratio&quot;:&quot;1:1&quot;,&quot;lazyload&quot;:&quot;yes&quot;,&quot;gallery_layout&quot;:&quot;grid&quot;,&quot;columns_tablet&quot;:2,&quot;columns_mobile&quot;:1,&quot;gap&quot;:{&quot;unit&quot;:&quot;px&quot;,&quot;size&quot;:10,&quot;sizes&quot;:[]},&quot;gap_tablet&quot;:{&quot;unit&quot;:&quot;px&quot;,&quot;size&quot;:10,&quot;sizes&quot;:[]},&quot;gap_mobile&quot;:{&quot;unit&quot;:&quot;px&quot;,&quot;size&quot;:10,&quot;sizes&quot;:[]},&quot;link_to&quot;:&quot;file&quot;,&quot;overlay_background&quot;:&quot;yes&quot;,&quot;content_hover_animation&quot;:&quot;fade-in&quot;}\" data-widget_type=\"gallery.default\">\n\t\t\t\t<div class=\"elementor-widget-container\">\n\t\t\t\t\t\t\t<div class=\"elementor-gallery__container\">\n\t\t\t\t\t\t\t<a class=\"e-gallery-item elementor-gallery-item elementor-animated-content\" href=\"https:\/\/alisonandreistudio.com\/wp-content\/uploads\/2026\/04\/e43c68be-9e5b-4009-b61b-1ccc2a903e24_rw_1920-copiar.webp\" data-elementor-open-lightbox=\"yes\" data-elementor-lightbox-slideshow=\"bffadb9\" data-e-action-hash=\"#elementor-action%3Aaction%3Dlightbox%26settings%3DeyJpZCI6MjU4NiwidXJsIjoiaHR0cHM6XC9cL2FsaXNvbmFuZHJlaXN0dWRpby5jb21cL3dwLWNvbnRlbnRcL3VwbG9hZHNcLzIwMjZcLzA0XC9lNDNjNjhiZS05ZTViLTQwMDktYjYxYi0xY2NjMmE5MDNlMjRfcndfMTkyMC1jb3BpYXIud2VicCIsInNsaWRlc2hvdyI6ImJmZmFkYjkifQ%3D%3D\">\n\t\t\t\t\t<div class=\"e-gallery-image elementor-gallery-item__image\" data-thumbnail=\"https:\/\/alisonandreistudio.com\/wp-content\/uploads\/2026\/04\/e43c68be-9e5b-4009-b61b-1ccc2a903e24_rw_1920-copiar.webp\" data-width=\"1000\" data-height=\"749\" aria-label=\"\" role=\"img\" ><\/div>\n\t\t\t\t\t\t\t\t\t\t\t<div class=\"elementor-gallery-item__overlay\"><\/div>\n\t\t\t\t\t\t\t\t\t\t\t\t\t\t<\/a>\n\t\t\t\t\t\t\t<a class=\"e-gallery-item elementor-gallery-item elementor-animated-content\" href=\"https:\/\/alisonandreistudio.com\/wp-content\/uploads\/2026\/04\/Gemini_Generated_Image_ywandxywandxywan-copiar.webp\" data-elementor-open-lightbox=\"yes\" data-elementor-lightbox-slideshow=\"bffadb9\" data-e-action-hash=\"#elementor-action%3Aaction%3Dlightbox%26settings%3DeyJpZCI6MjU4NSwidXJsIjoiaHR0cHM6XC9cL2FsaXNvbmFuZHJlaXN0dWRpby5jb21cL3dwLWNvbnRlbnRcL3VwbG9hZHNcLzIwMjZcLzA0XC9HZW1pbmlfR2VuZXJhdGVkX0ltYWdlX3l3YW5keHl3YW5keHl3YW4tY29waWFyLndlYnAiLCJzbGlkZXNob3ciOiJiZmZhZGI5In0%3D\">\n\t\t\t\t\t<div class=\"e-gallery-image elementor-gallery-item__image\" data-thumbnail=\"https:\/\/alisonandreistudio.com\/wp-content\/uploads\/2026\/04\/Gemini_Generated_Image_ywandxywandxywan-copiar.webp\" data-width=\"740\" data-height=\"1000\" aria-label=\"\" role=\"img\" ><\/div>\n\t\t\t\t\t\t\t\t\t\t\t<div class=\"elementor-gallery-item__overlay\"><\/div>\n\t\t\t\t\t\t\t\t\t\t\t\t\t\t<\/a>\n\t\t\t\t\t<\/div>\n\t\t\t\t\t<\/div>\n\t\t\t\t<\/div>\n\t\t\t\t\t<\/div>\n\t\t\t\t<\/div>\n\t\t\t\t<\/div>","protected":false},"excerpt":{"rendered":"<p>Redesign de mascote para marca tradicional do segmento aliment\u00edcio. O Projeto Em 2016, desenvolvi a revitaliza\u00e7\u00e3o do mascote da Nuzda, empresa paranaense do setor de embutidos. O objetivo foi atualizar o personagem j\u00e1 existente, preservando reconhecimento da marca e fortalecendo sua presen\u00e7a visual em embalagens e materiais promocionais. O Desafio Modernizar um personagem tradicional sem [&hellip;]<\/p>","protected":false},"author":1,"featured_media":2586,"parent":0,"menu_order":0,"comment_status":"closed","ping_status":"closed","template":"","meta":{"footnotes":""},"class_list":["post-2581","page","type-page","status-publish","has-post-thumbnail","hentry"],"_links":{"self":[{"href":"https:\/\/alisonandreistudio.com\/en\/wp-json\/wp\/v2\/pages\/2581","targetHints":{"allow":["GET"]}}],"collection":[{"href":"https:\/\/alisonandreistudio.com\/en\/wp-json\/wp\/v2\/pages"}],"about":[{"href":"https:\/\/alisonandreistudio.com\/en\/wp-json\/wp\/v2\/types\/page"}],"author":[{"embeddable":true,"href":"https:\/\/alisonandreistudio.com\/en\/wp-json\/wp\/v2\/users\/1"}],"replies":[{"embeddable":true,"href":"https:\/\/alisonandreistudio.com\/en\/wp-json\/wp\/v2\/comments?post=2581"}],"version-history":[{"count":4,"href":"https:\/\/alisonandreistudio.com\/en\/wp-json\/wp\/v2\/pages\/2581\/revisions"}],"predecessor-version":[{"id":2589,"href":"https:\/\/alisonandreistudio.com\/en\/wp-json\/wp\/v2\/pages\/2581\/revisions\/2589"}],"wp:featuredmedia":[{"embeddable":true,"href":"https:\/\/alisonandreistudio.com\/en\/wp-json\/wp\/v2\/media\/2586"}],"wp:attachment":[{"href":"https:\/\/alisonandreistudio.com\/en\/wp-json\/wp\/v2\/media?parent=2581"}],"curies":[{"name":"wp","href":"https:\/\/api.w.org\/{rel}","templated":true}]}}