{"id":2559,"date":"2026-04-21T16:25:23","date_gmt":"2026-04-21T16:25:23","guid":{"rendered":"https:\/\/alisonandreistudio.com\/?page_id=2559"},"modified":"2026-04-21T16:30:09","modified_gmt":"2026-04-21T16:30:09","slug":"arteria-fibra-branding-aplicado","status":"publish","type":"page","link":"https:\/\/alisonandreistudio.com\/en\/arteria-fibra-branding-aplicado\/","title":{"rendered":"Art\u00e9ria Fibra &#8211; Branding aplicado"},"content":{"rendered":"<div data-elementor-type=\"wp-page\" data-elementor-id=\"2559\" class=\"elementor elementor-2559\" data-elementor-post-type=\"page\">\n\t\t\t\t<div class=\"elementor-element elementor-element-b786451 e-flex e-con-boxed e-con e-parent\" data-id=\"b786451\" data-element_type=\"container\" data-e-type=\"container\">\n\t\t\t\t\t<div class=\"e-con-inner\">\n\t\t\t\t<div class=\"elementor-element elementor-element-a7e92b3 elementor-widget elementor-widget-image\" data-id=\"a7e92b3\" data-element_type=\"widget\" data-e-type=\"widget\" data-widget_type=\"image.default\">\n\t\t\t\t<div class=\"elementor-widget-container\">\n\t\t\t\t\t\t\t\t\t\t\t\t\t\t\t<img fetchpriority=\"high\" decoding=\"async\" width=\"1920\" height=\"336\" src=\"https:\/\/alisonandreistudio.com\/wp-content\/uploads\/2026\/04\/3a26d399-271b-4f10-b31d-5f9c87278b4a_rw_1920-345345.webp\" class=\"attachment-full size-full wp-image-2561\" alt=\"\" srcset=\"https:\/\/alisonandreistudio.com\/wp-content\/uploads\/2026\/04\/3a26d399-271b-4f10-b31d-5f9c87278b4a_rw_1920-345345.webp 1920w, https:\/\/alisonandreistudio.com\/wp-content\/uploads\/2026\/04\/3a26d399-271b-4f10-b31d-5f9c87278b4a_rw_1920-345345-300x53.webp 300w, https:\/\/alisonandreistudio.com\/wp-content\/uploads\/2026\/04\/3a26d399-271b-4f10-b31d-5f9c87278b4a_rw_1920-345345-1024x179.webp 1024w, https:\/\/alisonandreistudio.com\/wp-content\/uploads\/2026\/04\/3a26d399-271b-4f10-b31d-5f9c87278b4a_rw_1920-345345-768x134.webp 768w, https:\/\/alisonandreistudio.com\/wp-content\/uploads\/2026\/04\/3a26d399-271b-4f10-b31d-5f9c87278b4a_rw_1920-345345-1536x269.webp 1536w, https:\/\/alisonandreistudio.com\/wp-content\/uploads\/2026\/04\/3a26d399-271b-4f10-b31d-5f9c87278b4a_rw_1920-345345-18x3.webp 18w, https:\/\/alisonandreistudio.com\/wp-content\/uploads\/2026\/04\/3a26d399-271b-4f10-b31d-5f9c87278b4a_rw_1920-345345-800x140.webp 800w\" sizes=\"(max-width: 1920px) 100vw, 1920px\" \/>\t\t\t\t\t\t\t\t\t\t\t\t\t\t\t<\/div>\n\t\t\t\t<\/div>\n\t\t\t\t<div class=\"elementor-element elementor-element-c2f4dc6 elementor-widget elementor-widget-text-editor\" data-id=\"c2f4dc6\" data-element_type=\"widget\" data-e-type=\"widget\" data-widget_type=\"text-editor.default\">\n\t\t\t\t<div class=\"elementor-widget-container\">\n\t\t\t\t\t\t\t\t\t<p data-start=\"184\" data-end=\"520\">Durante minha atua\u00e7\u00e3o na KUDO Branding, participei do desenvolvimento da comunica\u00e7\u00e3o visual da Art\u00e9ria Fibra, empresa do segmento de internet e conectividade. Fui respons\u00e1vel pela cria\u00e7\u00e3o dos materiais institucionais e promocionais da marca, traduzindo sua proposta tecnol\u00f3gica em uma linguagem visual ousada, contempor\u00e2nea e memor\u00e1vel.<\/p><p data-start=\"522\" data-end=\"610\"><strong data-start=\"522\" data-end=\"610\">Obs.: o logotipo foi desenvolvido pelo diretor da ag\u00eancia em conjunto com o cliente.<\/strong><\/p>\t\t\t\t\t\t\t\t<\/div>\n\t\t\t\t<\/div>\n\t\t\t\t<div class=\"elementor-element elementor-element-ce43d8c elementor-widget elementor-widget-gallery\" data-id=\"ce43d8c\" data-element_type=\"widget\" data-e-type=\"widget\" data-settings=\"{&quot;columns&quot;:3,&quot;aspect_ratio&quot;:&quot;4:3&quot;,&quot;lazyload&quot;:&quot;yes&quot;,&quot;gallery_layout&quot;:&quot;grid&quot;,&quot;columns_tablet&quot;:2,&quot;columns_mobile&quot;:1,&quot;gap&quot;:{&quot;unit&quot;:&quot;px&quot;,&quot;size&quot;:10,&quot;sizes&quot;:[]},&quot;gap_tablet&quot;:{&quot;unit&quot;:&quot;px&quot;,&quot;size&quot;:10,&quot;sizes&quot;:[]},&quot;gap_mobile&quot;:{&quot;unit&quot;:&quot;px&quot;,&quot;size&quot;:10,&quot;sizes&quot;:[]},&quot;link_to&quot;:&quot;file&quot;,&quot;overlay_background&quot;:&quot;yes&quot;,&quot;content_hover_animation&quot;:&quot;fade-in&quot;}\" data-widget_type=\"gallery.default\">\n\t\t\t\t<div class=\"elementor-widget-container\">\n\t\t\t\t\t\t\t<div class=\"elementor-gallery__container\">\n\t\t\t\t\t\t\t<a class=\"e-gallery-item elementor-gallery-item elementor-animated-content\" href=\"https:\/\/alisonandreistudio.com\/wp-content\/uploads\/2026\/04\/f10661a9-27f4-420b-9d34-191652094063_rw_1200-copiar.webp\" data-elementor-open-lightbox=\"yes\" data-elementor-lightbox-slideshow=\"ce43d8c\" data-e-action-hash=\"#elementor-action%3Aaction%3Dlightbox%26settings%3DeyJpZCI6MjU2NCwidXJsIjoiaHR0cHM6XC9cL2FsaXNvbmFuZHJlaXN0dWRpby5jb21cL3dwLWNvbnRlbnRcL3VwbG9hZHNcLzIwMjZcLzA0XC9mMTA2NjFhOS0yN2Y0LTQyMGItOWQzNC0xOTE2NTIwOTQwNjNfcndfMTIwMC1jb3BpYXIud2VicCIsInNsaWRlc2hvdyI6ImNlNDNkOGMifQ%3D%3D\">\n\t\t\t\t\t<div class=\"e-gallery-image elementor-gallery-item__image\" data-thumbnail=\"https:\/\/alisonandreistudio.com\/wp-content\/uploads\/2026\/04\/f10661a9-27f4-420b-9d34-191652094063_rw_1200-copiar.webp\" data-width=\"1000\" data-height=\"1000\" aria-label=\"\" role=\"img\" ><\/div>\n\t\t\t\t\t\t\t\t\t\t\t<div class=\"elementor-gallery-item__overlay\"><\/div>\n\t\t\t\t\t\t\t\t\t\t\t\t\t\t<\/a>\n\t\t\t\t\t\t\t<a class=\"e-gallery-item elementor-gallery-item elementor-animated-content\" href=\"https:\/\/alisonandreistudio.com\/wp-content\/uploads\/2026\/04\/2777d6bf-e6ec-4dfc-8039-a59a5fab159c_rw_1920-copiar.webp\" data-elementor-open-lightbox=\"yes\" data-elementor-lightbox-slideshow=\"ce43d8c\" data-e-action-hash=\"#elementor-action%3Aaction%3Dlightbox%26settings%3DeyJpZCI6MjU3MSwidXJsIjoiaHR0cHM6XC9cL2FsaXNvbmFuZHJlaXN0dWRpby5jb21cL3dwLWNvbnRlbnRcL3VwbG9hZHNcLzIwMjZcLzA0XC8yNzc3ZDZiZi1lNmVjLTRkZmMtODAzOS1hNTlhNWZhYjE1OWNfcndfMTkyMC1jb3BpYXIud2VicCIsInNsaWRlc2hvdyI6ImNlNDNkOGMifQ%3D%3D\">\n\t\t\t\t\t<div class=\"e-gallery-image elementor-gallery-item__image\" data-thumbnail=\"https:\/\/alisonandreistudio.com\/wp-content\/uploads\/2026\/04\/2777d6bf-e6ec-4dfc-8039-a59a5fab159c_rw_1920-copiar.webp\" data-width=\"1000\" data-height=\"563\" aria-label=\"\" role=\"img\" ><\/div>\n\t\t\t\t\t\t\t\t\t\t\t<div class=\"elementor-gallery-item__overlay\"><\/div>\n\t\t\t\t\t\t\t\t\t\t\t\t\t\t<\/a>\n\t\t\t\t\t\t\t<a class=\"e-gallery-item elementor-gallery-item elementor-animated-content\" href=\"https:\/\/alisonandreistudio.com\/wp-content\/uploads\/2026\/04\/b66d9c47-e72d-4b68-aabc-a021d4f23a61_rw_1920-1-copiar.webp\" data-elementor-open-lightbox=\"yes\" data-elementor-lightbox-slideshow=\"ce43d8c\" data-e-action-hash=\"#elementor-action%3Aaction%3Dlightbox%26settings%3DeyJpZCI6MjU3MywidXJsIjoiaHR0cHM6XC9cL2FsaXNvbmFuZHJlaXN0dWRpby5jb21cL3dwLWNvbnRlbnRcL3VwbG9hZHNcLzIwMjZcLzA0XC9iNjZkOWM0Ny1lNzJkLTRiNjgtYWFiYy1hMDIxZDRmMjNhNjFfcndfMTkyMC0xLWNvcGlhci53ZWJwIiwic2xpZGVzaG93IjoiY2U0M2Q4YyJ9\">\n\t\t\t\t\t<div class=\"e-gallery-image elementor-gallery-item__image\" data-thumbnail=\"https:\/\/alisonandreistudio.com\/wp-content\/uploads\/2026\/04\/b66d9c47-e72d-4b68-aabc-a021d4f23a61_rw_1920-1-copiar.webp\" data-width=\"1000\" data-height=\"667\" aria-label=\"\" role=\"img\" ><\/div>\n\t\t\t\t\t\t\t\t\t\t\t<div class=\"elementor-gallery-item__overlay\"><\/div>\n\t\t\t\t\t\t\t\t\t\t\t\t\t\t<\/a>\n\t\t\t\t\t<\/div>\n\t\t\t\t\t<\/div>\n\t\t\t\t<\/div>\n\t\t\t\t<div class=\"elementor-element elementor-element-926e20a elementor-widget elementor-widget-heading\" data-id=\"926e20a\" data-element_type=\"widget\" data-e-type=\"widget\" data-widget_type=\"heading.default\">\n\t\t\t\t<div class=\"elementor-widget-container\">\n\t\t\t\t\t<h2 class=\"elementor-heading-title elementor-size-default\">Desafio<\/h2>\t\t\t\t<\/div>\n\t\t\t\t<\/div>\n\t\t\t\t<div class=\"elementor-element elementor-element-5f61309 elementor-widget elementor-widget-text-editor\" data-id=\"5f61309\" data-element_type=\"widget\" data-e-type=\"widget\" data-widget_type=\"text-editor.default\">\n\t\t\t\t<div class=\"elementor-widget-container\">\n\t\t\t\t\t\t\t\t\t<p>Construir uma presen\u00e7a de marca forte em um mercado altamente competitivo, normalmente dominado por comunica\u00e7\u00e3o gen\u00e9rica e pouco diferenciada. A necessidade era posicionar a Art\u00e9ria Fibra como uma empresa moderna, din\u00e2mica e pr\u00f3xima das pessoas.<\/p>\t\t\t\t\t\t\t\t<\/div>\n\t\t\t\t<\/div>\n\t\t\t\t<div class=\"elementor-element elementor-element-6f4ac90 elementor-widget elementor-widget-heading\" data-id=\"6f4ac90\" data-element_type=\"widget\" data-e-type=\"widget\" data-widget_type=\"heading.default\">\n\t\t\t\t<div class=\"elementor-widget-container\">\n\t\t\t\t\t<h2 class=\"elementor-heading-title elementor-size-default\">Solu\u00e7\u00e3o<\/h2>\t\t\t\t<\/div>\n\t\t\t\t<\/div>\n\t\t\t\t<div class=\"elementor-element elementor-element-0136e05 elementor-widget elementor-widget-text-editor\" data-id=\"0136e05\" data-element_type=\"widget\" data-e-type=\"widget\" data-widget_type=\"text-editor.default\">\n\t\t\t\t<div class=\"elementor-widget-container\">\n\t\t\t\t\t\t\t\t\t<p>Uma linguagem visual vibrante, urbana e energ\u00e9tica, utilizando contraste, textura, movimento e formas org\u00e2nicas para representar conex\u00e3o e fluxo digital.<\/p>\t\t\t\t\t\t\t\t<\/div>\n\t\t\t\t<\/div>\n\t\t\t\t<div class=\"elementor-element elementor-element-bc31008 elementor-widget elementor-widget-gallery\" data-id=\"bc31008\" data-element_type=\"widget\" data-e-type=\"widget\" data-settings=\"{&quot;columns&quot;:2,&quot;lazyload&quot;:&quot;yes&quot;,&quot;gallery_layout&quot;:&quot;grid&quot;,&quot;columns_tablet&quot;:2,&quot;columns_mobile&quot;:1,&quot;gap&quot;:{&quot;unit&quot;:&quot;px&quot;,&quot;size&quot;:10,&quot;sizes&quot;:[]},&quot;gap_tablet&quot;:{&quot;unit&quot;:&quot;px&quot;,&quot;size&quot;:10,&quot;sizes&quot;:[]},&quot;gap_mobile&quot;:{&quot;unit&quot;:&quot;px&quot;,&quot;size&quot;:10,&quot;sizes&quot;:[]},&quot;link_to&quot;:&quot;file&quot;,&quot;aspect_ratio&quot;:&quot;3:2&quot;,&quot;overlay_background&quot;:&quot;yes&quot;,&quot;content_hover_animation&quot;:&quot;fade-in&quot;}\" data-widget_type=\"gallery.default\">\n\t\t\t\t<div class=\"elementor-widget-container\">\n\t\t\t\t\t\t\t<div class=\"elementor-gallery__container\">\n\t\t\t\t\t\t\t<a class=\"e-gallery-item elementor-gallery-item elementor-animated-content\" href=\"https:\/\/alisonandreistudio.com\/wp-content\/uploads\/2026\/04\/c0939121-2fca-4101-804f-dba12a46083e_rw_1920-copiar.webp\" data-elementor-open-lightbox=\"yes\" data-elementor-lightbox-slideshow=\"bc31008\" data-e-action-hash=\"#elementor-action%3Aaction%3Dlightbox%26settings%3DeyJpZCI6MjU3MCwidXJsIjoiaHR0cHM6XC9cL2FsaXNvbmFuZHJlaXN0dWRpby5jb21cL3dwLWNvbnRlbnRcL3VwbG9hZHNcLzIwMjZcLzA0XC9jMDkzOTEyMS0yZmNhLTQxMDEtODA0Zi1kYmExMmE0NjA4M2VfcndfMTkyMC1jb3BpYXIud2VicCIsInNsaWRlc2hvdyI6ImJjMzEwMDgifQ%3D%3D\">\n\t\t\t\t\t<div class=\"e-gallery-image elementor-gallery-item__image\" data-thumbnail=\"https:\/\/alisonandreistudio.com\/wp-content\/uploads\/2026\/04\/c0939121-2fca-4101-804f-dba12a46083e_rw_1920-copiar.webp\" data-width=\"1000\" data-height=\"667\" aria-label=\"\" role=\"img\" ><\/div>\n\t\t\t\t\t\t\t\t\t\t\t<div class=\"elementor-gallery-item__overlay\"><\/div>\n\t\t\t\t\t\t\t\t\t\t\t\t\t\t<\/a>\n\t\t\t\t\t\t\t<a class=\"e-gallery-item elementor-gallery-item elementor-animated-content\" href=\"https:\/\/alisonandreistudio.com\/wp-content\/uploads\/2026\/04\/0b4cfcc5-944a-42df-8240-73da013ff938_rw_1920-copiar.webp\" data-elementor-open-lightbox=\"yes\" data-elementor-lightbox-slideshow=\"bc31008\" data-e-action-hash=\"#elementor-action%3Aaction%3Dlightbox%26settings%3DeyJpZCI6MjU2OSwidXJsIjoiaHR0cHM6XC9cL2FsaXNvbmFuZHJlaXN0dWRpby5jb21cL3dwLWNvbnRlbnRcL3VwbG9hZHNcLzIwMjZcLzA0XC8wYjRjZmNjNS05NDRhLTQyZGYtODI0MC03M2RhMDEzZmY5MzhfcndfMTkyMC1jb3BpYXIud2VicCIsInNsaWRlc2hvdyI6ImJjMzEwMDgifQ%3D%3D\">\n\t\t\t\t\t<div class=\"e-gallery-image elementor-gallery-item__image\" data-thumbnail=\"https:\/\/alisonandreistudio.com\/wp-content\/uploads\/2026\/04\/0b4cfcc5-944a-42df-8240-73da013ff938_rw_1920-copiar.webp\" data-width=\"1000\" data-height=\"667\" aria-label=\"\" role=\"img\" ><\/div>\n\t\t\t\t\t\t\t\t\t\t\t<div class=\"elementor-gallery-item__overlay\"><\/div>\n\t\t\t\t\t\t\t\t\t\t\t\t\t\t<\/a>\n\t\t\t\t\t<\/div>\n\t\t\t\t\t<\/div>\n\t\t\t\t<\/div>\n\t\t\t\t<div class=\"elementor-element elementor-element-c8cb210 elementor-widget elementor-widget-heading\" data-id=\"c8cb210\" data-element_type=\"widget\" data-e-type=\"widget\" data-widget_type=\"heading.default\">\n\t\t\t\t<div class=\"elementor-widget-container\">\n\t\t\t\t\t<h2 class=\"elementor-heading-title elementor-size-default\">Aplica\u00e7\u00f5es Reais<\/h2>\t\t\t\t<\/div>\n\t\t\t\t<\/div>\n\t\t\t\t\t<\/div>\n\t\t\t\t<\/div>\n\t\t<div class=\"elementor-element elementor-element-70d23f6 e-flex e-con-boxed e-con e-parent\" data-id=\"70d23f6\" data-element_type=\"container\" data-e-type=\"container\">\n\t\t\t\t\t<div class=\"e-con-inner\">\n\t\t<div class=\"elementor-element elementor-element-7850beb e-con-full e-flex e-con e-child\" data-id=\"7850beb\" data-element_type=\"container\" data-e-type=\"container\">\n\t\t\t\t<div class=\"elementor-element elementor-element-566c0f8 elementor-widget elementor-widget-image\" data-id=\"566c0f8\" data-element_type=\"widget\" data-e-type=\"widget\" data-widget_type=\"image.default\">\n\t\t\t\t<div class=\"elementor-widget-container\">\n\t\t\t\t\t\t\t\t\t\t\t\t\t\t\t<img decoding=\"async\" width=\"1080\" height=\"1080\" src=\"https:\/\/alisonandreistudio.com\/wp-content\/uploads\/2026\/04\/ed51fbaa-a87f-45b5-8bb9-4ef7c372a7c5_rw_1200-1.jpg\" class=\"attachment-full size-full wp-image-2574\" alt=\"\" srcset=\"https:\/\/alisonandreistudio.com\/wp-content\/uploads\/2026\/04\/ed51fbaa-a87f-45b5-8bb9-4ef7c372a7c5_rw_1200-1.jpg 1080w, https:\/\/alisonandreistudio.com\/wp-content\/uploads\/2026\/04\/ed51fbaa-a87f-45b5-8bb9-4ef7c372a7c5_rw_1200-1-300x300.jpg 300w, https:\/\/alisonandreistudio.com\/wp-content\/uploads\/2026\/04\/ed51fbaa-a87f-45b5-8bb9-4ef7c372a7c5_rw_1200-1-1024x1024.jpg 1024w, https:\/\/alisonandreistudio.com\/wp-content\/uploads\/2026\/04\/ed51fbaa-a87f-45b5-8bb9-4ef7c372a7c5_rw_1200-1-150x150.jpg 150w, https:\/\/alisonandreistudio.com\/wp-content\/uploads\/2026\/04\/ed51fbaa-a87f-45b5-8bb9-4ef7c372a7c5_rw_1200-1-768x768.jpg 768w, https:\/\/alisonandreistudio.com\/wp-content\/uploads\/2026\/04\/ed51fbaa-a87f-45b5-8bb9-4ef7c372a7c5_rw_1200-1-12x12.jpg 12w, https:\/\/alisonandreistudio.com\/wp-content\/uploads\/2026\/04\/ed51fbaa-a87f-45b5-8bb9-4ef7c372a7c5_rw_1200-1-800x800.jpg 800w\" sizes=\"(max-width: 1080px) 100vw, 1080px\" \/>\t\t\t\t\t\t\t\t\t\t\t\t\t\t\t<\/div>\n\t\t\t\t<\/div>\n\t\t\t\t<\/div>\n\t\t<div class=\"elementor-element elementor-element-2998f7c e-con-full e-flex e-con e-child\" data-id=\"2998f7c\" data-element_type=\"container\" data-e-type=\"container\">\n\t\t\t\t<div class=\"elementor-element elementor-element-5ecb356 elementor-widget elementor-widget-text-editor\" data-id=\"5ecb356\" data-element_type=\"widget\" data-e-type=\"widget\" data-widget_type=\"text-editor.default\">\n\t\t\t\t<div class=\"elementor-widget-container\">\n\t\t\t\t\t\t\t\t\t<p data-start=\"1565\" data-end=\"1693\">A identidade foi criada para funcionar em qualquer m\u00eddia sem perder reconhecimento, permitindo campanhas r\u00e1pidas e consistentes.<\/p><p data-start=\"1695\" data-end=\"1701\">Itens:<\/p><ul data-start=\"1703\" data-end=\"1780\"><li data-section-id=\"mk5z79\" data-start=\"1703\" data-end=\"1720\">m\u00eddia externa<\/li><li data-section-id=\"n977qy\" data-start=\"1721\" data-end=\"1734\">uniformes<\/li><li data-section-id=\"1cd8gzq\" data-start=\"1735\" data-end=\"1744\">frota<\/li><li data-section-id=\"8gbk3b\" data-start=\"1745\" data-end=\"1758\">impressos<\/li><li data-section-id=\"q2lxde\" data-start=\"1759\" data-end=\"1770\">digital<\/li><li data-section-id=\"y3icbx\" data-start=\"1771\" data-end=\"1780\">brindes<\/li><\/ul>\t\t\t\t\t\t\t\t<\/div>\n\t\t\t\t<\/div>\n\t\t\t\t<\/div>\n\t\t\t\t\t<\/div>\n\t\t\t\t<\/div>\n\t\t<div class=\"elementor-element elementor-element-98b3665 e-flex e-con-boxed e-con e-parent\" data-id=\"98b3665\" data-element_type=\"container\" data-e-type=\"container\">\n\t\t\t\t\t<div class=\"e-con-inner\">\n\t\t\t\t<div class=\"elementor-element elementor-element-6e9fdaf elementor-widget elementor-widget-heading\" data-id=\"6e9fdaf\" data-element_type=\"widget\" data-e-type=\"widget\" data-widget_type=\"heading.default\">\n\t\t\t\t<div class=\"elementor-widget-container\">\n\t\t\t\t\t<h2 class=\"elementor-heading-title elementor-size-default\">Institucional<\/h2>\t\t\t\t<\/div>\n\t\t\t\t<\/div>\n\t\t\t\t<div class=\"elementor-element elementor-element-da23522 elementor-widget elementor-widget-text-editor\" data-id=\"da23522\" data-element_type=\"widget\" data-e-type=\"widget\" data-widget_type=\"text-editor.default\">\n\t\t\t\t<div class=\"elementor-widget-container\">\n\t\t\t\t\t\t\t\t\t<p>Al\u00e9m da campanha promocional, tamb\u00e9m desenvolvi pe\u00e7as institucionais voltadas \u00e0 apresenta\u00e7\u00e3o da empresa e seus diferenciais.<\/p>\t\t\t\t\t\t\t\t<\/div>\n\t\t\t\t<\/div>\n\t\t\t\t<div class=\"elementor-element elementor-element-236b2ae elementor-widget elementor-widget-gallery\" data-id=\"236b2ae\" data-element_type=\"widget\" data-e-type=\"widget\" data-settings=\"{&quot;columns&quot;:3,&quot;columns_mobile&quot;:2,&quot;lazyload&quot;:&quot;yes&quot;,&quot;gallery_layout&quot;:&quot;grid&quot;,&quot;columns_tablet&quot;:2,&quot;gap&quot;:{&quot;unit&quot;:&quot;px&quot;,&quot;size&quot;:10,&quot;sizes&quot;:[]},&quot;gap_tablet&quot;:{&quot;unit&quot;:&quot;px&quot;,&quot;size&quot;:10,&quot;sizes&quot;:[]},&quot;gap_mobile&quot;:{&quot;unit&quot;:&quot;px&quot;,&quot;size&quot;:10,&quot;sizes&quot;:[]},&quot;link_to&quot;:&quot;file&quot;,&quot;aspect_ratio&quot;:&quot;3:2&quot;,&quot;overlay_background&quot;:&quot;yes&quot;,&quot;content_hover_animation&quot;:&quot;fade-in&quot;}\" data-widget_type=\"gallery.default\">\n\t\t\t\t<div class=\"elementor-widget-container\">\n\t\t\t\t\t\t\t<div class=\"elementor-gallery__container\">\n\t\t\t\t\t\t\t<a class=\"e-gallery-item elementor-gallery-item elementor-animated-content\" href=\"https:\/\/alisonandreistudio.com\/wp-content\/uploads\/2026\/04\/db662a85-c435-4e90-8982-49ef2433fa58_rw_1920-copiar.webp\" data-elementor-open-lightbox=\"yes\" data-elementor-lightbox-slideshow=\"236b2ae\" data-e-action-hash=\"#elementor-action%3Aaction%3Dlightbox%26settings%3DeyJpZCI6MjU2MiwidXJsIjoiaHR0cHM6XC9cL2FsaXNvbmFuZHJlaXN0dWRpby5jb21cL3dwLWNvbnRlbnRcL3VwbG9hZHNcLzIwMjZcLzA0XC9kYjY2MmE4NS1jNDM1LTRlOTAtODk4Mi00OWVmMjQzM2ZhNThfcndfMTkyMC1jb3BpYXIud2VicCIsInNsaWRlc2hvdyI6IjIzNmIyYWUifQ%3D%3D\">\n\t\t\t\t\t<div class=\"e-gallery-image elementor-gallery-item__image\" data-thumbnail=\"https:\/\/alisonandreistudio.com\/wp-content\/uploads\/2026\/04\/db662a85-c435-4e90-8982-49ef2433fa58_rw_1920-copiar.webp\" data-width=\"1000\" data-height=\"625\" aria-label=\"\" role=\"img\" ><\/div>\n\t\t\t\t\t\t\t\t\t\t\t<div class=\"elementor-gallery-item__overlay\"><\/div>\n\t\t\t\t\t\t\t\t\t\t\t\t\t\t<\/a>\n\t\t\t\t\t\t\t<a class=\"e-gallery-item elementor-gallery-item elementor-animated-content\" href=\"https:\/\/alisonandreistudio.com\/wp-content\/uploads\/2026\/04\/cfe58f9a-70d1-4b96-bbb7-ad4958ca5376_rw_1200-copiar.webp\" data-elementor-open-lightbox=\"yes\" data-elementor-lightbox-slideshow=\"236b2ae\" data-e-action-hash=\"#elementor-action%3Aaction%3Dlightbox%26settings%3DeyJpZCI6MjU2MywidXJsIjoiaHR0cHM6XC9cL2FsaXNvbmFuZHJlaXN0dWRpby5jb21cL3dwLWNvbnRlbnRcL3VwbG9hZHNcLzIwMjZcLzA0XC9jZmU1OGY5YS03MGQxLTRiOTYtYmJiNy1hZDQ5NThjYTUzNzZfcndfMTIwMC1jb3BpYXIud2VicCIsInNsaWRlc2hvdyI6IjIzNmIyYWUifQ%3D%3D\">\n\t\t\t\t\t<div class=\"e-gallery-image elementor-gallery-item__image\" data-thumbnail=\"https:\/\/alisonandreistudio.com\/wp-content\/uploads\/2026\/04\/cfe58f9a-70d1-4b96-bbb7-ad4958ca5376_rw_1200-copiar.webp\" data-width=\"1000\" data-height=\"1000\" aria-label=\"\" role=\"img\" ><\/div>\n\t\t\t\t\t\t\t\t\t\t\t<div class=\"elementor-gallery-item__overlay\"><\/div>\n\t\t\t\t\t\t\t\t\t\t\t\t\t\t<\/a>\n\t\t\t\t\t\t\t<a class=\"e-gallery-item elementor-gallery-item elementor-animated-content\" href=\"https:\/\/alisonandreistudio.com\/wp-content\/uploads\/2026\/04\/0dab7fba-823f-4841-92e7-5c0e7023991b_rw_1920-copiar.webp\" data-elementor-open-lightbox=\"yes\" data-elementor-lightbox-slideshow=\"236b2ae\" data-e-action-hash=\"#elementor-action%3Aaction%3Dlightbox%26settings%3DeyJpZCI6MjU2NSwidXJsIjoiaHR0cHM6XC9cL2FsaXNvbmFuZHJlaXN0dWRpby5jb21cL3dwLWNvbnRlbnRcL3VwbG9hZHNcLzIwMjZcLzA0XC8wZGFiN2ZiYS04MjNmLTQ4NDEtOTJlNy01YzBlNzAyMzk5MWJfcndfMTkyMC1jb3BpYXIud2VicCIsInNsaWRlc2hvdyI6IjIzNmIyYWUifQ%3D%3D\">\n\t\t\t\t\t<div class=\"e-gallery-image elementor-gallery-item__image\" data-thumbnail=\"https:\/\/alisonandreistudio.com\/wp-content\/uploads\/2026\/04\/0dab7fba-823f-4841-92e7-5c0e7023991b_rw_1920-copiar.webp\" data-width=\"1000\" data-height=\"625\" aria-label=\"\" role=\"img\" ><\/div>\n\t\t\t\t\t\t\t\t\t\t\t<div class=\"elementor-gallery-item__overlay\"><\/div>\n\t\t\t\t\t\t\t\t\t\t\t\t\t\t<\/a>\n\t\t\t\t\t\t\t<a class=\"e-gallery-item elementor-gallery-item elementor-animated-content\" href=\"https:\/\/alisonandreistudio.com\/wp-content\/uploads\/2026\/04\/35514f70-26f4-4cb7-a2a8-a9cafa7c6d12_rw_1920-copiar.webp\" data-elementor-open-lightbox=\"yes\" data-elementor-lightbox-slideshow=\"236b2ae\" data-e-action-hash=\"#elementor-action%3Aaction%3Dlightbox%26settings%3DeyJpZCI6MjU2NiwidXJsIjoiaHR0cHM6XC9cL2FsaXNvbmFuZHJlaXN0dWRpby5jb21cL3dwLWNvbnRlbnRcL3VwbG9hZHNcLzIwMjZcLzA0XC8zNTUxNGY3MC0yNmY0LTRjYjctYTJhOC1hOWNhZmE3YzZkMTJfcndfMTkyMC1jb3BpYXIud2VicCIsInNsaWRlc2hvdyI6IjIzNmIyYWUifQ%3D%3D\">\n\t\t\t\t\t<div class=\"e-gallery-image elementor-gallery-item__image\" data-thumbnail=\"https:\/\/alisonandreistudio.com\/wp-content\/uploads\/2026\/04\/35514f70-26f4-4cb7-a2a8-a9cafa7c6d12_rw_1920-copiar.webp\" data-width=\"1000\" data-height=\"667\" aria-label=\"\" role=\"img\" ><\/div>\n\t\t\t\t\t\t\t\t\t\t\t<div class=\"elementor-gallery-item__overlay\"><\/div>\n\t\t\t\t\t\t\t\t\t\t\t\t\t\t<\/a>\n\t\t\t\t\t\t\t<a class=\"e-gallery-item elementor-gallery-item elementor-animated-content\" href=\"https:\/\/alisonandreistudio.com\/wp-content\/uploads\/2026\/04\/55bfbe12-73b3-477e-9845-e0c60074871e_rw_1920-copiar.webp\" data-elementor-open-lightbox=\"yes\" data-elementor-lightbox-slideshow=\"236b2ae\" data-e-action-hash=\"#elementor-action%3Aaction%3Dlightbox%26settings%3DeyJpZCI6MjU2NywidXJsIjoiaHR0cHM6XC9cL2FsaXNvbmFuZHJlaXN0dWRpby5jb21cL3dwLWNvbnRlbnRcL3VwbG9hZHNcLzIwMjZcLzA0XC81NWJmYmUxMi03M2IzLTQ3N2UtOTg0NS1lMGM2MDA3NDg3MWVfcndfMTkyMC1jb3BpYXIud2VicCIsInNsaWRlc2hvdyI6IjIzNmIyYWUifQ%3D%3D\">\n\t\t\t\t\t<div class=\"e-gallery-image elementor-gallery-item__image\" data-thumbnail=\"https:\/\/alisonandreistudio.com\/wp-content\/uploads\/2026\/04\/55bfbe12-73b3-477e-9845-e0c60074871e_rw_1920-copiar.webp\" data-width=\"1000\" data-height=\"625\" aria-label=\"\" role=\"img\" ><\/div>\n\t\t\t\t\t\t\t\t\t\t\t<div class=\"elementor-gallery-item__overlay\"><\/div>\n\t\t\t\t\t\t\t\t\t\t\t\t\t\t<\/a>\n\t\t\t\t\t\t\t<a class=\"e-gallery-item elementor-gallery-item elementor-animated-content\" href=\"https:\/\/alisonandreistudio.com\/wp-content\/uploads\/2026\/04\/72f3af66-8f2f-4e61-8a79-abf6294250de_rw_1920-copiar.webp\" data-elementor-open-lightbox=\"yes\" data-elementor-lightbox-slideshow=\"236b2ae\" data-e-action-hash=\"#elementor-action%3Aaction%3Dlightbox%26settings%3DeyJpZCI6MjU2OCwidXJsIjoiaHR0cHM6XC9cL2FsaXNvbmFuZHJlaXN0dWRpby5jb21cL3dwLWNvbnRlbnRcL3VwbG9hZHNcLzIwMjZcLzA0XC83MmYzYWY2Ni04ZjJmLTRlNjEtOGE3OS1hYmY2Mjk0MjUwZGVfcndfMTkyMC1jb3BpYXIud2VicCIsInNsaWRlc2hvdyI6IjIzNmIyYWUifQ%3D%3D\">\n\t\t\t\t\t<div class=\"e-gallery-image elementor-gallery-item__image\" data-thumbnail=\"https:\/\/alisonandreistudio.com\/wp-content\/uploads\/2026\/04\/72f3af66-8f2f-4e61-8a79-abf6294250de_rw_1920-copiar.webp\" data-width=\"1000\" data-height=\"625\" aria-label=\"\" role=\"img\" ><\/div>\n\t\t\t\t\t\t\t\t\t\t\t<div class=\"elementor-gallery-item__overlay\"><\/div>\n\t\t\t\t\t\t\t\t\t\t\t\t\t\t<\/a>\n\t\t\t\t\t<\/div>\n\t\t\t\t\t<\/div>\n\t\t\t\t<\/div>\n\t\t\t\t<div class=\"elementor-element elementor-element-c7667a7 elementor-widget elementor-widget-text-editor\" data-id=\"c7667a7\" data-element_type=\"widget\" data-e-type=\"widget\" data-widget_type=\"text-editor.default\">\n\t\t\t\t<div class=\"elementor-widget-container\">\n\t\t\t\t\t\t\t\t\t<p>A Art\u00e9ria Fibra conquistou uma presen\u00e7a visual marcante e diferenciada no mercado regional, transmitindo inova\u00e7\u00e3o e personalidade.<\/p>\t\t\t\t\t\t\t\t<\/div>\n\t\t\t\t<\/div>\n\t\t\t\t\t<\/div>\n\t\t\t\t<\/div>\n\t\t\t\t<\/div>","protected":false},"excerpt":{"rendered":"<p>Durante minha atua\u00e7\u00e3o na KUDO Branding, participei do desenvolvimento da comunica\u00e7\u00e3o visual da Art\u00e9ria Fibra, empresa do segmento de internet e conectividade. Fui respons\u00e1vel pela cria\u00e7\u00e3o dos materiais institucionais e promocionais da marca, traduzindo sua proposta tecnol\u00f3gica em uma linguagem visual ousada, contempor\u00e2nea e memor\u00e1vel. Obs.: o logotipo foi desenvolvido pelo diretor da ag\u00eancia em [&hellip;]<\/p>","protected":false},"author":1,"featured_media":2571,"parent":0,"menu_order":0,"comment_status":"closed","ping_status":"closed","template":"","meta":{"footnotes":""},"class_list":["post-2559","page","type-page","status-publish","has-post-thumbnail","hentry"],"_links":{"self":[{"href":"https:\/\/alisonandreistudio.com\/en\/wp-json\/wp\/v2\/pages\/2559","targetHints":{"allow":["GET"]}}],"collection":[{"href":"https:\/\/alisonandreistudio.com\/en\/wp-json\/wp\/v2\/pages"}],"about":[{"href":"https:\/\/alisonandreistudio.com\/en\/wp-json\/wp\/v2\/types\/page"}],"author":[{"embeddable":true,"href":"https:\/\/alisonandreistudio.com\/en\/wp-json\/wp\/v2\/users\/1"}],"replies":[{"embeddable":true,"href":"https:\/\/alisonandreistudio.com\/en\/wp-json\/wp\/v2\/comments?post=2559"}],"version-history":[{"count":4,"href":"https:\/\/alisonandreistudio.com\/en\/wp-json\/wp\/v2\/pages\/2559\/revisions"}],"predecessor-version":[{"id":2577,"href":"https:\/\/alisonandreistudio.com\/en\/wp-json\/wp\/v2\/pages\/2559\/revisions\/2577"}],"wp:featuredmedia":[{"embeddable":true,"href":"https:\/\/alisonandreistudio.com\/en\/wp-json\/wp\/v2\/media\/2571"}],"wp:attachment":[{"href":"https:\/\/alisonandreistudio.com\/en\/wp-json\/wp\/v2\/media?parent=2559"}],"curies":[{"name":"wp","href":"https:\/\/api.w.org\/{rel}","templated":true}]}}