{"id":2543,"date":"2026-04-21T15:48:42","date_gmt":"2026-04-21T15:48:42","guid":{"rendered":"https:\/\/alisonandreistudio.com\/?page_id=2543"},"modified":"2026-04-21T15:54:27","modified_gmt":"2026-04-21T15:54:27","slug":"centro-europeu-campanha-de-cursos","status":"publish","type":"page","link":"https:\/\/alisonandreistudio.com\/en\/centro-europeu-campanha-de-cursos\/","title":{"rendered":"Centro Europeu &#8211; Campanha de cursos"},"content":{"rendered":"<div data-elementor-type=\"wp-page\" data-elementor-id=\"2543\" class=\"elementor elementor-2543\" data-elementor-post-type=\"page\">\n\t\t\t\t<div class=\"elementor-element elementor-element-0559f81 e-flex e-con-boxed e-con e-parent\" data-id=\"0559f81\" data-element_type=\"container\" data-e-type=\"container\">\n\t\t\t\t\t<div class=\"e-con-inner\">\n\t\t\t\t<div class=\"elementor-element elementor-element-afcec2c elementor-widget elementor-widget-image\" data-id=\"afcec2c\" data-element_type=\"widget\" data-e-type=\"widget\" data-widget_type=\"image.default\">\n\t\t\t\t<div class=\"elementor-widget-container\">\n\t\t\t\t\t\t\t\t\t\t\t\t\t\t\t<img fetchpriority=\"high\" decoding=\"async\" width=\"1920\" height=\"336\" src=\"https:\/\/alisonandreistudio.com\/wp-content\/uploads\/2026\/04\/3a26d399-271b-4f10-b31d-5f9c87278b4a_rw_1920-323.webp\" class=\"attachment-full size-full wp-image-2552\" alt=\"\" srcset=\"https:\/\/alisonandreistudio.com\/wp-content\/uploads\/2026\/04\/3a26d399-271b-4f10-b31d-5f9c87278b4a_rw_1920-323.webp 1920w, https:\/\/alisonandreistudio.com\/wp-content\/uploads\/2026\/04\/3a26d399-271b-4f10-b31d-5f9c87278b4a_rw_1920-323-300x53.webp 300w, https:\/\/alisonandreistudio.com\/wp-content\/uploads\/2026\/04\/3a26d399-271b-4f10-b31d-5f9c87278b4a_rw_1920-323-1024x179.webp 1024w, https:\/\/alisonandreistudio.com\/wp-content\/uploads\/2026\/04\/3a26d399-271b-4f10-b31d-5f9c87278b4a_rw_1920-323-768x134.webp 768w, https:\/\/alisonandreistudio.com\/wp-content\/uploads\/2026\/04\/3a26d399-271b-4f10-b31d-5f9c87278b4a_rw_1920-323-1536x269.webp 1536w, https:\/\/alisonandreistudio.com\/wp-content\/uploads\/2026\/04\/3a26d399-271b-4f10-b31d-5f9c87278b4a_rw_1920-323-18x3.webp 18w, https:\/\/alisonandreistudio.com\/wp-content\/uploads\/2026\/04\/3a26d399-271b-4f10-b31d-5f9c87278b4a_rw_1920-323-800x140.webp 800w\" sizes=\"(max-width: 1920px) 100vw, 1920px\" \/>\t\t\t\t\t\t\t\t\t\t\t\t\t\t\t<\/div>\n\t\t\t\t<\/div>\n\t\t\t\t<div class=\"elementor-element elementor-element-1e3ed03 elementor-widget elementor-widget-text-editor\" data-id=\"1e3ed03\" data-element_type=\"widget\" data-e-type=\"widget\" data-widget_type=\"text-editor.default\">\n\t\t\t\t<div class=\"elementor-widget-container\">\n\t\t\t\t\t\t\t\t\t<p>Em 2018, desenvolvi uma s\u00e9rie de pe\u00e7as promocionais para o Centro Europeu unidade Ponta Grossa, com foco na divulga\u00e7\u00e3o de cursos profissionalizantes e criativos. O projeto buscou posicionar cada curso com identidade visual marcante, linguagem contempor\u00e2nea e forte apelo comercial.<\/p>\t\t\t\t\t\t\t\t<\/div>\n\t\t\t\t<\/div>\n\t\t\t\t<div class=\"elementor-element elementor-element-686f84d elementor-widget elementor-widget-heading\" data-id=\"686f84d\" data-element_type=\"widget\" data-e-type=\"widget\" data-widget_type=\"heading.default\">\n\t\t\t\t<div class=\"elementor-widget-container\">\n\t\t\t\t\t<h2 class=\"elementor-heading-title elementor-size-default\">Conceito Criativo<\/h2>\t\t\t\t<\/div>\n\t\t\t\t<\/div>\n\t\t\t\t<div class=\"elementor-element elementor-element-eccad32 elementor-widget elementor-widget-text-editor\" data-id=\"eccad32\" data-element_type=\"widget\" data-e-type=\"widget\" data-widget_type=\"text-editor.default\">\n\t\t\t\t<div class=\"elementor-widget-container\">\n\t\t\t\t\t\t\t\t\t<p data-start=\"524\" data-end=\"715\">A campanha foi constru\u00edda a partir de composi\u00e7\u00f5es vibrantes, sobreposi\u00e7\u00e3o tipogr\u00e1fica e tratamento visual expressivo, conectando cada \u00e1rea de estudo ao estilo de vida aspiracional do p\u00fablico.<\/p><p data-start=\"717\" data-end=\"872\">Cada pe\u00e7a transformava o curso em uma experi\u00eancia desej\u00e1vel, destacando n\u00e3o apenas forma\u00e7\u00e3o profissional, mas mudan\u00e7a de perspectiva e crescimento pessoal.<\/p>\t\t\t\t\t\t\t\t<\/div>\n\t\t\t\t<\/div>\n\t\t\t\t\t<\/div>\n\t\t\t\t<\/div>\n\t\t<div class=\"elementor-element elementor-element-63e2760 e-flex e-con-boxed e-con e-parent\" data-id=\"63e2760\" data-element_type=\"container\" data-e-type=\"container\">\n\t\t\t\t\t<div class=\"e-con-inner\">\n\t\t<div class=\"elementor-element elementor-element-2dde567 e-con-full e-flex e-con e-child\" data-id=\"2dde567\" data-element_type=\"container\" data-e-type=\"container\">\n\t\t\t\t<div class=\"elementor-element elementor-element-96c5aa0 elementor-widget elementor-widget-heading\" data-id=\"96c5aa0\" data-element_type=\"widget\" data-e-type=\"widget\" data-widget_type=\"heading.default\">\n\t\t\t\t<div class=\"elementor-widget-container\">\n\t\t\t\t\t<h2 class=\"elementor-heading-title elementor-size-default\">Cursos Divulgados<\/h2>\t\t\t\t<\/div>\n\t\t\t\t<\/div>\n\t\t\t\t<div class=\"elementor-element elementor-element-5f0e15b elementor-widget elementor-widget-text-editor\" data-id=\"5f0e15b\" data-element_type=\"widget\" data-e-type=\"widget\" data-widget_type=\"text-editor.default\">\n\t\t\t\t<div class=\"elementor-widget-container\">\n\t\t\t\t\t\t\t\t\t<p data-start=\"901\" data-end=\"931\">Entre os materiais produzidos:<\/p><ul data-start=\"933\" data-end=\"1044\"><li data-section-id=\"1bd2f02\" data-start=\"933\" data-end=\"961\">Gest\u00e3o de M\u00eddias Sociais<\/li><li data-section-id=\"ovam8y\" data-start=\"962\" data-end=\"994\">Beer Sommelier + Home Brewer<\/li><li data-section-id=\"1pugyjk\" data-start=\"995\" data-end=\"1009\">Fotografia<\/li><li data-section-id=\"1ahwfc1\" data-start=\"1010\" data-end=\"1027\">Garden Design<\/li><li data-section-id=\"121wjrx\" data-start=\"1028\" data-end=\"1044\">Make Up Design<\/li><\/ul>\t\t\t\t\t\t\t\t<\/div>\n\t\t\t\t<\/div>\n\t\t\t\t<\/div>\n\t\t<div class=\"elementor-element elementor-element-8f4e62d e-con-full e-flex e-con e-child\" data-id=\"8f4e62d\" data-element_type=\"container\" data-e-type=\"container\">\n\t\t\t\t<div class=\"elementor-element elementor-element-dda67f2 elementor-widget elementor-widget-heading\" data-id=\"dda67f2\" data-element_type=\"widget\" data-e-type=\"widget\" data-widget_type=\"heading.default\">\n\t\t\t\t<div class=\"elementor-widget-container\">\n\t\t\t\t\t<h2 class=\"elementor-heading-title elementor-size-default\">Entregas Realizadas<\/h2>\t\t\t\t<\/div>\n\t\t\t\t<\/div>\n\t\t\t\t<div class=\"elementor-element elementor-element-7925e41 elementor-widget elementor-widget-text-editor\" data-id=\"7925e41\" data-element_type=\"widget\" data-e-type=\"widget\" data-widget_type=\"text-editor.default\">\n\t\t\t\t<div class=\"elementor-widget-container\">\n\t\t\t\t\t\t\t\t\t<ul><li data-section-id=\"1pl02va\" data-start=\"1075\" data-end=\"1106\">Dire\u00e7\u00e3o de arte da campanha<\/li><li data-section-id=\"1f0lt7n\" data-start=\"1107\" data-end=\"1148\">Cria\u00e7\u00e3o de pe\u00e7as impressas e digitais<\/li><li data-section-id=\"pc54z0\" data-start=\"1149\" data-end=\"1173\">Tratamento de imagem<\/li><li data-section-id=\"97fm5a\" data-start=\"1174\" data-end=\"1201\">Diagrama\u00e7\u00e3o promocional<\/li><li data-section-id=\"p8hwvt\" data-start=\"1202\" data-end=\"1244\">Adapta\u00e7\u00e3o visual para m\u00faltiplos cursos<\/li><li data-section-id=\"1pliudq\" data-start=\"1245\" data-end=\"1285\">Consist\u00eancia de identidade entre pe\u00e7as<\/li><\/ul>\t\t\t\t\t\t\t\t<\/div>\n\t\t\t\t<\/div>\n\t\t\t\t<\/div>\n\t\t\t\t\t<\/div>\n\t\t\t\t<\/div>\n\t\t<div class=\"elementor-element elementor-element-6ad792a e-flex e-con-boxed e-con e-parent\" data-id=\"6ad792a\" data-element_type=\"container\" data-e-type=\"container\">\n\t\t\t\t\t<div class=\"e-con-inner\">\n\t\t<div class=\"elementor-element elementor-element-a08377d e-con-full e-flex e-con e-child\" data-id=\"a08377d\" data-element_type=\"container\" data-e-type=\"container\">\n\t\t\t\t<div class=\"elementor-element elementor-element-06b15fe elementor-widget elementor-widget-heading\" data-id=\"06b15fe\" data-element_type=\"widget\" data-e-type=\"widget\" data-widget_type=\"heading.default\">\n\t\t\t\t<div class=\"elementor-widget-container\">\n\t\t\t\t\t<h2 class=\"elementor-heading-title elementor-size-default\">Estrat\u00e9gia Visual<\/h2>\t\t\t\t<\/div>\n\t\t\t\t<\/div>\n\t\t\t\t<div class=\"elementor-element elementor-element-a14eef7 elementor-widget elementor-widget-text-editor\" data-id=\"a14eef7\" data-element_type=\"widget\" data-e-type=\"widget\" data-widget_type=\"text-editor.default\">\n\t\t\t\t<div class=\"elementor-widget-container\">\n\t\t\t\t\t\t\t\t\t<p data-start=\"1314\" data-end=\"1402\">Apesar de cada curso possuir tema pr\u00f3prio, a campanha manteve unidade visual atrav\u00e9s de:<\/p><ul data-start=\"1404\" data-end=\"1546\"><li data-section-id=\"1ixfq3e\" data-start=\"1404\" data-end=\"1426\">uso intenso de cor<\/li><li data-section-id=\"zyx83e\" data-start=\"1427\" data-end=\"1458\">tipografia em grande escala<\/li><li data-section-id=\"1nw8pos\" data-start=\"1459\" data-end=\"1488\">sobreposi\u00e7\u00e3o de elementos<\/li><li data-section-id=\"10lh0xm\" data-start=\"1489\" data-end=\"1514\">imagens aspiracionais<\/li><li data-section-id=\"1kahsmx\" data-start=\"1515\" data-end=\"1546\">chamadas diretas de matr\u00edcula<\/li><\/ul>\t\t\t\t\t\t\t\t<\/div>\n\t\t\t\t<\/div>\n\t\t\t\t<\/div>\n\t\t<div class=\"elementor-element elementor-element-e083e77 e-con-full e-flex e-con e-child\" data-id=\"e083e77\" data-element_type=\"container\" data-e-type=\"container\">\n\t\t\t\t<div class=\"elementor-element elementor-element-c2097ef elementor-widget elementor-widget-heading\" data-id=\"c2097ef\" data-element_type=\"widget\" data-e-type=\"widget\" data-widget_type=\"heading.default\">\n\t\t\t\t<div class=\"elementor-widget-container\">\n\t\t\t\t\t<h2 class=\"elementor-heading-title elementor-size-default\">Resultado<\/h2>\t\t\t\t<\/div>\n\t\t\t\t<\/div>\n\t\t\t\t<div class=\"elementor-element elementor-element-c612374 elementor-widget elementor-widget-text-editor\" data-id=\"c612374\" data-element_type=\"widget\" data-e-type=\"widget\" data-widget_type=\"text-editor.default\">\n\t\t\t\t<div class=\"elementor-widget-container\">\n\t\t\t\t\t\t\t\t\t<p data-start=\"1567\" data-end=\"1721\">O projeto fortaleceu a comunica\u00e7\u00e3o local da marca, ampliando percep\u00e7\u00e3o contempor\u00e2nea da unidade e gerando materiais promocionais com forte impacto visual.<\/p>\t\t\t\t\t\t\t\t<\/div>\n\t\t\t\t<\/div>\n\t\t\t\t<\/div>\n\t\t\t\t\t<\/div>\n\t\t\t\t<\/div>\n\t\t<div class=\"elementor-element elementor-element-3b1abf5 e-flex e-con-boxed e-con e-parent\" data-id=\"3b1abf5\" data-element_type=\"container\" data-e-type=\"container\">\n\t\t\t\t\t<div class=\"e-con-inner\">\n\t\t\t\t<div class=\"elementor-element elementor-element-93a3e63 elementor-widget elementor-widget-gallery\" data-id=\"93a3e63\" data-element_type=\"widget\" data-e-type=\"widget\" data-settings=\"{&quot;columns&quot;:5,&quot;aspect_ratio&quot;:&quot;9:16&quot;,&quot;lazyload&quot;:&quot;yes&quot;,&quot;gallery_layout&quot;:&quot;grid&quot;,&quot;columns_tablet&quot;:2,&quot;columns_mobile&quot;:1,&quot;gap&quot;:{&quot;unit&quot;:&quot;px&quot;,&quot;size&quot;:10,&quot;sizes&quot;:[]},&quot;gap_tablet&quot;:{&quot;unit&quot;:&quot;px&quot;,&quot;size&quot;:10,&quot;sizes&quot;:[]},&quot;gap_mobile&quot;:{&quot;unit&quot;:&quot;px&quot;,&quot;size&quot;:10,&quot;sizes&quot;:[]},&quot;link_to&quot;:&quot;file&quot;,&quot;overlay_background&quot;:&quot;yes&quot;,&quot;content_hover_animation&quot;:&quot;fade-in&quot;}\" data-widget_type=\"gallery.default\">\n\t\t\t\t<div class=\"elementor-widget-container\">\n\t\t\t\t\t\t\t<div class=\"elementor-gallery__container\">\n\t\t\t\t\t\t\t<a class=\"e-gallery-item elementor-gallery-item elementor-animated-content\" href=\"https:\/\/alisonandreistudio.com\/wp-content\/uploads\/2026\/04\/7fca54a2-d6e7-4dc9-9205-468ef84bc495_rw_1200-copiar.webp\" data-elementor-open-lightbox=\"yes\" data-elementor-lightbox-slideshow=\"93a3e63\" data-e-action-hash=\"#elementor-action%3Aaction%3Dlightbox%26settings%3DeyJpZCI6MjU0NSwidXJsIjoiaHR0cHM6XC9cL2FsaXNvbmFuZHJlaXN0dWRpby5jb21cL3dwLWNvbnRlbnRcL3VwbG9hZHNcLzIwMjZcLzA0XC83ZmNhNTRhMi1kNmU3LTRkYzktOTIwNS00NjhlZjg0YmM0OTVfcndfMTIwMC1jb3BpYXIud2VicCIsInNsaWRlc2hvdyI6IjkzYTNlNjMifQ%3D%3D\">\n\t\t\t\t\t<div class=\"e-gallery-image elementor-gallery-item__image\" data-thumbnail=\"https:\/\/alisonandreistudio.com\/wp-content\/uploads\/2026\/04\/7fca54a2-d6e7-4dc9-9205-468ef84bc495_rw_1200-copiar.webp\" data-width=\"608\" data-height=\"1200\" aria-label=\"\" role=\"img\" ><\/div>\n\t\t\t\t\t\t\t\t\t\t\t<div class=\"elementor-gallery-item__overlay\"><\/div>\n\t\t\t\t\t\t\t\t\t\t\t\t\t\t<\/a>\n\t\t\t\t\t\t\t<a class=\"e-gallery-item elementor-gallery-item elementor-animated-content\" href=\"https:\/\/alisonandreistudio.com\/wp-content\/uploads\/2026\/04\/6ae774bf-3508-4a3c-8e7d-b07760f57bf4_rw_1200-copiar.webp\" data-elementor-open-lightbox=\"yes\" data-elementor-lightbox-slideshow=\"93a3e63\" data-e-action-hash=\"#elementor-action%3Aaction%3Dlightbox%26settings%3DeyJpZCI6MjU0NiwidXJsIjoiaHR0cHM6XC9cL2FsaXNvbmFuZHJlaXN0dWRpby5jb21cL3dwLWNvbnRlbnRcL3VwbG9hZHNcLzIwMjZcLzA0XC82YWU3NzRiZi0zNTA4LTRhM2MtOGU3ZC1iMDc3NjBmNTdiZjRfcndfMTIwMC1jb3BpYXIud2VicCIsInNsaWRlc2hvdyI6IjkzYTNlNjMifQ%3D%3D\">\n\t\t\t\t\t<div class=\"e-gallery-image elementor-gallery-item__image\" data-thumbnail=\"https:\/\/alisonandreistudio.com\/wp-content\/uploads\/2026\/04\/6ae774bf-3508-4a3c-8e7d-b07760f57bf4_rw_1200-copiar.webp\" data-width=\"608\" data-height=\"1200\" aria-label=\"\" role=\"img\" ><\/div>\n\t\t\t\t\t\t\t\t\t\t\t<div class=\"elementor-gallery-item__overlay\"><\/div>\n\t\t\t\t\t\t\t\t\t\t\t\t\t\t<\/a>\n\t\t\t\t\t\t\t<a class=\"e-gallery-item elementor-gallery-item elementor-animated-content\" href=\"https:\/\/alisonandreistudio.com\/wp-content\/uploads\/2026\/04\/75684b1c-db60-400b-8e26-3f34d23c731a_rw_1200-copiar.webp\" data-elementor-open-lightbox=\"yes\" data-elementor-lightbox-slideshow=\"93a3e63\" data-e-action-hash=\"#elementor-action%3Aaction%3Dlightbox%26settings%3DeyJpZCI6MjU0NywidXJsIjoiaHR0cHM6XC9cL2FsaXNvbmFuZHJlaXN0dWRpby5jb21cL3dwLWNvbnRlbnRcL3VwbG9hZHNcLzIwMjZcLzA0XC83NTY4NGIxYy1kYjYwLTQwMGItOGUyNi0zZjM0ZDIzYzczMWFfcndfMTIwMC1jb3BpYXIud2VicCIsInNsaWRlc2hvdyI6IjkzYTNlNjMifQ%3D%3D\">\n\t\t\t\t\t<div class=\"e-gallery-image elementor-gallery-item__image\" data-thumbnail=\"https:\/\/alisonandreistudio.com\/wp-content\/uploads\/2026\/04\/75684b1c-db60-400b-8e26-3f34d23c731a_rw_1200-copiar.webp\" data-width=\"608\" data-height=\"1200\" aria-label=\"\" role=\"img\" ><\/div>\n\t\t\t\t\t\t\t\t\t\t\t<div class=\"elementor-gallery-item__overlay\"><\/div>\n\t\t\t\t\t\t\t\t\t\t\t\t\t\t<\/a>\n\t\t\t\t\t\t\t<a class=\"e-gallery-item elementor-gallery-item elementor-animated-content\" href=\"https:\/\/alisonandreistudio.com\/wp-content\/uploads\/2026\/04\/dff32d01-7045-4768-bf19-bb378e56ca38_rw_1200-copiar.webp\" data-elementor-open-lightbox=\"yes\" data-elementor-lightbox-slideshow=\"93a3e63\" data-e-action-hash=\"#elementor-action%3Aaction%3Dlightbox%26settings%3DeyJpZCI6MjU0OCwidXJsIjoiaHR0cHM6XC9cL2FsaXNvbmFuZHJlaXN0dWRpby5jb21cL3dwLWNvbnRlbnRcL3VwbG9hZHNcLzIwMjZcLzA0XC9kZmYzMmQwMS03MDQ1LTQ3NjgtYmYxOS1iYjM3OGU1NmNhMzhfcndfMTIwMC1jb3BpYXIud2VicCIsInNsaWRlc2hvdyI6IjkzYTNlNjMifQ%3D%3D\">\n\t\t\t\t\t<div class=\"e-gallery-image elementor-gallery-item__image\" data-thumbnail=\"https:\/\/alisonandreistudio.com\/wp-content\/uploads\/2026\/04\/dff32d01-7045-4768-bf19-bb378e56ca38_rw_1200-copiar.webp\" data-width=\"608\" data-height=\"1200\" aria-label=\"\" role=\"img\" ><\/div>\n\t\t\t\t\t\t\t\t\t\t\t<div class=\"elementor-gallery-item__overlay\"><\/div>\n\t\t\t\t\t\t\t\t\t\t\t\t\t\t<\/a>\n\t\t\t\t\t\t\t<a class=\"e-gallery-item elementor-gallery-item elementor-animated-content\" href=\"https:\/\/alisonandreistudio.com\/wp-content\/uploads\/2026\/04\/fad77de9-0565-4a2e-84b8-a28820f84b72_rw_1200-copiar.webp\" data-elementor-open-lightbox=\"yes\" data-elementor-lightbox-slideshow=\"93a3e63\" data-e-action-hash=\"#elementor-action%3Aaction%3Dlightbox%26settings%3DeyJpZCI6MjU0OSwidXJsIjoiaHR0cHM6XC9cL2FsaXNvbmFuZHJlaXN0dWRpby5jb21cL3dwLWNvbnRlbnRcL3VwbG9hZHNcLzIwMjZcLzA0XC9mYWQ3N2RlOS0wNTY1LTRhMmUtODRiOC1hMjg4MjBmODRiNzJfcndfMTIwMC1jb3BpYXIud2VicCIsInNsaWRlc2hvdyI6IjkzYTNlNjMifQ%3D%3D\">\n\t\t\t\t\t<div class=\"e-gallery-image elementor-gallery-item__image\" data-thumbnail=\"https:\/\/alisonandreistudio.com\/wp-content\/uploads\/2026\/04\/fad77de9-0565-4a2e-84b8-a28820f84b72_rw_1200-copiar.webp\" data-width=\"608\" data-height=\"1200\" aria-label=\"\" role=\"img\" ><\/div>\n\t\t\t\t\t\t\t\t\t\t\t<div class=\"elementor-gallery-item__overlay\"><\/div>\n\t\t\t\t\t\t\t\t\t\t\t\t\t\t<\/a>\n\t\t\t\t\t<\/div>\n\t\t\t\t\t<\/div>\n\t\t\t\t<\/div>\n\t\t\t\t<div class=\"elementor-element elementor-element-6351393 elementor-widget-divider--view-line elementor-widget elementor-widget-divider\" data-id=\"6351393\" data-element_type=\"widget\" data-e-type=\"widget\" data-widget_type=\"divider.default\">\n\t\t\t\t<div class=\"elementor-widget-container\">\n\t\t\t\t\t\t\t<div class=\"elementor-divider\">\n\t\t\t<span class=\"elementor-divider-separator\">\n\t\t\t\t\t\t<\/span>\n\t\t<\/div>\n\t\t\t\t\t\t<\/div>\n\t\t\t\t<\/div>\n\t\t\t\t<div class=\"elementor-element elementor-element-2796efc elementor-widget elementor-widget-heading\" data-id=\"2796efc\" data-element_type=\"widget\" data-e-type=\"widget\" data-widget_type=\"heading.default\">\n\t\t\t\t<div class=\"elementor-widget-container\">\n\t\t\t\t\t<h2 class=\"elementor-heading-title elementor-size-default\">Aplica\u00e7\u00e3o<\/h2>\t\t\t\t<\/div>\n\t\t\t\t<\/div>\n\t\t\t\t<div class=\"elementor-element elementor-element-f1bb66f elementor-widget elementor-widget-gallery\" data-id=\"f1bb66f\" data-element_type=\"widget\" data-e-type=\"widget\" data-settings=\"{&quot;columns&quot;:2,&quot;gap&quot;:{&quot;unit&quot;:&quot;px&quot;,&quot;size&quot;:75,&quot;sizes&quot;:[]},&quot;aspect_ratio&quot;:&quot;9:16&quot;,&quot;lazyload&quot;:&quot;yes&quot;,&quot;gallery_layout&quot;:&quot;grid&quot;,&quot;columns_tablet&quot;:2,&quot;columns_mobile&quot;:1,&quot;gap_tablet&quot;:{&quot;unit&quot;:&quot;px&quot;,&quot;size&quot;:10,&quot;sizes&quot;:[]},&quot;gap_mobile&quot;:{&quot;unit&quot;:&quot;px&quot;,&quot;size&quot;:10,&quot;sizes&quot;:[]},&quot;link_to&quot;:&quot;file&quot;,&quot;overlay_background&quot;:&quot;yes&quot;,&quot;content_hover_animation&quot;:&quot;fade-in&quot;}\" data-widget_type=\"gallery.default\">\n\t\t\t\t<div class=\"elementor-widget-container\">\n\t\t\t\t\t\t\t<div class=\"elementor-gallery__container\">\n\t\t\t\t\t\t\t<a class=\"e-gallery-item elementor-gallery-item elementor-animated-content\" href=\"https:\/\/alisonandreistudio.com\/wp-content\/uploads\/2026\/04\/Gemini_Generated_Image_d2n4u2d2n4u2d2n4-copiar.webp\" data-elementor-open-lightbox=\"yes\" data-elementor-lightbox-slideshow=\"f1bb66f\" data-e-action-hash=\"#elementor-action%3Aaction%3Dlightbox%26settings%3DeyJpZCI6MjU1MCwidXJsIjoiaHR0cHM6XC9cL2FsaXNvbmFuZHJlaXN0dWRpby5jb21cL3dwLWNvbnRlbnRcL3VwbG9hZHNcLzIwMjZcLzA0XC9HZW1pbmlfR2VuZXJhdGVkX0ltYWdlX2QybjR1MmQybjR1MmQybjQtY29waWFyLndlYnAiLCJzbGlkZXNob3ciOiJmMWJiNjZmIn0%3D\">\n\t\t\t\t\t<div class=\"e-gallery-image elementor-gallery-item__image\" data-thumbnail=\"https:\/\/alisonandreistudio.com\/wp-content\/uploads\/2026\/04\/Gemini_Generated_Image_d2n4u2d2n4u2d2n4-copiar.webp\" data-width=\"506\" data-height=\"1000\" aria-label=\"\" role=\"img\" ><\/div>\n\t\t\t\t\t\t\t\t\t\t\t<div class=\"elementor-gallery-item__overlay\"><\/div>\n\t\t\t\t\t\t\t\t\t\t\t\t\t\t<\/a>\n\t\t\t\t\t\t\t<a class=\"e-gallery-item elementor-gallery-item elementor-animated-content\" href=\"https:\/\/alisonandreistudio.com\/wp-content\/uploads\/2026\/04\/Gemini_Generated_Image_4xyuof4xyuof4xyu-copiar.webp\" data-elementor-open-lightbox=\"yes\" data-elementor-lightbox-slideshow=\"f1bb66f\" data-e-action-hash=\"#elementor-action%3Aaction%3Dlightbox%26settings%3DeyJpZCI6MjU1MSwidXJsIjoiaHR0cHM6XC9cL2FsaXNvbmFuZHJlaXN0dWRpby5jb21cL3dwLWNvbnRlbnRcL3VwbG9hZHNcLzIwMjZcLzA0XC9HZW1pbmlfR2VuZXJhdGVkX0ltYWdlXzR4eXVvZjR4eXVvZjR4eXUtY29waWFyLndlYnAiLCJzbGlkZXNob3ciOiJmMWJiNjZmIn0%3D\">\n\t\t\t\t\t<div class=\"e-gallery-image elementor-gallery-item__image\" data-thumbnail=\"https:\/\/alisonandreistudio.com\/wp-content\/uploads\/2026\/04\/Gemini_Generated_Image_4xyuof4xyuof4xyu-copiar.webp\" data-width=\"506\" data-height=\"1000\" aria-label=\"\" role=\"img\" ><\/div>\n\t\t\t\t\t\t\t\t\t\t\t<div class=\"elementor-gallery-item__overlay\"><\/div>\n\t\t\t\t\t\t\t\t\t\t\t\t\t\t<\/a>\n\t\t\t\t\t<\/div>\n\t\t\t\t\t<\/div>\n\t\t\t\t<\/div>\n\t\t\t\t<div class=\"elementor-element elementor-element-6b81ade elementor-widget elementor-widget-heading\" data-id=\"6b81ade\" data-element_type=\"widget\" data-e-type=\"widget\" data-widget_type=\"heading.default\">\n\t\t\t\t<div class=\"elementor-widget-container\">\n\t\t\t\t\t<h2 class=\"elementor-heading-title elementor-size-default\">Design de Personagem<\/h2>\t\t\t\t<\/div>\n\t\t\t\t<\/div>\n\t\t\t\t\t<\/div>\n\t\t\t\t<\/div>\n\t\t\t\t<\/div>","protected":false},"excerpt":{"rendered":"<p>Em 2018, desenvolvi uma s\u00e9rie de pe\u00e7as promocionais para o Centro Europeu unidade Ponta Grossa, com foco na divulga\u00e7\u00e3o de cursos profissionalizantes e criativos. O projeto buscou posicionar cada curso com identidade visual marcante, linguagem contempor\u00e2nea e forte apelo comercial. Conceito Criativo A campanha foi constru\u00edda a partir de composi\u00e7\u00f5es vibrantes, sobreposi\u00e7\u00e3o tipogr\u00e1fica e tratamento [&hellip;]<\/p>","protected":false},"author":1,"featured_media":2546,"parent":0,"menu_order":0,"comment_status":"closed","ping_status":"closed","template":"","meta":{"footnotes":""},"class_list":["post-2543","page","type-page","status-publish","has-post-thumbnail","hentry"],"_links":{"self":[{"href":"https:\/\/alisonandreistudio.com\/en\/wp-json\/wp\/v2\/pages\/2543","targetHints":{"allow":["GET"]}}],"collection":[{"href":"https:\/\/alisonandreistudio.com\/en\/wp-json\/wp\/v2\/pages"}],"about":[{"href":"https:\/\/alisonandreistudio.com\/en\/wp-json\/wp\/v2\/types\/page"}],"author":[{"embeddable":true,"href":"https:\/\/alisonandreistudio.com\/en\/wp-json\/wp\/v2\/users\/1"}],"replies":[{"embeddable":true,"href":"https:\/\/alisonandreistudio.com\/en\/wp-json\/wp\/v2\/comments?post=2543"}],"version-history":[{"count":4,"href":"https:\/\/alisonandreistudio.com\/en\/wp-json\/wp\/v2\/pages\/2543\/revisions"}],"predecessor-version":[{"id":2555,"href":"https:\/\/alisonandreistudio.com\/en\/wp-json\/wp\/v2\/pages\/2543\/revisions\/2555"}],"wp:featuredmedia":[{"embeddable":true,"href":"https:\/\/alisonandreistudio.com\/en\/wp-json\/wp\/v2\/media\/2546"}],"wp:attachment":[{"href":"https:\/\/alisonandreistudio.com\/en\/wp-json\/wp\/v2\/media?parent=2543"}],"curies":[{"name":"wp","href":"https:\/\/api.w.org\/{rel}","templated":true}]}}