{"id":2458,"date":"2026-04-19T23:33:48","date_gmt":"2026-04-19T23:33:48","guid":{"rendered":"https:\/\/alisonandreistudio.com\/?page_id=2458"},"modified":"2026-04-20T18:14:34","modified_gmt":"2026-04-20T18:14:34","slug":"tcinovcao-identidade-visual","status":"publish","type":"page","link":"https:\/\/alisonandreistudio.com\/en\/tcinovcao-identidade-visual\/","title":{"rendered":"TCINOV@\u00c7\u00c3O \u2014 Identidade Visual"},"content":{"rendered":"<div data-elementor-type=\"wp-page\" data-elementor-id=\"2458\" class=\"elementor elementor-2458\" data-elementor-post-type=\"page\">\n\t\t\t\t<div class=\"elementor-element elementor-element-4a8c99a e-flex e-con-boxed e-con e-parent\" data-id=\"4a8c99a\" data-element_type=\"container\" data-e-type=\"container\">\n\t\t\t\t\t<div class=\"e-con-inner\">\n\t\t\t\t<div class=\"elementor-element elementor-element-e840a1c elementor-widget elementor-widget-image\" data-id=\"e840a1c\" data-element_type=\"widget\" data-e-type=\"widget\" data-widget_type=\"image.default\">\n\t\t\t\t<div class=\"elementor-widget-container\">\n\t\t\t\t\t\t\t\t\t\t\t\t\t\t\t<img fetchpriority=\"high\" decoding=\"async\" width=\"1000\" height=\"665\" src=\"https:\/\/alisonandreistudio.com\/wp-content\/uploads\/2026\/04\/Ativo-9-copiar-2.webp\" class=\"attachment-full size-full wp-image-2460\" alt=\"\" srcset=\"https:\/\/alisonandreistudio.com\/wp-content\/uploads\/2026\/04\/Ativo-9-copiar-2.webp 1000w, https:\/\/alisonandreistudio.com\/wp-content\/uploads\/2026\/04\/Ativo-9-copiar-2-300x200.webp 300w, https:\/\/alisonandreistudio.com\/wp-content\/uploads\/2026\/04\/Ativo-9-copiar-2-768x511.webp 768w, https:\/\/alisonandreistudio.com\/wp-content\/uploads\/2026\/04\/Ativo-9-copiar-2-18x12.webp 18w, https:\/\/alisonandreistudio.com\/wp-content\/uploads\/2026\/04\/Ativo-9-copiar-2-800x532.webp 800w\" sizes=\"(max-width: 1000px) 100vw, 1000px\" \/>\t\t\t\t\t\t\t\t\t\t\t\t\t\t\t<\/div>\n\t\t\t\t<\/div>\n\t\t\t\t<div class=\"elementor-element elementor-element-ecd1771 elementor-widget elementor-widget-text-editor\" data-id=\"ecd1771\" data-element_type=\"widget\" data-e-type=\"widget\" data-widget_type=\"text-editor.default\">\n\t\t\t\t<div class=\"elementor-widget-container\">\n\t\t\t\t\t\t\t\t\t<p>Desenvolvimento de identidade visual para projeto social voltado \u00e0 Terapia Comunit\u00e1ria Integrativa, conectando escuta, cuidado e transforma\u00e7\u00e3o em rede.<\/p>\t\t\t\t\t\t\t\t<\/div>\n\t\t\t\t<\/div>\n\t\t\t\t<div class=\"elementor-element elementor-element-e95f97a elementor-widget-divider--view-line elementor-widget elementor-widget-divider\" data-id=\"e95f97a\" data-element_type=\"widget\" data-e-type=\"widget\" data-widget_type=\"divider.default\">\n\t\t\t\t<div class=\"elementor-widget-container\">\n\t\t\t\t\t\t\t<div class=\"elementor-divider\">\n\t\t\t<span class=\"elementor-divider-separator\">\n\t\t\t\t\t\t<\/span>\n\t\t<\/div>\n\t\t\t\t\t\t<\/div>\n\t\t\t\t<\/div>\n\t\t\t\t<div class=\"elementor-element elementor-element-0bab89f elementor-widget elementor-widget-heading\" data-id=\"0bab89f\" data-element_type=\"widget\" data-e-type=\"widget\" data-widget_type=\"heading.default\">\n\t\t\t\t<div class=\"elementor-widget-container\">\n\t\t\t\t\t<h2 class=\"elementor-heading-title elementor-size-default\">Desafio<\/h2>\t\t\t\t<\/div>\n\t\t\t\t<\/div>\n\t\t\t\t<div class=\"elementor-element elementor-element-1a5255a elementor-widget elementor-widget-text-editor\" data-id=\"1a5255a\" data-element_type=\"widget\" data-e-type=\"widget\" data-widget_type=\"text-editor.default\">\n\t\t\t\t<div class=\"elementor-widget-container\">\n\t\t\t\t\t\t\t\t\t<p>Criar uma marca contempor\u00e2nea e acolhedora para uma iniciativa social que atua em diferentes territ\u00f3rios e contextos, unindo inova\u00e7\u00e3o, pessoas e impacto coletivo.<\/p>\t\t\t\t\t\t\t\t<\/div>\n\t\t\t\t<\/div>\n\t\t\t\t\t<\/div>\n\t\t\t\t<\/div>\n\t\t<div class=\"elementor-element elementor-element-4116444 e-flex e-con-boxed e-con e-parent\" data-id=\"4116444\" data-element_type=\"container\" data-e-type=\"container\">\n\t\t\t\t\t<div class=\"e-con-inner\">\n\t\t<div class=\"elementor-element elementor-element-ee57d24 e-con-full e-flex e-con e-child\" data-id=\"ee57d24\" data-element_type=\"container\" data-e-type=\"container\">\n\t\t\t\t<div class=\"elementor-element elementor-element-209b578 elementor-widget elementor-widget-heading\" data-id=\"209b578\" data-element_type=\"widget\" data-e-type=\"widget\" data-widget_type=\"heading.default\">\n\t\t\t\t<div class=\"elementor-widget-container\">\n\t\t\t\t\t<h2 class=\"elementor-heading-title elementor-size-default\">Conceito Criativo<\/h2>\t\t\t\t<\/div>\n\t\t\t\t<\/div>\n\t\t\t\t<div class=\"elementor-element elementor-element-cd1341b elementor-widget elementor-widget-text-editor\" data-id=\"cd1341b\" data-element_type=\"widget\" data-e-type=\"widget\" data-widget_type=\"text-editor.default\">\n\t\t\t\t<div class=\"elementor-widget-container\">\n\t\t\t\t\t\t\t\t\t<p>O s\u00edmbolo central utiliza o caractere <strong data-start=\"1233\" data-end=\"1238\">@<\/strong> como met\u00e1fora visual de conex\u00e3o, rede e circula\u00e7\u00e3o de conhecimento. No n\u00facleo, formas org\u00e2nicas e bra\u00e7os representam acolhimento, troca e comunidade.<\/p>\t\t\t\t\t\t\t\t<\/div>\n\t\t\t\t<\/div>\n\t\t\t\t<\/div>\n\t\t<div class=\"elementor-element elementor-element-38d15f2 e-con-full e-flex e-con e-child\" data-id=\"38d15f2\" data-element_type=\"container\" data-e-type=\"container\">\n\t\t\t\t<div class=\"elementor-element elementor-element-6ef3af7 elementor-arrows-position-inside elementor-pagination-position-outside elementor-widget elementor-widget-image-carousel\" data-id=\"6ef3af7\" data-element_type=\"widget\" data-e-type=\"widget\" data-settings=\"{&quot;slides_to_show&quot;:&quot;1&quot;,&quot;navigation&quot;:&quot;both&quot;,&quot;autoplay&quot;:&quot;yes&quot;,&quot;pause_on_hover&quot;:&quot;yes&quot;,&quot;pause_on_interaction&quot;:&quot;yes&quot;,&quot;autoplay_speed&quot;:5000,&quot;infinite&quot;:&quot;yes&quot;,&quot;effect&quot;:&quot;slide&quot;,&quot;speed&quot;:500}\" data-widget_type=\"image-carousel.default\">\n\t\t\t\t<div class=\"elementor-widget-container\">\n\t\t\t\t\t\t\t<div class=\"elementor-image-carousel-wrapper swiper\" role=\"region\" aria-roledescription=\"carousel\" aria-label=\"Carrossel de imagens\" dir=\"ltr\">\n\t\t\t<div class=\"elementor-image-carousel swiper-wrapper\" aria-live=\"off\">\n\t\t\t\t\t\t\t\t<div class=\"swiper-slide\" role=\"group\" aria-roledescription=\"slide\" aria-label=\"1 de 4\"><figure class=\"swiper-slide-inner\"><img decoding=\"async\" class=\"swiper-slide-image\" src=\"https:\/\/alisonandreistudio.com\/wp-content\/uploads\/2026\/04\/Captura-de-tela-2026-04-19-203123.png\" alt=\"Captura de tela 2026-04-19 203123\" \/><\/figure><\/div><div class=\"swiper-slide\" role=\"group\" aria-roledescription=\"slide\" aria-label=\"2 de 4\"><figure class=\"swiper-slide-inner\"><img decoding=\"async\" class=\"swiper-slide-image\" src=\"https:\/\/alisonandreistudio.com\/wp-content\/uploads\/2026\/04\/Captura-de-tela-2026-04-19-203132.png\" alt=\"Captura de tela 2026-04-19 203132\" \/><\/figure><\/div><div class=\"swiper-slide\" role=\"group\" aria-roledescription=\"slide\" aria-label=\"3 de 4\"><figure class=\"swiper-slide-inner\"><img decoding=\"async\" class=\"swiper-slide-image\" src=\"https:\/\/alisonandreistudio.com\/wp-content\/uploads\/2026\/04\/Captura-de-tela-2026-04-19-203141.png\" alt=\"Captura de tela 2026-04-19 203141\" \/><\/figure><\/div><div class=\"swiper-slide\" role=\"group\" aria-roledescription=\"slide\" aria-label=\"4 de 4\"><figure class=\"swiper-slide-inner\"><img decoding=\"async\" class=\"swiper-slide-image\" src=\"https:\/\/alisonandreistudio.com\/wp-content\/uploads\/2026\/04\/Captura-de-tela-2026-04-19-203149.png\" alt=\"Captura de tela 2026-04-19 203149\" \/><\/figure><\/div>\t\t\t<\/div>\n\t\t\t\t\t\t\t\t\t\t\t\t<div class=\"elementor-swiper-button elementor-swiper-button-prev\" role=\"button\" tabindex=\"0\">\n\t\t\t\t\t\t<svg aria-hidden=\"true\" class=\"e-font-icon-svg e-eicon-chevron-left\" viewbox=\"0 0 1000 1000\" xmlns=\"http:\/\/www.w3.org\/2000\/svg\"><path d=\"M646 125C629 125 613 133 604 142L308 442C296 454 292 471 292 487 292 504 296 521 308 533L604 854C617 867 629 875 646 875 663 875 679 871 692 858 704 846 713 829 713 812 713 796 708 779 692 767L438 487 692 225C700 217 708 204 708 187 708 171 704 154 692 142 675 129 663 125 646 125Z\"><\/path><\/svg>\t\t\t\t\t<\/div>\n\t\t\t\t\t<div class=\"elementor-swiper-button elementor-swiper-button-next\" role=\"button\" tabindex=\"0\">\n\t\t\t\t\t\t<svg aria-hidden=\"true\" class=\"e-font-icon-svg e-eicon-chevron-right\" viewbox=\"0 0 1000 1000\" xmlns=\"http:\/\/www.w3.org\/2000\/svg\"><path d=\"M696 533C708 521 713 504 713 487 713 471 708 454 696 446L400 146C388 133 375 125 354 125 338 125 325 129 313 142 300 154 292 171 292 187 292 204 296 221 308 233L563 492 304 771C292 783 288 800 288 817 288 833 296 850 308 863 321 871 338 875 354 875 371 875 388 867 400 854L696 533Z\"><\/path><\/svg>\t\t\t\t\t<\/div>\n\t\t\t\t\n\t\t\t\t\t\t\t\t\t<div class=\"swiper-pagination\"><\/div>\n\t\t\t\t\t\t\t\t\t<\/div>\n\t\t\t\t\t\t<\/div>\n\t\t\t\t<\/div>\n\t\t\t\t<\/div>\n\t\t\t\t\t<\/div>\n\t\t\t\t<\/div>\n\t\t<div class=\"elementor-element elementor-element-63c9393 e-flex e-con-boxed e-con e-parent\" data-id=\"63c9393\" data-element_type=\"container\" data-e-type=\"container\">\n\t\t\t\t\t<div class=\"e-con-inner\">\n\t\t\t\t<div class=\"elementor-element elementor-element-556fbcc elementor-widget elementor-widget-gallery\" data-id=\"556fbcc\" data-element_type=\"widget\" data-e-type=\"widget\" data-settings=\"{&quot;columns&quot;:3,&quot;lazyload&quot;:&quot;yes&quot;,&quot;gallery_layout&quot;:&quot;grid&quot;,&quot;columns_tablet&quot;:2,&quot;columns_mobile&quot;:1,&quot;gap&quot;:{&quot;unit&quot;:&quot;px&quot;,&quot;size&quot;:10,&quot;sizes&quot;:[]},&quot;gap_tablet&quot;:{&quot;unit&quot;:&quot;px&quot;,&quot;size&quot;:10,&quot;sizes&quot;:[]},&quot;gap_mobile&quot;:{&quot;unit&quot;:&quot;px&quot;,&quot;size&quot;:10,&quot;sizes&quot;:[]},&quot;link_to&quot;:&quot;file&quot;,&quot;aspect_ratio&quot;:&quot;3:2&quot;,&quot;overlay_background&quot;:&quot;yes&quot;,&quot;content_hover_animation&quot;:&quot;fade-in&quot;}\" data-widget_type=\"gallery.default\">\n\t\t\t\t<div class=\"elementor-widget-container\">\n\t\t\t\t\t\t\t<div class=\"elementor-gallery__container\">\n\t\t\t\t\t\t\t<a class=\"e-gallery-item elementor-gallery-item elementor-animated-content\" href=\"https:\/\/alisonandreistudio.com\/wp-content\/uploads\/2026\/04\/Captura-de-tela-2026-04-19-202958.png\" data-elementor-open-lightbox=\"yes\" data-elementor-lightbox-slideshow=\"556fbcc\" data-e-action-hash=\"#elementor-action%3Aaction%3Dlightbox%26settings%3DeyJpZCI6MjQ3MSwidXJsIjoiaHR0cHM6XC9cL2FsaXNvbmFuZHJlaXN0dWRpby5jb21cL3dwLWNvbnRlbnRcL3VwbG9hZHNcLzIwMjZcLzA0XC9DYXB0dXJhLWRlLXRlbGEtMjAyNi0wNC0xOS0yMDI5NTgucG5nIiwic2xpZGVzaG93IjoiNTU2ZmJjYyJ9\">\n\t\t\t\t\t<div class=\"e-gallery-image elementor-gallery-item__image\" data-thumbnail=\"https:\/\/alisonandreistudio.com\/wp-content\/uploads\/2026\/04\/Captura-de-tela-2026-04-19-202958.png\" data-width=\"846\" data-height=\"496\" aria-label=\"\" role=\"img\" ><\/div>\n\t\t\t\t\t\t\t\t\t\t\t<div class=\"elementor-gallery-item__overlay\"><\/div>\n\t\t\t\t\t\t\t\t\t\t\t\t\t\t<\/a>\n\t\t\t\t\t\t\t<a class=\"e-gallery-item elementor-gallery-item elementor-animated-content\" href=\"https:\/\/alisonandreistudio.com\/wp-content\/uploads\/2026\/04\/Captura-de-tela-2026-04-19-203005.png\" data-elementor-open-lightbox=\"yes\" data-elementor-lightbox-slideshow=\"556fbcc\" data-e-action-hash=\"#elementor-action%3Aaction%3Dlightbox%26settings%3DeyJpZCI6MjQ3MiwidXJsIjoiaHR0cHM6XC9cL2FsaXNvbmFuZHJlaXN0dWRpby5jb21cL3dwLWNvbnRlbnRcL3VwbG9hZHNcLzIwMjZcLzA0XC9DYXB0dXJhLWRlLXRlbGEtMjAyNi0wNC0xOS0yMDMwMDUucG5nIiwic2xpZGVzaG93IjoiNTU2ZmJjYyJ9\">\n\t\t\t\t\t<div class=\"e-gallery-image elementor-gallery-item__image\" data-thumbnail=\"https:\/\/alisonandreistudio.com\/wp-content\/uploads\/2026\/04\/Captura-de-tela-2026-04-19-203005.png\" data-width=\"847\" data-height=\"574\" aria-label=\"\" role=\"img\" ><\/div>\n\t\t\t\t\t\t\t\t\t\t\t<div class=\"elementor-gallery-item__overlay\"><\/div>\n\t\t\t\t\t\t\t\t\t\t\t\t\t\t<\/a>\n\t\t\t\t\t\t\t<a class=\"e-gallery-item elementor-gallery-item elementor-animated-content\" href=\"https:\/\/alisonandreistudio.com\/wp-content\/uploads\/2026\/04\/Captura-de-tela-2026-04-19-202949.png\" data-elementor-open-lightbox=\"yes\" data-elementor-lightbox-slideshow=\"556fbcc\" data-e-action-hash=\"#elementor-action%3Aaction%3Dlightbox%26settings%3DeyJpZCI6MjQ3NiwidXJsIjoiaHR0cHM6XC9cL2FsaXNvbmFuZHJlaXN0dWRpby5jb21cL3dwLWNvbnRlbnRcL3VwbG9hZHNcLzIwMjZcLzA0XC9DYXB0dXJhLWRlLXRlbGEtMjAyNi0wNC0xOS0yMDI5NDkucG5nIiwic2xpZGVzaG93IjoiNTU2ZmJjYyJ9\">\n\t\t\t\t\t<div class=\"e-gallery-image elementor-gallery-item__image\" data-thumbnail=\"https:\/\/alisonandreistudio.com\/wp-content\/uploads\/2026\/04\/Captura-de-tela-2026-04-19-202949.png\" data-width=\"841\" data-height=\"519\" aria-label=\"\" role=\"img\" ><\/div>\n\t\t\t\t\t\t\t\t\t\t\t<div class=\"elementor-gallery-item__overlay\"><\/div>\n\t\t\t\t\t\t\t\t\t\t\t\t\t\t<\/a>\n\t\t\t\t\t\t\t<a class=\"e-gallery-item elementor-gallery-item elementor-animated-content\" href=\"https:\/\/alisonandreistudio.com\/wp-content\/uploads\/2026\/04\/Captura-de-tela-2026-04-19-202901.png\" data-elementor-open-lightbox=\"yes\" data-elementor-lightbox-slideshow=\"556fbcc\" data-e-action-hash=\"#elementor-action%3Aaction%3Dlightbox%26settings%3DeyJpZCI6MjQ3MywidXJsIjoiaHR0cHM6XC9cL2FsaXNvbmFuZHJlaXN0dWRpby5jb21cL3dwLWNvbnRlbnRcL3VwbG9hZHNcLzIwMjZcLzA0XC9DYXB0dXJhLWRlLXRlbGEtMjAyNi0wNC0xOS0yMDI5MDEucG5nIiwic2xpZGVzaG93IjoiNTU2ZmJjYyJ9\">\n\t\t\t\t\t<div class=\"e-gallery-image elementor-gallery-item__image\" data-thumbnail=\"https:\/\/alisonandreistudio.com\/wp-content\/uploads\/2026\/04\/Captura-de-tela-2026-04-19-202901.png\" data-width=\"1270\" data-height=\"746\" aria-label=\"\" role=\"img\" ><\/div>\n\t\t\t\t\t\t\t\t\t\t\t<div class=\"elementor-gallery-item__overlay\"><\/div>\n\t\t\t\t\t\t\t\t\t\t\t\t\t\t<\/a>\n\t\t\t\t\t\t\t<a class=\"e-gallery-item elementor-gallery-item elementor-animated-content\" href=\"https:\/\/alisonandreistudio.com\/wp-content\/uploads\/2026\/04\/Captura-de-tela-2026-04-19-202917.png\" data-elementor-open-lightbox=\"yes\" data-elementor-lightbox-slideshow=\"556fbcc\" data-e-action-hash=\"#elementor-action%3Aaction%3Dlightbox%26settings%3DeyJpZCI6MjQ3NCwidXJsIjoiaHR0cHM6XC9cL2FsaXNvbmFuZHJlaXN0dWRpby5jb21cL3dwLWNvbnRlbnRcL3VwbG9hZHNcLzIwMjZcLzA0XC9DYXB0dXJhLWRlLXRlbGEtMjAyNi0wNC0xOS0yMDI5MTcucG5nIiwic2xpZGVzaG93IjoiNTU2ZmJjYyJ9\">\n\t\t\t\t\t<div class=\"e-gallery-image elementor-gallery-item__image\" data-thumbnail=\"https:\/\/alisonandreistudio.com\/wp-content\/uploads\/2026\/04\/Captura-de-tela-2026-04-19-202917.png\" data-width=\"1250\" data-height=\"624\" aria-label=\"\" role=\"img\" ><\/div>\n\t\t\t\t\t\t\t\t\t\t\t<div class=\"elementor-gallery-item__overlay\"><\/div>\n\t\t\t\t\t\t\t\t\t\t\t\t\t\t<\/a>\n\t\t\t\t\t\t\t<a class=\"e-gallery-item elementor-gallery-item elementor-animated-content\" href=\"https:\/\/alisonandreistudio.com\/wp-content\/uploads\/2026\/04\/Captura-de-tela-2026-04-19-202928.png\" data-elementor-open-lightbox=\"yes\" data-elementor-lightbox-slideshow=\"556fbcc\" data-e-action-hash=\"#elementor-action%3Aaction%3Dlightbox%26settings%3DeyJpZCI6MjQ3NSwidXJsIjoiaHR0cHM6XC9cL2FsaXNvbmFuZHJlaXN0dWRpby5jb21cL3dwLWNvbnRlbnRcL3VwbG9hZHNcLzIwMjZcLzA0XC9DYXB0dXJhLWRlLXRlbGEtMjAyNi0wNC0xOS0yMDI5MjgucG5nIiwic2xpZGVzaG93IjoiNTU2ZmJjYyJ9\">\n\t\t\t\t\t<div class=\"e-gallery-image elementor-gallery-item__image\" data-thumbnail=\"https:\/\/alisonandreistudio.com\/wp-content\/uploads\/2026\/04\/Captura-de-tela-2026-04-19-202928.png\" data-width=\"1254\" data-height=\"791\" aria-label=\"\" role=\"img\" ><\/div>\n\t\t\t\t\t\t\t\t\t\t\t<div class=\"elementor-gallery-item__overlay\"><\/div>\n\t\t\t\t\t\t\t\t\t\t\t\t\t\t<\/a>\n\t\t\t\t\t<\/div>\n\t\t\t\t\t<\/div>\n\t\t\t\t<\/div>\n\t\t\t\t\t<\/div>\n\t\t\t\t<\/div>\n\t\t<div class=\"elementor-element elementor-element-9c5e52e e-flex e-con-boxed e-con e-parent\" data-id=\"9c5e52e\" data-element_type=\"container\" data-e-type=\"container\">\n\t\t\t\t\t<div class=\"e-con-inner\">\n\t\t\t\t<div class=\"elementor-element elementor-element-0b019e1 elementor-widget elementor-widget-heading\" data-id=\"0b019e1\" data-element_type=\"widget\" data-e-type=\"widget\" data-widget_type=\"heading.default\">\n\t\t\t\t<div class=\"elementor-widget-container\">\n\t\t\t\t\t<h2 class=\"elementor-heading-title elementor-size-default\">Editorial<\/h2>\t\t\t\t<\/div>\n\t\t\t\t<\/div>\n\t\t\t\t<div class=\"elementor-element elementor-element-567d792 elementor-widget elementor-widget-text-editor\" data-id=\"567d792\" data-element_type=\"widget\" data-e-type=\"widget\" data-widget_type=\"text-editor.default\">\n\t\t\t\t<div class=\"elementor-widget-container\">\n\t\t\t\t\t\t\t\t\t<p>Al\u00e9m da identidade visual, o projeto incluiu dire\u00e7\u00e3o de arte, capa e diagrama\u00e7\u00e3o integral do ebook institucional.<\/p>\t\t\t\t\t\t\t\t<\/div>\n\t\t\t\t<\/div>\n\t\t\t\t<div class=\"elementor-element elementor-element-efa355c elementor-widget elementor-widget-image\" data-id=\"efa355c\" data-element_type=\"widget\" data-e-type=\"widget\" data-widget_type=\"image.default\">\n\t\t\t\t<div class=\"elementor-widget-container\">\n\t\t\t\t\t\t\t\t\t\t\t\t\t\t\t<img decoding=\"async\" width=\"1000\" height=\"665\" src=\"https:\/\/alisonandreistudio.com\/wp-content\/uploads\/2026\/04\/Ativo-9-copiar-3.webp\" class=\"attachment-full size-full wp-image-2461\" alt=\"\" srcset=\"https:\/\/alisonandreistudio.com\/wp-content\/uploads\/2026\/04\/Ativo-9-copiar-3.webp 1000w, https:\/\/alisonandreistudio.com\/wp-content\/uploads\/2026\/04\/Ativo-9-copiar-3-300x200.webp 300w, https:\/\/alisonandreistudio.com\/wp-content\/uploads\/2026\/04\/Ativo-9-copiar-3-768x511.webp 768w, https:\/\/alisonandreistudio.com\/wp-content\/uploads\/2026\/04\/Ativo-9-copiar-3-18x12.webp 18w, https:\/\/alisonandreistudio.com\/wp-content\/uploads\/2026\/04\/Ativo-9-copiar-3-800x532.webp 800w\" sizes=\"(max-width: 1000px) 100vw, 1000px\" \/>\t\t\t\t\t\t\t\t\t\t\t\t\t\t\t<\/div>\n\t\t\t\t<\/div>\n\t\t\t\t<div class=\"elementor-element elementor-element-d00a424 elementor-widget elementor-widget-heading\" data-id=\"d00a424\" data-element_type=\"widget\" data-e-type=\"widget\" data-widget_type=\"heading.default\">\n\t\t\t\t<div class=\"elementor-widget-container\">\n\t\t\t\t\t<h2 class=\"elementor-heading-title elementor-size-default\">Aplica\u00e7\u00f5es<\/h2>\t\t\t\t<\/div>\n\t\t\t\t<\/div>\n\t\t\t\t<div class=\"elementor-element elementor-element-d8219ba elementor-widget elementor-widget-text-editor\" data-id=\"d8219ba\" data-element_type=\"widget\" data-e-type=\"widget\" data-widget_type=\"text-editor.default\">\n\t\t\t\t<div class=\"elementor-widget-container\">\n\t\t\t\t\t\t\t\t\t<p>Um projeto completo de comunica\u00e7\u00e3o, unindo branding, publica\u00e7\u00e3o editorial e materiais promocionais.<\/p>\t\t\t\t\t\t\t\t<\/div>\n\t\t\t\t<\/div>\n\t\t\t\t<div class=\"elementor-element elementor-element-3a64750 elementor-widget elementor-widget-gallery\" data-id=\"3a64750\" data-element_type=\"widget\" data-e-type=\"widget\" data-settings=\"{&quot;columns&quot;:3,&quot;lazyload&quot;:&quot;yes&quot;,&quot;gallery_layout&quot;:&quot;grid&quot;,&quot;columns_tablet&quot;:2,&quot;columns_mobile&quot;:1,&quot;gap&quot;:{&quot;unit&quot;:&quot;px&quot;,&quot;size&quot;:10,&quot;sizes&quot;:[]},&quot;gap_tablet&quot;:{&quot;unit&quot;:&quot;px&quot;,&quot;size&quot;:10,&quot;sizes&quot;:[]},&quot;gap_mobile&quot;:{&quot;unit&quot;:&quot;px&quot;,&quot;size&quot;:10,&quot;sizes&quot;:[]},&quot;link_to&quot;:&quot;file&quot;,&quot;aspect_ratio&quot;:&quot;3:2&quot;,&quot;overlay_background&quot;:&quot;yes&quot;,&quot;content_hover_animation&quot;:&quot;fade-in&quot;}\" data-widget_type=\"gallery.default\">\n\t\t\t\t<div class=\"elementor-widget-container\">\n\t\t\t\t\t\t\t<div class=\"elementor-gallery__container\">\n\t\t\t\t\t\t\t<a class=\"e-gallery-item elementor-gallery-item elementor-animated-content\" href=\"https:\/\/alisonandreistudio.com\/wp-content\/uploads\/2026\/04\/pin7-copiar-2.webp\" data-elementor-open-lightbox=\"yes\" data-elementor-lightbox-slideshow=\"3a64750\" data-e-action-hash=\"#elementor-action%3Aaction%3Dlightbox%26settings%3DeyJpZCI6MjI4MiwidXJsIjoiaHR0cHM6XC9cL2FsaXNvbmFuZHJlaXN0dWRpby5jb21cL3dwLWNvbnRlbnRcL3VwbG9hZHNcLzIwMjZcLzA0XC9waW43LWNvcGlhci0yLndlYnAiLCJzbGlkZXNob3ciOiIzYTY0NzUwIn0%3D\">\n\t\t\t\t\t<div class=\"e-gallery-image elementor-gallery-item__image\" data-thumbnail=\"https:\/\/alisonandreistudio.com\/wp-content\/uploads\/2026\/04\/pin7-copiar-2.webp\" data-width=\"800\" data-height=\"600\" aria-label=\"\" role=\"img\" ><\/div>\n\t\t\t\t\t\t\t\t\t\t\t<div class=\"elementor-gallery-item__overlay\"><\/div>\n\t\t\t\t\t\t\t\t\t\t\t\t\t\t<\/a>\n\t\t\t\t\t\t\t<a class=\"e-gallery-item elementor-gallery-item elementor-animated-content\" href=\"https:\/\/alisonandreistudio.com\/wp-content\/uploads\/2026\/04\/WhatsApp-Image-2025-08-05-at-00.45.01-copiar.webp\" data-elementor-open-lightbox=\"yes\" data-elementor-lightbox-slideshow=\"3a64750\" data-e-action-hash=\"#elementor-action%3Aaction%3Dlightbox%26settings%3DeyJpZCI6MjQ3OCwidXJsIjoiaHR0cHM6XC9cL2FsaXNvbmFuZHJlaXN0dWRpby5jb21cL3dwLWNvbnRlbnRcL3VwbG9hZHNcLzIwMjZcLzA0XC9XaGF0c0FwcC1JbWFnZS0yMDI1LTA4LTA1LWF0LTAwLjQ1LjAxLWNvcGlhci53ZWJwIiwic2xpZGVzaG93IjoiM2E2NDc1MCJ9\">\n\t\t\t\t\t<div class=\"e-gallery-image elementor-gallery-item__image\" data-thumbnail=\"https:\/\/alisonandreistudio.com\/wp-content\/uploads\/2026\/04\/WhatsApp-Image-2025-08-05-at-00.45.01-copiar.webp\" data-width=\"1000\" data-height=\"662\" aria-label=\"\" role=\"img\" ><\/div>\n\t\t\t\t\t\t\t\t\t\t\t<div class=\"elementor-gallery-item__overlay\"><\/div>\n\t\t\t\t\t\t\t\t\t\t\t\t\t\t<\/a>\n\t\t\t\t\t\t\t<a class=\"e-gallery-item elementor-gallery-item elementor-animated-content\" href=\"https:\/\/alisonandreistudio.com\/wp-content\/uploads\/2026\/04\/Captura-de-tela-2025-08-06-153644-copiar.webp\" data-elementor-open-lightbox=\"yes\" data-elementor-lightbox-slideshow=\"3a64750\" data-e-action-hash=\"#elementor-action%3Aaction%3Dlightbox%26settings%3DeyJpZCI6MjQ3OSwidXJsIjoiaHR0cHM6XC9cL2FsaXNvbmFuZHJlaXN0dWRpby5jb21cL3dwLWNvbnRlbnRcL3VwbG9hZHNcLzIwMjZcLzA0XC9DYXB0dXJhLWRlLXRlbGEtMjAyNS0wOC0wNi0xNTM2NDQtY29waWFyLndlYnAiLCJzbGlkZXNob3ciOiIzYTY0NzUwIn0%3D\">\n\t\t\t\t\t<div class=\"e-gallery-image elementor-gallery-item__image\" data-thumbnail=\"https:\/\/alisonandreistudio.com\/wp-content\/uploads\/2026\/04\/Captura-de-tela-2025-08-06-153644-copiar.webp\" data-width=\"1000\" data-height=\"735\" aria-label=\"\" role=\"img\" ><\/div>\n\t\t\t\t\t\t\t\t\t\t\t<div class=\"elementor-gallery-item__overlay\"><\/div>\n\t\t\t\t\t\t\t\t\t\t\t\t\t\t<\/a>\n\t\t\t\t\t<\/div>\n\t\t\t\t\t<\/div>\n\t\t\t\t<\/div>\n\t\t\t\t\t<\/div>\n\t\t\t\t<\/div>\n\t\t\t\t<\/div>","protected":false},"excerpt":{"rendered":"<p>Desenvolvimento de identidade visual para projeto social voltado \u00e0 Terapia Comunit\u00e1ria Integrativa, conectando escuta, cuidado e transforma\u00e7\u00e3o em rede. Desafio Criar uma marca contempor\u00e2nea e acolhedora para uma iniciativa social que atua em diferentes territ\u00f3rios e contextos, unindo inova\u00e7\u00e3o, pessoas e impacto coletivo. Conceito Criativo O s\u00edmbolo central utiliza o caractere @ como met\u00e1fora visual [&hellip;]<\/p>","protected":false},"author":1,"featured_media":2467,"parent":0,"menu_order":0,"comment_status":"closed","ping_status":"closed","template":"","meta":{"footnotes":""},"class_list":["post-2458","page","type-page","status-publish","has-post-thumbnail","hentry"],"_links":{"self":[{"href":"https:\/\/alisonandreistudio.com\/en\/wp-json\/wp\/v2\/pages\/2458","targetHints":{"allow":["GET"]}}],"collection":[{"href":"https:\/\/alisonandreistudio.com\/en\/wp-json\/wp\/v2\/pages"}],"about":[{"href":"https:\/\/alisonandreistudio.com\/en\/wp-json\/wp\/v2\/types\/page"}],"author":[{"embeddable":true,"href":"https:\/\/alisonandreistudio.com\/en\/wp-json\/wp\/v2\/users\/1"}],"replies":[{"embeddable":true,"href":"https:\/\/alisonandreistudio.com\/en\/wp-json\/wp\/v2\/comments?post=2458"}],"version-history":[{"count":7,"href":"https:\/\/alisonandreistudio.com\/en\/wp-json\/wp\/v2\/pages\/2458\/revisions"}],"predecessor-version":[{"id":2483,"href":"https:\/\/alisonandreistudio.com\/en\/wp-json\/wp\/v2\/pages\/2458\/revisions\/2483"}],"wp:featuredmedia":[{"embeddable":true,"href":"https:\/\/alisonandreistudio.com\/en\/wp-json\/wp\/v2\/media\/2467"}],"wp:attachment":[{"href":"https:\/\/alisonandreistudio.com\/en\/wp-json\/wp\/v2\/media?parent=2458"}],"curies":[{"name":"wp","href":"https:\/\/api.w.org\/{rel}","templated":true}]}}