{"id":2362,"date":"2026-04-17T19:14:58","date_gmt":"2026-04-17T19:14:58","guid":{"rendered":"https:\/\/alisonandreistudio.com\/?page_id=2362"},"modified":"2026-04-17T19:26:38","modified_gmt":"2026-04-17T19:26:38","slug":"walmor-dercy-ilustracao-para-estampa","status":"publish","type":"page","link":"https:\/\/alisonandreistudio.com\/en\/walmor-dercy-ilustracao-para-estampa\/","title":{"rendered":"Walmor &amp; Dercy \u2014 Ilustra\u00e7\u00e3o para estampa"},"content":{"rendered":"<div data-elementor-type=\"wp-page\" data-elementor-id=\"2362\" class=\"elementor elementor-2362\" data-elementor-post-type=\"page\">\n\t\t\t\t<div class=\"elementor-element elementor-element-ea8aab3 e-flex e-con-boxed e-con e-parent\" data-id=\"ea8aab3\" data-element_type=\"container\" data-e-type=\"container\">\n\t\t\t\t\t<div class=\"e-con-inner\">\n\t\t\t\t<div class=\"elementor-element elementor-element-4754c0c elementor-widget elementor-widget-text-editor\" data-id=\"4754c0c\" data-element_type=\"widget\" data-e-type=\"widget\" data-widget_type=\"text-editor.default\">\n\t\t\t\t<div class=\"elementor-widget-container\">\n\t\t\t\t\t\t\t\t\t<p data-start=\"305\" data-end=\"431\">O projeto surgiu a partir de uma ilustra\u00e7\u00e3o autoral que publiquei nas redes sociais, retratando o comediante Rafinha Bastos.<\/p><p data-start=\"438\" data-end=\"570\">Ap\u00f3s a repercuss\u00e3o, fui convidado pelo pr\u00f3prio artista para desenvolver uma vers\u00e3o oficial da arte, que foi aplicada em camisetas.<\/p><p data-start=\"577\" data-end=\"662\">As pe\u00e7as foram utilizadas em uma a\u00e7\u00e3o com o p\u00fablico, incluindo um concurso entre f\u00e3s.<\/p>\t\t\t\t\t\t\t\t<\/div>\n\t\t\t\t<\/div>\n\t\t\t\t<div class=\"elementor-element elementor-element-c04c52b elementor-widget elementor-widget-image\" data-id=\"c04c52b\" data-element_type=\"widget\" data-e-type=\"widget\" data-widget_type=\"image.default\">\n\t\t\t\t<div class=\"elementor-widget-container\">\n\t\t\t\t\t\t\t\t\t\t\t\t\t\t\t<img fetchpriority=\"high\" decoding=\"async\" width=\"630\" height=\"460\" src=\"https:\/\/alisonandreistudio.com\/wp-content\/uploads\/2026\/04\/e377999696514b7d1ab22f66_rw_1200-copiar.webp\" class=\"attachment-full size-full wp-image-2364\" alt=\"\" srcset=\"https:\/\/alisonandreistudio.com\/wp-content\/uploads\/2026\/04\/e377999696514b7d1ab22f66_rw_1200-copiar.webp 630w, https:\/\/alisonandreistudio.com\/wp-content\/uploads\/2026\/04\/e377999696514b7d1ab22f66_rw_1200-copiar-300x219.webp 300w, https:\/\/alisonandreistudio.com\/wp-content\/uploads\/2026\/04\/e377999696514b7d1ab22f66_rw_1200-copiar-16x12.webp 16w\" sizes=\"(max-width: 630px) 100vw, 630px\" \/>\t\t\t\t\t\t\t\t\t\t\t\t\t\t\t<\/div>\n\t\t\t\t<\/div>\n\t\t\t\t\t<\/div>\n\t\t\t\t<\/div>\n\t\t<div class=\"elementor-element elementor-element-fe84673 e-flex e-con-boxed e-con e-parent\" data-id=\"fe84673\" data-element_type=\"container\" data-e-type=\"container\">\n\t\t\t\t\t<div class=\"e-con-inner\">\n\t\t\t\t<div class=\"elementor-element elementor-element-026937d elementor-widget__width-initial elementor-widget elementor-widget-image\" data-id=\"026937d\" data-element_type=\"widget\" data-e-type=\"widget\" data-widget_type=\"image.default\">\n\t\t\t\t<div class=\"elementor-widget-container\">\n\t\t\t\t\t\t\t\t\t\t\t\t\t\t\t<img decoding=\"async\" width=\"667\" height=\"1000\" src=\"https:\/\/alisonandreistudio.com\/wp-content\/uploads\/2026\/04\/8601615-copiar.webp\" class=\"attachment-full size-full wp-image-2367\" alt=\"\" srcset=\"https:\/\/alisonandreistudio.com\/wp-content\/uploads\/2026\/04\/8601615-copiar.webp 667w, https:\/\/alisonandreistudio.com\/wp-content\/uploads\/2026\/04\/8601615-copiar-200x300.webp 200w, https:\/\/alisonandreistudio.com\/wp-content\/uploads\/2026\/04\/8601615-copiar-8x12.webp 8w\" sizes=\"(max-width: 667px) 100vw, 667px\" \/>\t\t\t\t\t\t\t\t\t\t\t\t\t\t\t<\/div>\n\t\t\t\t<\/div>\n\t\t\t\t<div class=\"elementor-element elementor-element-a19a64e elementor-widget elementor-widget-image\" data-id=\"a19a64e\" data-element_type=\"widget\" data-e-type=\"widget\" data-widget_type=\"image.default\">\n\t\t\t\t<div class=\"elementor-widget-container\">\n\t\t\t\t\t\t\t\t\t\t\t\t\t\t\t<img decoding=\"async\" width=\"630\" height=\"516\" src=\"https:\/\/alisonandreistudio.com\/wp-content\/uploads\/2026\/04\/696381efce7a2a3fa8567db5_rw_1200-copiar.webp\" class=\"attachment-full size-full wp-image-2366\" alt=\"\" srcset=\"https:\/\/alisonandreistudio.com\/wp-content\/uploads\/2026\/04\/696381efce7a2a3fa8567db5_rw_1200-copiar.webp 630w, https:\/\/alisonandreistudio.com\/wp-content\/uploads\/2026\/04\/696381efce7a2a3fa8567db5_rw_1200-copiar-300x246.webp 300w, https:\/\/alisonandreistudio.com\/wp-content\/uploads\/2026\/04\/696381efce7a2a3fa8567db5_rw_1200-copiar-15x12.webp 15w\" sizes=\"(max-width: 630px) 100vw, 630px\" \/>\t\t\t\t\t\t\t\t\t\t\t\t\t\t\t<\/div>\n\t\t\t\t<\/div>\n\t\t\t\t\t<\/div>\n\t\t\t\t<\/div>\n\t\t<div class=\"elementor-element elementor-element-fef4384 e-flex e-con-boxed e-con e-parent\" data-id=\"fef4384\" data-element_type=\"container\" data-e-type=\"container\">\n\t\t\t\t\t<div class=\"e-con-inner\">\n\t\t\t\t<div class=\"elementor-element elementor-element-a890263 elementor-widget elementor-widget-image\" data-id=\"a890263\" data-element_type=\"widget\" data-e-type=\"widget\" data-widget_type=\"image.default\">\n\t\t\t\t<div class=\"elementor-widget-container\">\n\t\t\t\t\t\t\t\t\t\t\t\t\t\t\t<img loading=\"lazy\" decoding=\"async\" width=\"372\" height=\"372\" src=\"https:\/\/alisonandreistudio.com\/wp-content\/uploads\/2026\/04\/a30774588e53686a33a254e3_rw_600-copiar.webp\" class=\"attachment-full size-full wp-image-2365\" alt=\"\" srcset=\"https:\/\/alisonandreistudio.com\/wp-content\/uploads\/2026\/04\/a30774588e53686a33a254e3_rw_600-copiar.webp 372w, https:\/\/alisonandreistudio.com\/wp-content\/uploads\/2026\/04\/a30774588e53686a33a254e3_rw_600-copiar-300x300.webp 300w, https:\/\/alisonandreistudio.com\/wp-content\/uploads\/2026\/04\/a30774588e53686a33a254e3_rw_600-copiar-150x150.webp 150w, https:\/\/alisonandreistudio.com\/wp-content\/uploads\/2026\/04\/a30774588e53686a33a254e3_rw_600-copiar-12x12.webp 12w\" sizes=\"(max-width: 372px) 100vw, 372px\" \/>\t\t\t\t\t\t\t\t\t\t\t\t\t\t\t<\/div>\n\t\t\t\t<\/div>\n\t\t\t\t\t<\/div>\n\t\t\t\t<\/div>\n\t\t\t\t<\/div>","protected":false},"excerpt":{"rendered":"<p>O projeto surgiu a partir de uma ilustra\u00e7\u00e3o autoral que publiquei nas redes sociais, retratando o comediante Rafinha Bastos. Ap\u00f3s a repercuss\u00e3o, fui convidado pelo pr\u00f3prio artista para desenvolver uma vers\u00e3o oficial da arte, que foi aplicada em camisetas. As pe\u00e7as foram utilizadas em uma a\u00e7\u00e3o com o p\u00fablico, incluindo um concurso entre f\u00e3s.<\/p>","protected":false},"author":1,"featured_media":2367,"parent":0,"menu_order":0,"comment_status":"closed","ping_status":"closed","template":"","meta":{"footnotes":""},"class_list":["post-2362","page","type-page","status-publish","has-post-thumbnail","hentry"],"_links":{"self":[{"href":"https:\/\/alisonandreistudio.com\/en\/wp-json\/wp\/v2\/pages\/2362","targetHints":{"allow":["GET"]}}],"collection":[{"href":"https:\/\/alisonandreistudio.com\/en\/wp-json\/wp\/v2\/pages"}],"about":[{"href":"https:\/\/alisonandreistudio.com\/en\/wp-json\/wp\/v2\/types\/page"}],"author":[{"embeddable":true,"href":"https:\/\/alisonandreistudio.com\/en\/wp-json\/wp\/v2\/users\/1"}],"replies":[{"embeddable":true,"href":"https:\/\/alisonandreistudio.com\/en\/wp-json\/wp\/v2\/comments?post=2362"}],"version-history":[{"count":4,"href":"https:\/\/alisonandreistudio.com\/en\/wp-json\/wp\/v2\/pages\/2362\/revisions"}],"predecessor-version":[{"id":2370,"href":"https:\/\/alisonandreistudio.com\/en\/wp-json\/wp\/v2\/pages\/2362\/revisions\/2370"}],"wp:featuredmedia":[{"embeddable":true,"href":"https:\/\/alisonandreistudio.com\/en\/wp-json\/wp\/v2\/media\/2367"}],"wp:attachment":[{"href":"https:\/\/alisonandreistudio.com\/en\/wp-json\/wp\/v2\/media?parent=2362"}],"curies":[{"name":"wp","href":"https:\/\/api.w.org\/{rel}","templated":true}]}}