{"id":1582,"date":"2025-07-18T02:50:23","date_gmt":"2025-07-18T02:50:23","guid":{"rendered":"https:\/\/alisonandreistudio.com\/?page_id=1582"},"modified":"2026-04-17T01:21:28","modified_gmt":"2026-04-17T01:21:28","slug":"centro-europeu-campanha-cursos-de-idiomas","status":"publish","type":"page","link":"https:\/\/alisonandreistudio.com\/en\/centro-europeu-campanha-cursos-de-idiomas\/","title":{"rendered":"Centro Europeu \u2014 Campanha de idiomas"},"content":{"rendered":"<div data-elementor-type=\"wp-page\" data-elementor-id=\"1582\" class=\"elementor elementor-1582\" data-elementor-post-type=\"page\">\n\t\t\t\t<div class=\"elementor-element elementor-element-bbdb7c8 e-flex e-con-boxed e-con e-parent\" data-id=\"bbdb7c8\" data-element_type=\"container\" data-e-type=\"container\">\n\t\t\t\t\t<div class=\"e-con-inner\">\n\t\t\t\t<div class=\"elementor-element elementor-element-da676fe elementor-widget elementor-widget-text-editor\" data-id=\"da676fe\" data-element_type=\"widget\" data-e-type=\"widget\" data-widget_type=\"text-editor.default\">\n\t\t\t\t<div class=\"elementor-widget-container\">\n\t\t\t\t\t\t\t\t\t<p>Campanha criada para comunicar o diferencial das aulas personalizadas da escola, utilizando o conceito de \u201caula gourmet\u201d como linguagem visual e narrativa.<\/p><p data-start=\"1439\" data-end=\"1602\">A escola buscava destacar seu modelo de ensino personalizado em um mercado altamente competitivo, onde cursos de idiomas tendem a se comunicar de forma semelhante.<\/p><p data-start=\"1669\" data-end=\"1837\">A solu\u00e7\u00e3o foi traduzir o conceito de personaliza\u00e7\u00e3o atrav\u00e9s da met\u00e1fora da gastronomia, associando o aprendizado a algo feito sob medida \u2014 como uma experi\u00eancia gourmet.<\/p><p data-start=\"1880\" data-end=\"2033\">A campanha foi desenvolvida em diferentes varia\u00e7\u00f5es visuais, explorando idiomas distintos e refor\u00e7ando a ideia de escolha e adapta\u00e7\u00e3o ao perfil do aluno.\u00a0<\/p>\t\t\t\t\t\t\t\t<\/div>\n\t\t\t\t<\/div>\n\t\t\t\t\t<\/div>\n\t\t\t\t<\/div>\n\t\t<div class=\"elementor-element elementor-element-f1cacf2 e-flex e-con-boxed e-con e-parent\" data-id=\"f1cacf2\" data-element_type=\"container\" data-e-type=\"container\">\n\t\t\t\t\t<div class=\"e-con-inner\">\n\t\t\t\t<div class=\"elementor-element elementor-element-105363d elementor-widget elementor-widget-gallery\" data-id=\"105363d\" data-element_type=\"widget\" data-e-type=\"widget\" data-settings=\"{&quot;gallery_layout&quot;:&quot;masonry&quot;,&quot;columns&quot;:2,&quot;lazyload&quot;:&quot;yes&quot;,&quot;columns_tablet&quot;:2,&quot;columns_mobile&quot;:1,&quot;gap&quot;:{&quot;unit&quot;:&quot;px&quot;,&quot;size&quot;:10,&quot;sizes&quot;:[]},&quot;gap_tablet&quot;:{&quot;unit&quot;:&quot;px&quot;,&quot;size&quot;:10,&quot;sizes&quot;:[]},&quot;gap_mobile&quot;:{&quot;unit&quot;:&quot;px&quot;,&quot;size&quot;:10,&quot;sizes&quot;:[]},&quot;link_to&quot;:&quot;file&quot;,&quot;overlay_background&quot;:&quot;yes&quot;,&quot;content_hover_animation&quot;:&quot;fade-in&quot;}\" data-widget_type=\"gallery.default\">\n\t\t\t\t<div class=\"elementor-widget-container\">\n\t\t\t\t\t\t\t<div class=\"elementor-gallery__container\">\n\t\t\t\t\t\t\t<a class=\"e-gallery-item elementor-gallery-item elementor-animated-content\" href=\"https:\/\/alisonandreistudio.com\/wp-content\/uploads\/2025\/07\/10924933-1659-4a65-8ebc-d86bec37763e_rw_1920.png\" data-elementor-open-lightbox=\"yes\" data-elementor-lightbox-slideshow=\"105363d\" data-e-action-hash=\"#elementor-action%3Aaction%3Dlightbox%26settings%3DeyJpZCI6MTU4OCwidXJsIjoiaHR0cHM6XC9cL2FsaXNvbmFuZHJlaXN0dWRpby5jb21cL3dwLWNvbnRlbnRcL3VwbG9hZHNcLzIwMjVcLzA3XC8xMDkyNDkzMy0xNjU5LTRhNjUtOGViYy1kODZiZWMzNzc2M2VfcndfMTkyMC5wbmciLCJzbGlkZXNob3ciOiIxMDUzNjNkIn0%3D\">\n\t\t\t\t\t<div class=\"e-gallery-image elementor-gallery-item__image\" data-thumbnail=\"https:\/\/alisonandreistudio.com\/wp-content\/uploads\/2025\/07\/10924933-1659-4a65-8ebc-d86bec37763e_rw_1920.png\" data-width=\"707\" data-height=\"1000\" aria-label=\"\" role=\"img\" ><\/div>\n\t\t\t\t\t\t\t\t\t\t\t<div class=\"elementor-gallery-item__overlay\"><\/div>\n\t\t\t\t\t\t\t\t\t\t\t\t\t\t<\/a>\n\t\t\t\t\t\t\t<a class=\"e-gallery-item elementor-gallery-item elementor-animated-content\" href=\"https:\/\/alisonandreistudio.com\/wp-content\/uploads\/2025\/07\/3d4da8ae-9a0d-408a-9496-ba17d3b9dc29_rw_1920.png\" data-elementor-open-lightbox=\"yes\" data-elementor-lightbox-slideshow=\"105363d\" data-e-action-hash=\"#elementor-action%3Aaction%3Dlightbox%26settings%3DeyJpZCI6MTU4NiwidXJsIjoiaHR0cHM6XC9cL2FsaXNvbmFuZHJlaXN0dWRpby5jb21cL3dwLWNvbnRlbnRcL3VwbG9hZHNcLzIwMjVcLzA3XC8zZDRkYThhZS05YTBkLTQwOGEtOTQ5Ni1iYTE3ZDNiOWRjMjlfcndfMTkyMC5wbmciLCJzbGlkZXNob3ciOiIxMDUzNjNkIn0%3D\">\n\t\t\t\t\t<div class=\"e-gallery-image elementor-gallery-item__image\" data-thumbnail=\"https:\/\/alisonandreistudio.com\/wp-content\/uploads\/2025\/07\/3d4da8ae-9a0d-408a-9496-ba17d3b9dc29_rw_1920.png\" data-width=\"707\" data-height=\"1000\" aria-label=\"\" role=\"img\" ><\/div>\n\t\t\t\t\t\t\t\t\t\t\t<div class=\"elementor-gallery-item__overlay\"><\/div>\n\t\t\t\t\t\t\t\t\t\t\t\t\t\t<\/a>\n\t\t\t\t\t\t\t<a class=\"e-gallery-item elementor-gallery-item elementor-animated-content\" href=\"https:\/\/alisonandreistudio.com\/wp-content\/uploads\/2025\/07\/19a65446-e430-46f7-8fb5-acd1ff199c89_rw_1920.png\" data-elementor-open-lightbox=\"yes\" data-elementor-lightbox-slideshow=\"105363d\" data-e-action-hash=\"#elementor-action%3Aaction%3Dlightbox%26settings%3DeyJpZCI6MTU4NywidXJsIjoiaHR0cHM6XC9cL2FsaXNvbmFuZHJlaXN0dWRpby5jb21cL3dwLWNvbnRlbnRcL3VwbG9hZHNcLzIwMjVcLzA3XC8xOWE2NTQ0Ni1lNDMwLTQ2ZjctOGZiNS1hY2QxZmYxOTljODlfcndfMTkyMC5wbmciLCJzbGlkZXNob3ciOiIxMDUzNjNkIn0%3D\">\n\t\t\t\t\t<div class=\"e-gallery-image elementor-gallery-item__image\" data-thumbnail=\"https:\/\/alisonandreistudio.com\/wp-content\/uploads\/2025\/07\/19a65446-e430-46f7-8fb5-acd1ff199c89_rw_1920.png\" data-width=\"707\" data-height=\"1000\" aria-label=\"\" role=\"img\" ><\/div>\n\t\t\t\t\t\t\t\t\t\t\t<div class=\"elementor-gallery-item__overlay\"><\/div>\n\t\t\t\t\t\t\t\t\t\t\t\t\t\t<\/a>\n\t\t\t\t\t\t\t<a class=\"e-gallery-item elementor-gallery-item elementor-animated-content\" href=\"https:\/\/alisonandreistudio.com\/wp-content\/uploads\/2025\/07\/bacb7317-eb96-4b39-8327-0114bf06c324_rw_1920.png\" data-elementor-open-lightbox=\"yes\" data-elementor-lightbox-slideshow=\"105363d\" data-e-action-hash=\"#elementor-action%3Aaction%3Dlightbox%26settings%3DeyJpZCI6MTU4NSwidXJsIjoiaHR0cHM6XC9cL2FsaXNvbmFuZHJlaXN0dWRpby5jb21cL3dwLWNvbnRlbnRcL3VwbG9hZHNcLzIwMjVcLzA3XC9iYWNiNzMxNy1lYjk2LTRiMzktODMyNy0wMTE0YmYwNmMzMjRfcndfMTkyMC5wbmciLCJzbGlkZXNob3ciOiIxMDUzNjNkIn0%3D\">\n\t\t\t\t\t<div class=\"e-gallery-image elementor-gallery-item__image\" data-thumbnail=\"https:\/\/alisonandreistudio.com\/wp-content\/uploads\/2025\/07\/bacb7317-eb96-4b39-8327-0114bf06c324_rw_1920.png\" data-width=\"707\" data-height=\"1000\" aria-label=\"\" role=\"img\" ><\/div>\n\t\t\t\t\t\t\t\t\t\t\t<div class=\"elementor-gallery-item__overlay\"><\/div>\n\t\t\t\t\t\t\t\t\t\t\t\t\t\t<\/a>\n\t\t\t\t\t<\/div>\n\t\t\t\t\t<\/div>\n\t\t\t\t<\/div>\n\t\t\t\t\t<\/div>\n\t\t\t\t<\/div>\n\t\t<div class=\"elementor-element elementor-element-eb2d816 e-flex e-con-boxed e-con e-parent\" data-id=\"eb2d816\" data-element_type=\"container\" data-e-type=\"container\">\n\t\t\t\t\t<div class=\"e-con-inner\">\n\t\t<div class=\"elementor-element elementor-element-1a8f393 e-con-full e-flex e-con e-child\" data-id=\"1a8f393\" data-element_type=\"container\" data-e-type=\"container\">\n\t\t\t\t<div class=\"elementor-element elementor-element-2b3aea6 elementor-widget elementor-widget-heading\" data-id=\"2b3aea6\" data-element_type=\"widget\" data-e-type=\"widget\" data-widget_type=\"heading.default\">\n\t\t\t\t<div class=\"elementor-widget-container\">\n\t\t\t\t\t<h2 class=\"elementor-heading-title elementor-size-default\">Precisa desenvolver uma campanha com conceito forte e identidade visual consistente?<\/h2>\t\t\t\t<\/div>\n\t\t\t\t<\/div>\n\t\t\t\t<\/div>\n\t\t<div class=\"elementor-element elementor-element-e069276 e-con-full e-flex e-con e-child\" data-id=\"e069276\" data-element_type=\"container\" data-e-type=\"container\">\n\t\t\t\t<div class=\"elementor-element elementor-element-da752fe elementor-align-center elementor-widget elementor-widget-button\" data-id=\"da752fe\" data-element_type=\"widget\" data-e-type=\"widget\" data-widget_type=\"button.default\">\n\t\t\t\t<div class=\"elementor-widget-container\">\n\t\t\t\t\t\t\t\t\t<div class=\"elementor-button-wrapper\">\n\t\t\t\t\t<a class=\"elementor-button elementor-button-link elementor-size-sm\" href=\"https:\/\/api.whatsapp.com\/send\/?phone=5543998553056\" target=\"_blank\">\n\t\t\t\t\t\t<span class=\"elementor-button-content-wrapper\">\n\t\t\t\t\t\t\t\t\t<span class=\"elementor-button-text\">Get in touch<\/span>\n\t\t\t\t\t<\/span>\n\t\t\t\t\t<\/a>\n\t\t\t\t<\/div>\n\t\t\t\t\t\t\t\t<\/div>\n\t\t\t\t<\/div>\n\t\t\t\t<\/div>\n\t\t\t\t\t<\/div>\n\t\t\t\t<\/div>\n\t\t\t\t<\/div>","protected":false},"excerpt":{"rendered":"<p>Campanha criada para comunicar o diferencial das aulas personalizadas da escola.<\/p>","protected":false},"author":1,"featured_media":1588,"parent":0,"menu_order":0,"comment_status":"closed","ping_status":"closed","template":"","meta":{"footnotes":""},"class_list":["post-1582","page","type-page","status-publish","has-post-thumbnail","hentry"],"_links":{"self":[{"href":"https:\/\/alisonandreistudio.com\/en\/wp-json\/wp\/v2\/pages\/1582","targetHints":{"allow":["GET"]}}],"collection":[{"href":"https:\/\/alisonandreistudio.com\/en\/wp-json\/wp\/v2\/pages"}],"about":[{"href":"https:\/\/alisonandreistudio.com\/en\/wp-json\/wp\/v2\/types\/page"}],"author":[{"embeddable":true,"href":"https:\/\/alisonandreistudio.com\/en\/wp-json\/wp\/v2\/users\/1"}],"replies":[{"embeddable":true,"href":"https:\/\/alisonandreistudio.com\/en\/wp-json\/wp\/v2\/comments?post=1582"}],"version-history":[{"count":7,"href":"https:\/\/alisonandreistudio.com\/en\/wp-json\/wp\/v2\/pages\/1582\/revisions"}],"predecessor-version":[{"id":2301,"href":"https:\/\/alisonandreistudio.com\/en\/wp-json\/wp\/v2\/pages\/1582\/revisions\/2301"}],"wp:featuredmedia":[{"embeddable":true,"href":"https:\/\/alisonandreistudio.com\/en\/wp-json\/wp\/v2\/media\/1588"}],"wp:attachment":[{"href":"https:\/\/alisonandreistudio.com\/en\/wp-json\/wp\/v2\/media?parent=1582"}],"curies":[{"name":"wp","href":"https:\/\/api.w.org\/{rel}","templated":true}]}}