{"id":1478,"date":"2025-07-16T16:50:54","date_gmt":"2025-07-16T16:50:54","guid":{"rendered":"https:\/\/alisonandreistudio.com\/?page_id=1478"},"modified":"2026-04-17T02:57:43","modified_gmt":"2026-04-17T02:57:43","slug":"foxdog-greeting-cards","status":"publish","type":"page","link":"https:\/\/alisonandreistudio.com\/en\/foxdog-greeting-cards\/","title":{"rendered":"FoxDog Greeting Cards \u2014 Ilustra\u00e7\u00e3o editorial em escala internacional"},"content":{"rendered":"<div data-elementor-type=\"wp-page\" data-elementor-id=\"1478\" class=\"elementor elementor-1478\" data-elementor-post-type=\"page\">\n\t\t\t\t<div class=\"elementor-element elementor-element-4d0f18b e-flex e-con-boxed e-con e-parent\" data-id=\"4d0f18b\" data-element_type=\"container\" data-e-type=\"container\">\n\t\t\t\t\t<div class=\"e-con-inner\">\n\t\t<div class=\"elementor-element elementor-element-a356f66 e-con-full e-flex e-con e-child\" data-id=\"a356f66\" data-element_type=\"container\" data-e-type=\"container\">\n\t\t\t\t<div class=\"elementor-element elementor-element-67248a0 elementor-widget elementor-widget-text-editor\" data-id=\"67248a0\" data-element_type=\"widget\" data-e-type=\"widget\" data-widget_type=\"text-editor.default\">\n\t\t\t\t<div class=\"elementor-widget-container\">\n\t\t\t\t\t\t\t\t\t<p data-start=\"1007\" data-end=\"1184\">Em 2021, passei a integrar o time da FoxDog Greeting Cards, empresa sediada em Las Vegas (EUA), especializada na cria\u00e7\u00e3o de cart\u00f5es comemorativos para o mercado internacional.<\/p><p data-start=\"1191\" data-end=\"1318\">Atuei na cria\u00e7\u00e3o e ilustra\u00e7\u00e3o de diversos produtos, desenvolvendo pe\u00e7as para diferentes ocasi\u00f5es, p\u00fablicos e estilos visuais.<\/p><p data-start=\"1325\" data-end=\"1428\">O projeto exigia versatilidade criativa, leitura r\u00e1pida de briefing e adapta\u00e7\u00e3o constante de linguagem.<\/p><p data-start=\"1472\" data-end=\"1646\">Uma das diretrizes do projeto era n\u00e3o utilizar personagens humanos, o que direcionava as solu\u00e7\u00f5es para o uso de animais e objetos como protagonistas das narrativas visuais.<\/p><p data-start=\"1653\" data-end=\"1782\">Esse limite se tornou um exerc\u00edcio criativo constante, explorando humor, express\u00e3o e comunica\u00e7\u00e3o atrav\u00e9s de formas simplificadas.<\/p><p>A \u00fanica regra era &#8220;N\u00e3o desenhe pessoas&#8221;. Ent\u00e3o o exerc\u00edcio era desenvolver essas ilustra\u00e7\u00f5es em estilos diferentes, com layouts diferentes e sempre sendo animais ou objetos.<\/p><p data-start=\"1888\" data-end=\"2016\">Cada pe\u00e7a era pensada considerando contexto de uso, impacto visual no ponto de venda e clareza da mensagem em poucos segundos.<\/p><p data-start=\"2023\" data-end=\"2111\">O trabalho envolvia desde a cria\u00e7\u00e3o do conceito at\u00e9 a finaliza\u00e7\u00e3o pronta para impress\u00e3o.<\/p>\t\t\t\t\t\t\t\t<\/div>\n\t\t\t\t<\/div>\n\t\t\t\t<\/div>\n\t\t<div class=\"elementor-element elementor-element-643ca11 e-con-full e-flex e-con e-child\" data-id=\"643ca11\" data-element_type=\"container\" data-e-type=\"container\">\n\t\t\t\t<div class=\"elementor-element elementor-element-3dece21 elementor-widget elementor-widget-image\" data-id=\"3dece21\" data-element_type=\"widget\" data-e-type=\"widget\" data-widget_type=\"image.default\">\n\t\t\t\t<div class=\"elementor-widget-container\">\n\t\t\t\t\t\t\t\t\t\t\t\t\t\t\t<img fetchpriority=\"high\" decoding=\"async\" width=\"596\" height=\"648\" src=\"https:\/\/alisonandreistudio.com\/wp-content\/uploads\/2025\/07\/cbd86d28-27cf-450f-a8b5-9a7af29e4758_rw_1200.jpg\" class=\"attachment-large size-large wp-image-1495\" alt=\"\" srcset=\"https:\/\/alisonandreistudio.com\/wp-content\/uploads\/2025\/07\/cbd86d28-27cf-450f-a8b5-9a7af29e4758_rw_1200.jpg 596w, https:\/\/alisonandreistudio.com\/wp-content\/uploads\/2025\/07\/cbd86d28-27cf-450f-a8b5-9a7af29e4758_rw_1200-276x300.jpg 276w, https:\/\/alisonandreistudio.com\/wp-content\/uploads\/2025\/07\/cbd86d28-27cf-450f-a8b5-9a7af29e4758_rw_1200-11x12.jpg 11w\" sizes=\"(max-width: 596px) 100vw, 596px\" \/>\t\t\t\t\t\t\t\t\t\t\t\t\t\t\t<\/div>\n\t\t\t\t<\/div>\n\t\t\t\t<\/div>\n\t\t\t\t\t<\/div>\n\t\t\t\t<\/div>\n\t\t<div class=\"elementor-element elementor-element-76869c7 e-flex e-con-boxed e-con e-parent\" data-id=\"76869c7\" data-element_type=\"container\" data-e-type=\"container\">\n\t\t\t\t\t<div class=\"e-con-inner\">\n\t\t\t\t<div class=\"elementor-element elementor-element-6da7609 elementor-widget elementor-widget-gallery\" data-id=\"6da7609\" data-element_type=\"widget\" data-e-type=\"widget\" data-settings=\"{&quot;gallery_layout&quot;:&quot;masonry&quot;,&quot;lazyload&quot;:&quot;yes&quot;,&quot;columns&quot;:4,&quot;columns_tablet&quot;:2,&quot;columns_mobile&quot;:1,&quot;gap&quot;:{&quot;unit&quot;:&quot;px&quot;,&quot;size&quot;:10,&quot;sizes&quot;:[]},&quot;gap_tablet&quot;:{&quot;unit&quot;:&quot;px&quot;,&quot;size&quot;:10,&quot;sizes&quot;:[]},&quot;gap_mobile&quot;:{&quot;unit&quot;:&quot;px&quot;,&quot;size&quot;:10,&quot;sizes&quot;:[]},&quot;overlay_background&quot;:&quot;yes&quot;,&quot;content_hover_animation&quot;:&quot;fade-in&quot;}\" data-widget_type=\"gallery.default\">\n\t\t\t\t<div class=\"elementor-widget-container\">\n\t\t\t\t\t\t\t<div class=\"elementor-gallery__container\">\n\t\t\t\t\t\t\t<div class=\"e-gallery-item elementor-gallery-item elementor-animated-content\">\n\t\t\t\t\t<div class=\"e-gallery-image elementor-gallery-item__image\" data-thumbnail=\"https:\/\/alisonandreistudio.com\/wp-content\/uploads\/2025\/07\/76955d80-1966-4715-ba5d-cd37cc539144_rw_600.jpg\" data-width=\"600\" data-height=\"827\" aria-label=\"\" role=\"img\" ><\/div>\n\t\t\t\t\t\t\t\t\t\t\t<div class=\"elementor-gallery-item__overlay\"><\/div>\n\t\t\t\t\t\t\t\t\t\t\t\t\t\t<\/div>\n\t\t\t\t\t\t\t<div class=\"e-gallery-item elementor-gallery-item elementor-animated-content\">\n\t\t\t\t\t<div class=\"e-gallery-image elementor-gallery-item__image\" data-thumbnail=\"https:\/\/alisonandreistudio.com\/wp-content\/uploads\/2025\/07\/a674c2e3-bbbc-4440-9ff9-3402f8e575f6_rw_600-1.jpg\" data-width=\"600\" data-height=\"827\" aria-label=\"\" role=\"img\" ><\/div>\n\t\t\t\t\t\t\t\t\t\t\t<div class=\"elementor-gallery-item__overlay\"><\/div>\n\t\t\t\t\t\t\t\t\t\t\t\t\t\t<\/div>\n\t\t\t\t\t\t\t<div class=\"e-gallery-item elementor-gallery-item elementor-animated-content\">\n\t\t\t\t\t<div class=\"e-gallery-image elementor-gallery-item__image\" data-thumbnail=\"https:\/\/alisonandreistudio.com\/wp-content\/uploads\/2025\/07\/e30f1701-9bd3-4893-b1ab-4e184e9c742e_rw_1920.jpg\" data-width=\"726\" data-height=\"1000\" aria-label=\"\" role=\"img\" ><\/div>\n\t\t\t\t\t\t\t\t\t\t\t<div class=\"elementor-gallery-item__overlay\"><\/div>\n\t\t\t\t\t\t\t\t\t\t\t\t\t\t<\/div>\n\t\t\t\t\t\t\t<div class=\"e-gallery-item elementor-gallery-item elementor-animated-content\">\n\t\t\t\t\t<div class=\"e-gallery-image elementor-gallery-item__image\" data-thumbnail=\"https:\/\/alisonandreistudio.com\/wp-content\/uploads\/2025\/07\/ced5779e-cdaa-42b9-a472-21add21cb78f_rw_600.png\" data-width=\"600\" data-height=\"827\" aria-label=\"\" role=\"img\" ><\/div>\n\t\t\t\t\t\t\t\t\t\t\t<div class=\"elementor-gallery-item__overlay\"><\/div>\n\t\t\t\t\t\t\t\t\t\t\t\t\t\t<\/div>\n\t\t\t\t\t<\/div>\n\t\t\t\t\t<\/div>\n\t\t\t\t<\/div>\n\t\t\t\t\t<\/div>\n\t\t\t\t<\/div>\n\t\t<div class=\"elementor-element elementor-element-87e44a2 e-flex e-con-boxed e-con e-parent\" data-id=\"87e44a2\" data-element_type=\"container\" data-e-type=\"container\">\n\t\t\t\t\t<div class=\"e-con-inner\">\n\t\t\t\t<div class=\"elementor-element elementor-element-ac63e82 elementor-widget elementor-widget-text-editor\" data-id=\"ac63e82\" data-element_type=\"widget\" data-e-type=\"widget\" data-widget_type=\"text-editor.default\">\n\t\t\t\t<div class=\"elementor-widget-container\">\n\t\t\t\t\t\t\t\t\t<p data-start=\"2152\" data-end=\"2291\">Ao longo do projeto, produzi uma ampla variedade de ilustra\u00e7\u00f5es aplicadas em cart\u00f5es comerciais, com circula\u00e7\u00e3o no mercado internacional.<\/p><p data-start=\"2298\" data-end=\"2382\">Algumas dessas pe\u00e7as tamb\u00e9m foram utilizadas em materiais institucionais da empresa.<\/p>\t\t\t\t\t\t\t\t<\/div>\n\t\t\t\t<\/div>\n\t\t\t\t<div class=\"elementor-element elementor-element-3934f04 elementor-widget elementor-widget-gallery\" data-id=\"3934f04\" data-element_type=\"widget\" data-e-type=\"widget\" data-settings=\"{&quot;gallery_layout&quot;:&quot;masonry&quot;,&quot;lazyload&quot;:&quot;yes&quot;,&quot;columns&quot;:4,&quot;columns_tablet&quot;:2,&quot;columns_mobile&quot;:1,&quot;gap&quot;:{&quot;unit&quot;:&quot;px&quot;,&quot;size&quot;:10,&quot;sizes&quot;:[]},&quot;gap_tablet&quot;:{&quot;unit&quot;:&quot;px&quot;,&quot;size&quot;:10,&quot;sizes&quot;:[]},&quot;gap_mobile&quot;:{&quot;unit&quot;:&quot;px&quot;,&quot;size&quot;:10,&quot;sizes&quot;:[]},&quot;overlay_background&quot;:&quot;yes&quot;,&quot;content_hover_animation&quot;:&quot;fade-in&quot;}\" data-widget_type=\"gallery.default\">\n\t\t\t\t<div class=\"elementor-widget-container\">\n\t\t\t\t\t\t\t<div class=\"elementor-gallery__container\">\n\t\t\t\t\t\t\t<div class=\"e-gallery-item elementor-gallery-item elementor-animated-content\">\n\t\t\t\t\t<div class=\"e-gallery-image elementor-gallery-item__image\" data-thumbnail=\"https:\/\/alisonandreistudio.com\/wp-content\/uploads\/2025\/07\/7824382f-7781-4f35-a785-8fbbe9dbae06_rw_1200.png\" data-width=\"612\" data-height=\"850\" aria-label=\"\" role=\"img\" ><\/div>\n\t\t\t\t\t\t\t\t\t\t\t<div class=\"elementor-gallery-item__overlay\"><\/div>\n\t\t\t\t\t\t\t\t\t\t\t\t\t\t<\/div>\n\t\t\t\t\t\t\t<div class=\"e-gallery-item elementor-gallery-item elementor-animated-content\">\n\t\t\t\t\t<div class=\"e-gallery-image elementor-gallery-item__image\" data-thumbnail=\"https:\/\/alisonandreistudio.com\/wp-content\/uploads\/2025\/07\/28cc0b96-910e-4deb-a3c1-a5f7a25da8fb_rw_1200.png\" data-width=\"612\" data-height=\"850\" aria-label=\"\" role=\"img\" ><\/div>\n\t\t\t\t\t\t\t\t\t\t\t<div class=\"elementor-gallery-item__overlay\"><\/div>\n\t\t\t\t\t\t\t\t\t\t\t\t\t\t<\/div>\n\t\t\t\t\t\t\t<div class=\"e-gallery-item elementor-gallery-item elementor-animated-content\">\n\t\t\t\t\t<div class=\"e-gallery-image elementor-gallery-item__image\" data-thumbnail=\"https:\/\/alisonandreistudio.com\/wp-content\/uploads\/2025\/07\/27d7a065-f02c-48ed-bc93-d514ece20e04_rw_1200.jpg\" data-width=\"594\" data-height=\"648\" aria-label=\"\" role=\"img\" ><\/div>\n\t\t\t\t\t\t\t\t\t\t\t<div class=\"elementor-gallery-item__overlay\"><\/div>\n\t\t\t\t\t\t\t\t\t\t\t\t\t\t<\/div>\n\t\t\t\t\t\t\t<div class=\"e-gallery-item elementor-gallery-item elementor-animated-content\">\n\t\t\t\t\t<div class=\"e-gallery-image elementor-gallery-item__image\" data-thumbnail=\"https:\/\/alisonandreistudio.com\/wp-content\/uploads\/2026\/04\/bc3a5e81-5f15-4060-a7e5-63fb3b212f1e_rw_1200.jpg\" data-width=\"594\" data-height=\"648\" aria-label=\"\" role=\"img\" ><\/div>\n\t\t\t\t\t\t\t\t\t\t\t<div class=\"elementor-gallery-item__overlay\"><\/div>\n\t\t\t\t\t\t\t\t\t\t\t\t\t\t<\/div>\n\t\t\t\t\t<\/div>\n\t\t\t\t\t<\/div>\n\t\t\t\t<\/div>\n\t\t\t\t\t<\/div>\n\t\t\t\t<\/div>\n\t\t\t\t<\/div>","protected":false},"excerpt":{"rendered":"<p>Em 2021, passei a integrar o time da FoxDog Greeting Cards, empresa sediada em Las Vegas (EUA), especializada na cria\u00e7\u00e3o de cart\u00f5es comemorativos para o mercado internacional. Atuei na cria\u00e7\u00e3o e ilustra\u00e7\u00e3o de diversos produtos, desenvolvendo pe\u00e7as para diferentes ocasi\u00f5es, p\u00fablicos e estilos visuais. O projeto exigia versatilidade criativa, leitura r\u00e1pida de briefing e adapta\u00e7\u00e3o [&hellip;]<\/p>","protected":false},"author":1,"featured_media":1480,"parent":0,"menu_order":0,"comment_status":"closed","ping_status":"closed","template":"","meta":{"footnotes":""},"class_list":["post-1478","page","type-page","status-publish","has-post-thumbnail","hentry"],"_links":{"self":[{"href":"https:\/\/alisonandreistudio.com\/en\/wp-json\/wp\/v2\/pages\/1478","targetHints":{"allow":["GET"]}}],"collection":[{"href":"https:\/\/alisonandreistudio.com\/en\/wp-json\/wp\/v2\/pages"}],"about":[{"href":"https:\/\/alisonandreistudio.com\/en\/wp-json\/wp\/v2\/types\/page"}],"author":[{"embeddable":true,"href":"https:\/\/alisonandreistudio.com\/en\/wp-json\/wp\/v2\/users\/1"}],"replies":[{"embeddable":true,"href":"https:\/\/alisonandreistudio.com\/en\/wp-json\/wp\/v2\/comments?post=1478"}],"version-history":[{"count":7,"href":"https:\/\/alisonandreistudio.com\/en\/wp-json\/wp\/v2\/pages\/1478\/revisions"}],"predecessor-version":[{"id":2320,"href":"https:\/\/alisonandreistudio.com\/en\/wp-json\/wp\/v2\/pages\/1478\/revisions\/2320"}],"wp:featuredmedia":[{"embeddable":true,"href":"https:\/\/alisonandreistudio.com\/en\/wp-json\/wp\/v2\/media\/1480"}],"wp:attachment":[{"href":"https:\/\/alisonandreistudio.com\/en\/wp-json\/wp\/v2\/media?parent=1478"}],"curies":[{"name":"wp","href":"https:\/\/api.w.org\/{rel}","templated":true}]}}